{"id":3262,"date":"2021-07-29T20:28:54","date_gmt":"2021-07-29T20:28:54","guid":{"rendered":"https:\/\/www.megaglass.com.mx\/blog\/?page_id=3262"},"modified":"2021-07-29T20:28:55","modified_gmt":"2021-07-29T20:28:55","slug":"vidrios-a-medida","status":"publish","type":"page","link":"https:\/\/www.megaglass.com.mx\/blog\/vidrios-a-medida\/","title":{"rendered":"Vidrios a medida"},"content":{"rendered":"\n<div class=\"wp-block-cover has-background-dim-70 has-background-dim alignfull\" style=\"background-color:#001f5b;min-height:300px;aspect-ratio:unset;\"><img loading=\"lazy\" decoding=\"async\" width=\"1500\" height=\"300\" class=\"wp-block-cover__image-background wp-image-3282\" alt=\"\" src=\"https:\/\/www.megaglass.com.mx\/blog\/wp-content\/uploads\/2021\/07\/vidrios-a-medida.jpg\" data-object-fit=\"cover\" srcset=\"https:\/\/www.megaglass.com.mx\/blog\/wp-content\/uploads\/2021\/07\/vidrios-a-medida.jpg 1500w, https:\/\/www.megaglass.com.mx\/blog\/wp-content\/uploads\/2021\/07\/vidrios-a-medida-150x30.jpg 150w, https:\/\/www.megaglass.com.mx\/blog\/wp-content\/uploads\/2021\/07\/vidrios-a-medida-1024x205.jpg 1024w, https:\/\/www.megaglass.com.mx\/blog\/wp-content\/uploads\/2021\/07\/vidrios-a-medida-768x154.jpg 768w\" sizes=\"auto, (max-width: 1500px) 100vw, 1500px\" \/><div class=\"wp-block-cover__inner-container is-layout-flow wp-block-cover-is-layout-flow\">\n<h1 class=\"wp-block-heading\"><span class=\"ez-toc-section\" id=\"Vidrios_a_medida\"><\/span>Vidrios a medida<span class=\"ez-toc-section-end\"><\/span><\/h1><div id=\"ez-toc-container\" class=\"ez-toc-v2_0_16 counter-hierarchy counter-decimal ez-toc-transparent\">\n<div class=\"ez-toc-title-container\">\n<p class=\"ez-toc-title\">&Iacute;ndice<\/p>\n<span class=\"ez-toc-title-toggle\"><a class=\"ez-toc-pull-right ez-toc-btn ez-toc-btn-xs ez-toc-btn-default ez-toc-toggle\" style=\"display: none;\"><i class=\"ez-toc-glyphicon ez-toc-icon-toggle\"><\/i><\/a><\/span><\/div>\n<nav><ul class=\"ez-toc-list ez-toc-list-level-1\"><li class=\"ez-toc-page-1 ez-toc-heading-level-1\"><a class=\"ez-toc-link ez-toc-heading-1\" href=\"https:\/\/www.megaglass.com.mx\/blog\/vidrios-a-medida\/#Vidrios_a_medida\" title=\"Vidrios a medida\">Vidrios a medida<\/a><ul class=\"ez-toc-list-level-2\"><li class=\"ez-toc-heading-level-2\"><a class=\"ez-toc-link ez-toc-heading-2\" href=\"https:\/\/www.megaglass.com.mx\/blog\/vidrios-a-medida\/#%C2%BFNo_sabes_cual_vidrio_elegir_para_tu_proyecto\" title=\"\u00bfNo sabes cu\u00e1l vidrio elegir para tu proyecto?\">\u00bfNo sabes cu\u00e1l vidrio elegir para tu proyecto?<\/a><ul class=\"ez-toc-list-level-3\"><li class=\"ez-toc-heading-level-3\"><a class=\"ez-toc-link ez-toc-heading-3\" href=\"https:\/\/www.megaglass.com.mx\/blog\/vidrios-a-medida\/#Consejos_para_elegir_vidrio_a_medida\" title=\"Consejos para elegir vidrio a medida\">Consejos para elegir vidrio a medida<\/a><\/li><\/ul><\/li><li class=\"ez-toc-page-1 ez-toc-heading-level-2\"><a class=\"ez-toc-link ez-toc-heading-4\" href=\"https:\/\/www.megaglass.com.mx\/blog\/vidrios-a-medida\/#Tipos_de_vidrios_cortados_a_medida\" title=\"Tipos de vidrios cortados a medida\">Tipos de vidrios cortados a medida<\/a><ul class=\"ez-toc-list-level-3\"><li class=\"ez-toc-heading-level-3\"><a class=\"ez-toc-link ez-toc-heading-5\" href=\"https:\/\/www.megaglass.com.mx\/blog\/vidrios-a-medida\/#Vidrio_monolitico\" title=\"Vidrio monol\u00edtico\">Vidrio monol\u00edtico<\/a><\/li><li class=\"ez-toc-page-1 ez-toc-heading-level-3\"><a class=\"ez-toc-link ez-toc-heading-6\" href=\"https:\/\/www.megaglass.com.mx\/blog\/vidrios-a-medida\/#Vidrio_templado\" title=\"Vidrio templado\">Vidrio templado<\/a><\/li><li class=\"ez-toc-page-1 ez-toc-heading-level-3\"><a class=\"ez-toc-link ez-toc-heading-7\" href=\"https:\/\/www.megaglass.com.mx\/blog\/vidrios-a-medida\/#Vidrio_laminado\" title=\"Vidrio laminado\">Vidrio laminado<\/a><\/li><li class=\"ez-toc-page-1 ez-toc-heading-level-3\"><a class=\"ez-toc-link ez-toc-heading-8\" href=\"https:\/\/www.megaglass.com.mx\/blog\/vidrios-a-medida\/#Vidrio_esmerilado\" title=\"Vidrio esmerilado\">Vidrio esmerilado<\/a><\/li><li class=\"ez-toc-page-1 ez-toc-heading-level-3\"><a class=\"ez-toc-link ez-toc-heading-9\" href=\"https:\/\/www.megaglass.com.mx\/blog\/vidrios-a-medida\/#Vidrio_insulado\" title=\"Vidrio insulado\">Vidrio insulado<\/a><\/li><li class=\"ez-toc-page-1 ez-toc-heading-level-3\"><a class=\"ez-toc-link ez-toc-heading-10\" href=\"https:\/\/www.megaglass.com.mx\/blog\/vidrios-a-medida\/#Vidrio_curvo\" title=\"Vidrio curvo\">Vidrio curvo<\/a><\/li><li class=\"ez-toc-page-1 ez-toc-heading-level-3\"><a class=\"ez-toc-link ez-toc-heading-11\" href=\"https:\/\/www.megaglass.com.mx\/blog\/vidrios-a-medida\/#Vidrio_con_impresion_digital\" title=\"Vidrio con impresi\u00f3n digital\">Vidrio con impresi\u00f3n digital<\/a><\/li><\/ul><\/li><li class=\"ez-toc-page-1 ez-toc-heading-level-2\"><a class=\"ez-toc-link ez-toc-heading-12\" href=\"https:\/\/www.megaglass.com.mx\/blog\/vidrios-a-medida\/#Vidrios_de_calidad_para_tu_proyecto\" title=\"Vidrios de calidad para tu proyecto\">Vidrios de calidad para tu proyecto<\/a><\/li><li class=\"ez-toc-page-1 ez-toc-heading-level-2\"><a class=\"ez-toc-link ez-toc-heading-13\" href=\"https:\/\/www.megaglass.com.mx\/blog\/vidrios-a-medida\/#%C2%BFNecesitas_una_cotizacion_o_asesoria\" title=\"\u00bfNecesitas una cotizaci\u00f3n o asesor\u00eda?\">\u00bfNecesitas una cotizaci\u00f3n o asesor\u00eda?<\/a><\/li><\/ul><\/li><\/ul><\/nav><\/div>\n\n<\/div><\/div>\n\n\n\n<p>Megaglass es una empresa dedicada a la transformaci\u00f3n del vidrio, que te ofrece vidrio plano y curvo cortado a la medida de tu proyecto adem\u00e1s de contar con los accesorios y servicios necesarios para instalar cada tipo de vidrio. Esto con el prop\u00f3sito de ayudarte a simplificar tu trabajo para que puedas incorporar el vidrio en tu proyecto, con la intenci\u00f3n de ahorrarte tiempo y dinero.&nbsp;<\/p>\n\n\n\n<p>Si tienes proyectos en desarrollo podemos asesorarte con la Ingenier\u00eda y montaje de fachadas de vidrio y aluminio as\u00ed como canceler\u00eda de todo tipo. Gestionamos incluso proyectos monumentales como aeropuertos, edificaci\u00f3n vertical, proyectos comerciales, usos mixtos, y residenciales, entre otros m\u00e1s.<\/p>\n\n\n\n<h2 class=\"wp-block-heading\"><span class=\"ez-toc-section\" id=\"%C2%BFNo_sabes_cual_vidrio_elegir_para_tu_proyecto\"><\/span>\u00bfNo sabes cu\u00e1l vidrio elegir para tu proyecto?<span class=\"ez-toc-section-end\"><\/span><\/h2>\n\n\n\n<div class=\"wp-block-image\"><figure class=\"aligncenter size-large\"><img loading=\"lazy\" decoding=\"async\" width=\"800\" height=\"400\" src=\"https:\/\/www.megaglass.com.mx\/blog\/wp-content\/uploads\/2021\/07\/cristal-a-la-medida.jpg\" alt=\"\" class=\"wp-image-3283\" srcset=\"https:\/\/www.megaglass.com.mx\/blog\/wp-content\/uploads\/2021\/07\/cristal-a-la-medida.jpg 800w, https:\/\/www.megaglass.com.mx\/blog\/wp-content\/uploads\/2021\/07\/cristal-a-la-medida-150x75.jpg 150w, https:\/\/www.megaglass.com.mx\/blog\/wp-content\/uploads\/2021\/07\/cristal-a-la-medida-768x384.jpg 768w\" sizes=\"auto, (max-width: 800px) 100vw, 800px\" \/><\/figure><\/div>\n\n\n\n<p>Si estas por remodelar o iniciar un nuevo proyecto y a\u00fan no est\u00e1s seguro del tipo de vidrio que necesitas, nuestro equipo de colaboradores est\u00e1 listo para ayudarte y asesorarte a determinar qu\u00e9 tipo de vidrio es adecuado para ti y tus espacios.<\/p>\n\n\n\n<p>En el mercado existe una vasta gama de cristales ya sean tanto de uso residencial como corporativo, como empresa comprometida con la calidad y excelencia trabajamos de la mano con las diferentes marcas en el mercado como: Vitro, Guardian Glass, Saint Gobaint, AGC Glass, para as\u00ed poderte otorgar un vidrio de excelencia.<\/p>\n\n\n\n<p>Como garant\u00eda de nuestra calidad, nuestra empresa se encuentra siendo auditada constantemente, as\u00ed mismo nos regimos de normas tanto nacionales como internacionales, esto con la finalidad de otorgarte vidrios con una excelente calidad y servicio, puedes checar nuestras certificaciones en el siguiente link: <a href=\"https:\/\/www.megaglass.com.mx\/es\/certificaciones.php\" target=\"_blank\" rel=\"noreferrer noopener\">https:\/\/www.megaglass.com.mx\/es\/certificaciones.php<\/a><\/p>\n\n\n\n<h3 class=\"wp-block-heading\"><span class=\"ez-toc-section\" id=\"Consejos_para_elegir_vidrio_a_medida\"><\/span>Consejos para elegir vidrio a medida<span class=\"ez-toc-section-end\"><\/span><\/h3>\n\n\n\n<div class=\"wp-block-image\"><figure class=\"aligncenter size-large\"><img loading=\"lazy\" decoding=\"async\" width=\"800\" height=\"400\" src=\"https:\/\/www.megaglass.com.mx\/blog\/wp-content\/uploads\/2021\/07\/vidrio-cortado-a-medida.jpg\" alt=\"\" class=\"wp-image-3284\" srcset=\"https:\/\/www.megaglass.com.mx\/blog\/wp-content\/uploads\/2021\/07\/vidrio-cortado-a-medida.jpg 800w, https:\/\/www.megaglass.com.mx\/blog\/wp-content\/uploads\/2021\/07\/vidrio-cortado-a-medida-150x75.jpg 150w, https:\/\/www.megaglass.com.mx\/blog\/wp-content\/uploads\/2021\/07\/vidrio-cortado-a-medida-768x384.jpg 768w\" sizes=\"auto, (max-width: 800px) 100vw, 800px\" \/><\/figure><\/div>\n\n\n\n<p>Es importante que tengas claro que beneficios te pude otorgar el vidrio en tus proyectos, ya sea que requieras alg\u00fan tipo de decoraci\u00f3n en tu hogar, negocio u oficina, as\u00ed mismo si tienes un proyecto monumental tomar en cuenta factores como la seguridad, confort t\u00e9rmico, ac\u00fastico&nbsp; y lum\u00ednico, as\u00ed como el beneficio en el ahorro econ\u00f3mico.<\/p>\n\n\n\n<p>Elegir un vidrio eficiente tambi\u00e9n se enfoca en determinar las condiciones clim\u00e1ticas en las cuales tu proyecto se encuentra, ya que en funci\u00f3n de lo que necesitas se basa la elecci\u00f3n del vidrio, quiz\u00e1 dentro de tus necesidades quieras reducir el calor del verano o el frio del invierno para ello te podemos recomendar un vidrio insulado que gracias a su composici\u00f3n te ayuda a reducir tus recibos de calefacci\u00f3n o aire acondicionado.<\/p>\n\n\n\n<p>Puede ser que lo que busques es seguridad frente alg\u00fan tipo de vandalismo o frente alg\u00fan clima extremo como huracanes, o quiz\u00e1 busques tranquilidad dentro de tus espacios, aisl\u00e1ndote del ruido exterior.&nbsp;<\/p>\n\n\n\n<h2 class=\"wp-block-heading\"><span class=\"ez-toc-section\" id=\"Tipos_de_vidrios_cortados_a_medida\"><\/span>Tipos de vidrios cortados a medida<span class=\"ez-toc-section-end\"><\/span><\/h2>\n\n\n\n<p>En Megaglass te ofrecemos distintos tipos de vidrios cortados a medida para que puedas desarrollar cualquier proyecto y satisfacer todos los requerimientos o necesidades que tengas<\/p>\n\n\n\n<div class=\"wp-block-columns is-layout-flex wp-container-core-columns-is-layout-9d6595d7 wp-block-columns-is-layout-flex\">\n<div class=\"wp-block-column is-layout-flow wp-block-column-is-layout-flow\">\n<h3 class=\"has-text-align-center wp-block-heading\"><span class=\"ez-toc-section\" id=\"Vidrio_monolitico\"><\/span>Vidrio monol\u00edtico<span class=\"ez-toc-section-end\"><\/span><\/h3>\n\n\n\n<div class=\"wp-block-image\"><figure class=\"aligncenter size-large\"><img loading=\"lazy\" decoding=\"async\" width=\"400\" height=\"400\" src=\"https:\/\/www.megaglass.com.mx\/blog\/wp-content\/uploads\/2021\/07\/vidrio-monolitico-a-medida.jpg\" alt=\"\" class=\"wp-image-3285\" srcset=\"https:\/\/www.megaglass.com.mx\/blog\/wp-content\/uploads\/2021\/07\/vidrio-monolitico-a-medida.jpg 400w, https:\/\/www.megaglass.com.mx\/blog\/wp-content\/uploads\/2021\/07\/vidrio-monolitico-a-medida-150x150.jpg 150w\" sizes=\"auto, (max-width: 400px) 100vw, 400px\" \/><\/figure><\/div>\n<\/div>\n\n\n\n<div class=\"wp-block-column is-layout-flow wp-block-column-is-layout-flow\">\n<h3 class=\"has-text-align-center wp-block-heading\"><span class=\"ez-toc-section\" id=\"Vidrio_templado\"><\/span>Vidrio templado<span class=\"ez-toc-section-end\"><\/span><\/h3>\n\n\n\n<figure class=\"wp-block-image size-large\"><img loading=\"lazy\" decoding=\"async\" width=\"400\" height=\"400\" src=\"https:\/\/www.megaglass.com.mx\/blog\/wp-content\/uploads\/2021\/07\/vidrio-templado-a-medida.jpg\" alt=\"\" class=\"wp-image-3292\" srcset=\"https:\/\/www.megaglass.com.mx\/blog\/wp-content\/uploads\/2021\/07\/vidrio-templado-a-medida.jpg 400w, https:\/\/www.megaglass.com.mx\/blog\/wp-content\/uploads\/2021\/07\/vidrio-templado-a-medida-150x150.jpg 150w\" sizes=\"auto, (max-width: 400px) 100vw, 400px\" \/><\/figure>\n<\/div>\n\n\n\n<div class=\"wp-block-column is-layout-flow wp-block-column-is-layout-flow\">\n<h3 class=\"has-text-align-center wp-block-heading\"><span class=\"ez-toc-section\" id=\"Vidrio_laminado\"><\/span>Vidrio laminado<span class=\"ez-toc-section-end\"><\/span><\/h3>\n\n\n\n<div class=\"wp-block-image\"><figure class=\"aligncenter size-large\"><img loading=\"lazy\" decoding=\"async\" width=\"400\" height=\"400\" src=\"https:\/\/www.megaglass.com.mx\/blog\/wp-content\/uploads\/2021\/07\/vidrio-laminado-a-medida.jpg\" alt=\"\" class=\"wp-image-3286\" srcset=\"https:\/\/www.megaglass.com.mx\/blog\/wp-content\/uploads\/2021\/07\/vidrio-laminado-a-medida.jpg 400w, https:\/\/www.megaglass.com.mx\/blog\/wp-content\/uploads\/2021\/07\/vidrio-laminado-a-medida-150x150.jpg 150w\" sizes=\"auto, (max-width: 400px) 100vw, 400px\" \/><\/figure><\/div>\n<\/div>\n<\/div>\n\n\n\n<div class=\"wp-block-columns is-layout-flex wp-container-core-columns-is-layout-9d6595d7 wp-block-columns-is-layout-flex\">\n<div class=\"wp-block-column is-layout-flow wp-block-column-is-layout-flow\">\n<h3 class=\"has-text-align-center wp-block-heading\"><span class=\"ez-toc-section\" id=\"Vidrio_esmerilado\"><\/span>Vidrio esmerilado<span class=\"ez-toc-section-end\"><\/span><\/h3>\n\n\n\n<div class=\"wp-block-image\"><figure class=\"aligncenter size-large\"><img loading=\"lazy\" decoding=\"async\" width=\"400\" height=\"400\" src=\"https:\/\/www.megaglass.com.mx\/blog\/wp-content\/uploads\/2021\/07\/vidrio-esmerilado-a-medida.jpg\" alt=\"\" class=\"wp-image-3287\" srcset=\"https:\/\/www.megaglass.com.mx\/blog\/wp-content\/uploads\/2021\/07\/vidrio-esmerilado-a-medida.jpg 400w, https:\/\/www.megaglass.com.mx\/blog\/wp-content\/uploads\/2021\/07\/vidrio-esmerilado-a-medida-150x150.jpg 150w\" sizes=\"auto, (max-width: 400px) 100vw, 400px\" \/><\/figure><\/div>\n<\/div>\n\n\n\n<div class=\"wp-block-column is-layout-flow wp-block-column-is-layout-flow\">\n<h3 class=\"has-text-align-center wp-block-heading\"><span class=\"ez-toc-section\" id=\"Vidrio_insulado\"><\/span>Vidrio insulado<span class=\"ez-toc-section-end\"><\/span><\/h3>\n\n\n\n<div class=\"wp-block-image\"><figure class=\"aligncenter size-large\"><img loading=\"lazy\" decoding=\"async\" width=\"400\" height=\"400\" src=\"https:\/\/www.megaglass.com.mx\/blog\/wp-content\/uploads\/2021\/07\/vidrio-insulado-a-medida.jpg\" alt=\"\" class=\"wp-image-3288\" srcset=\"https:\/\/www.megaglass.com.mx\/blog\/wp-content\/uploads\/2021\/07\/vidrio-insulado-a-medida.jpg 400w, https:\/\/www.megaglass.com.mx\/blog\/wp-content\/uploads\/2021\/07\/vidrio-insulado-a-medida-150x150.jpg 150w\" sizes=\"auto, (max-width: 400px) 100vw, 400px\" \/><\/figure><\/div>\n<\/div>\n\n\n\n<div class=\"wp-block-column is-layout-flow wp-block-column-is-layout-flow\">\n<h3 class=\"has-text-align-center wp-block-heading\"><span class=\"ez-toc-section\" id=\"Vidrio_curvo\"><\/span>Vidrio curvo<span class=\"ez-toc-section-end\"><\/span><\/h3>\n\n\n\n<div class=\"wp-block-image\"><figure class=\"aligncenter size-large\"><img loading=\"lazy\" decoding=\"async\" width=\"400\" height=\"400\" src=\"https:\/\/www.megaglass.com.mx\/blog\/wp-content\/uploads\/2021\/07\/vidrio-curvo-a-medida.jpg\" alt=\"\" class=\"wp-image-3290\" srcset=\"https:\/\/www.megaglass.com.mx\/blog\/wp-content\/uploads\/2021\/07\/vidrio-curvo-a-medida.jpg 400w, https:\/\/www.megaglass.com.mx\/blog\/wp-content\/uploads\/2021\/07\/vidrio-curvo-a-medida-150x150.jpg 150w\" sizes=\"auto, (max-width: 400px) 100vw, 400px\" \/><\/figure><\/div>\n<\/div>\n<\/div>\n\n\n\n<div class=\"wp-block-columns is-layout-flex wp-container-core-columns-is-layout-9d6595d7 wp-block-columns-is-layout-flex\">\n<div class=\"wp-block-column is-layout-flow wp-block-column-is-layout-flow\"><\/div>\n\n\n\n<div class=\"wp-block-column is-layout-flow wp-block-column-is-layout-flow\">\n<h3 class=\"has-text-align-center wp-block-heading\"><span class=\"ez-toc-section\" id=\"Vidrio_con_impresion_digital\"><\/span>Vidrio con impresi\u00f3n digital<span class=\"ez-toc-section-end\"><\/span><\/h3>\n\n\n\n<div class=\"wp-block-image\"><figure class=\"aligncenter size-large\"><img loading=\"lazy\" decoding=\"async\" width=\"400\" height=\"400\" src=\"https:\/\/www.megaglass.com.mx\/blog\/wp-content\/uploads\/2021\/07\/vidrio-de-impresion-digital-a-medida.jpg\" alt=\"\" class=\"wp-image-3291\" srcset=\"https:\/\/www.megaglass.com.mx\/blog\/wp-content\/uploads\/2021\/07\/vidrio-de-impresion-digital-a-medida.jpg 400w, https:\/\/www.megaglass.com.mx\/blog\/wp-content\/uploads\/2021\/07\/vidrio-de-impresion-digital-a-medida-150x150.jpg 150w\" sizes=\"auto, (max-width: 400px) 100vw, 400px\" \/><\/figure><\/div>\n<\/div>\n\n\n\n<div class=\"wp-block-column is-layout-flow wp-block-column-is-layout-flow\"><\/div>\n<\/div>\n\n\n\n<h2 class=\"wp-block-heading\"><span class=\"ez-toc-section\" id=\"Vidrios_de_calidad_para_tu_proyecto\"><\/span>Vidrios de calidad para tu proyecto<span class=\"ez-toc-section-end\"><\/span><\/h2>\n\n\n\n<p>En Megaglass contamos con vidrios de un espesor desde 4mm hasta 19 mm, los cuales cumple plenamente con los requisitos arquitect\u00f3nicos, decorativos y funcionales, as\u00ed como con otras aplicaciones que requieran vidrio de alta calidad que se adapta a tus necesidades.<\/p>\n\n\n\n<p>Contamos con una variedad de l\u00edneas de producci\u00f3n y templado, as\u00ed como maquinaria de procesamiento, infraestructura y una s\u00f3lida base de capital humano, brindando servicios y productos que est\u00e1n sujetos a normativas de calidad nacionales e internacionales.<\/p>\n\n\n\n<h2 class=\"has-text-align-center wp-block-heading\"><span class=\"ez-toc-section\" id=\"%C2%BFNecesitas_una_cotizacion_o_asesoria\"><\/span>\u00bfNecesitas una cotizaci\u00f3n o asesor\u00eda?<span class=\"ez-toc-section-end\"><\/span><\/h2>\n\n\n\n<div class=\"wp-block-buttons alignfull is-content-justification-center is-layout-flex wp-block-buttons-is-layout-flex\">\n<div class=\"wp-block-button\"><a class=\"wp-block-button__link\" href=\"https:\/\/www.megaglass.com.mx\/es\/contacto.php\" target=\"_blank\" rel=\"noreferrer noopener\"><strong>Solicitar Asesor\u00eda o Cotizaci\u00f3n<\/strong><\/a><\/div>\n<\/div>\n","protected":false},"excerpt":{"rendered":"<p>Megaglass es una empresa dedicada a la transformaci\u00f3n del vidrio, que te ofrece vidrio plano y curvo cortado a la medida de tu proyecto adem\u00e1s de contar con los accesorios y servicios necesarios para instalar cada tipo de vidrio. Esto con el prop\u00f3sito de ayudarte a simplificar tu trabajo para que puedas incorporar el vidrio &hellip;<\/p>\n<p class=\"read-more\"> <a class=\"\" href=\"https:\/\/www.megaglass.com.mx\/blog\/vidrios-a-medida\/\"> <span class=\"screen-reader-text\">Vidrios a medida<\/span> Leer m\u00e1s &raquo;<\/a><\/p>\n","protected":false},"author":1,"featured_media":3294,"parent":0,"menu_order":0,"comment_status":"closed","ping_status":"closed","template":"","meta":{"search_volume":1600,"footnotes":""},"interlinks":[4],"class_list":["post-3262","page","type-page","status-publish","has-post-thumbnail","hentry"],"yoast_head":"<!-- This site is optimized with the Yoast SEO plugin v19.5.1 - https:\/\/yoast.com\/wordpress\/plugins\/seo\/ -->\n<title>\u25b7\u3010 Vidrios a medida \u3011\u2713- Megaglass \u00ae<\/title>\n<meta name=\"robots\" content=\"index, follow, max-snippet:-1, max-image-preview:large, max-video-preview:-1\" \/>\n<link rel=\"canonical\" href=\"https:\/\/www.megaglass.com.mx\/blog\/vidrios-a-medida\/\" \/>\n<meta property=\"og:locale\" content=\"es_ES\" \/>\n<meta property=\"og:type\" content=\"article\" \/>\n<meta property=\"og:title\" content=\"\u25b7\u3010 Vidrios a medida \u3011\u2713- Megaglass \u00ae\" \/>\n<meta property=\"og:description\" content=\"Megaglass es una empresa dedicada a la transformaci\u00f3n del vidrio, que te ofrece vidrio plano y curvo cortado a la medida de tu proyecto adem\u00e1s de contar con los accesorios y servicios necesarios para instalar cada tipo de vidrio. Esto con el prop\u00f3sito de ayudarte a simplificar tu trabajo para que puedas incorporar el vidrio &hellip; Vidrios a medida Leer m\u00e1s &raquo;\" \/>\n<meta property=\"og:url\" content=\"https:\/\/www.megaglass.com.mx\/blog\/vidrios-a-medida\/\" \/>\n<meta property=\"og:site_name\" content=\"Megaglass\" \/>\n<meta property=\"article:modified_time\" content=\"2021-07-29T20:28:55+00:00\" \/>\n<meta property=\"og:image\" content=\"https:\/\/www.megaglass.com.mx\/blog\/wp-content\/uploads\/2021\/07\/vidrio-a-medida.jpg\" \/>\n\t<meta property=\"og:image:width\" content=\"300\" \/>\n\t<meta property=\"og:image:height\" content=\"150\" \/>\n\t<meta property=\"og:image:type\" content=\"image\/jpeg\" \/>\n<meta name=\"twitter:card\" content=\"summary_large_image\" \/>\n<meta name=\"twitter:label1\" content=\"Tiempo de lectura\" \/>\n\t<meta name=\"twitter:data1\" content=\"5 minutos\" \/>\n<script type=\"application\/ld+json\" class=\"yoast-schema-graph\">{\"@context\":\"https:\/\/schema.org\",\"@graph\":[{\"@type\":\"WebPage\",\"@id\":\"https:\/\/www.megaglass.com.mx\/blog\/vidrios-a-medida\/\",\"url\":\"https:\/\/www.megaglass.com.mx\/blog\/vidrios-a-medida\/\",\"name\":\"\u25b7\u3010 Vidrios a medida \u3011\u2713- Megaglass \u00ae\",\"isPartOf\":{\"@id\":\"https:\/\/www.megaglass.com.mx\/blog\/#website\"},\"datePublished\":\"2021-07-29T20:28:54+00:00\",\"dateModified\":\"2021-07-29T20:28:55+00:00\",\"breadcrumb\":{\"@id\":\"https:\/\/www.megaglass.com.mx\/blog\/vidrios-a-medida\/#breadcrumb\"},\"inLanguage\":\"es\",\"potentialAction\":[{\"@type\":\"ReadAction\",\"target\":[\"https:\/\/www.megaglass.com.mx\/blog\/vidrios-a-medida\/\"]}]},{\"@type\":\"BreadcrumbList\",\"@id\":\"https:\/\/www.megaglass.com.mx\/blog\/vidrios-a-medida\/#breadcrumb\",\"itemListElement\":[{\"@type\":\"ListItem\",\"position\":1,\"name\":\"Portada\",\"item\":\"https:\/\/www.megaglass.com.mx\/blog\/\"},{\"@type\":\"ListItem\",\"position\":2,\"name\":\"Vidrios a medida\"}]},{\"@type\":\"WebSite\",\"@id\":\"https:\/\/www.megaglass.com.mx\/blog\/#website\",\"url\":\"https:\/\/www.megaglass.com.mx\/blog\/\",\"name\":\"Megaglass\",\"description\":\"vidrio de alto performance\",\"potentialAction\":[{\"@type\":\"SearchAction\",\"target\":{\"@type\":\"EntryPoint\",\"urlTemplate\":\"https:\/\/www.megaglass.com.mx\/blog\/?s={search_term_string}\"},\"query-input\":\"required name=search_term_string\"}],\"inLanguage\":\"es\"}]}<\/script>\n<!-- \/ Yoast SEO plugin. -->","yoast_head_json":{"title":"\u25b7\u3010 Vidrios a medida \u3011\u2713- Megaglass \u00ae","robots":{"index":"index","follow":"follow","max-snippet":"max-snippet:-1","max-image-preview":"max-image-preview:large","max-video-preview":"max-video-preview:-1"},"canonical":"https:\/\/www.megaglass.com.mx\/blog\/vidrios-a-medida\/","og_locale":"es_ES","og_type":"article","og_title":"\u25b7\u3010 Vidrios a medida \u3011\u2713- Megaglass \u00ae","og_description":"Megaglass es una empresa dedicada a la transformaci\u00f3n del vidrio, que te ofrece vidrio plano y curvo cortado a la medida de tu proyecto adem\u00e1s de contar con los accesorios y servicios necesarios para instalar cada tipo de vidrio. Esto con el prop\u00f3sito de ayudarte a simplificar tu trabajo para que puedas incorporar el vidrio &hellip; Vidrios a medida Leer m\u00e1s &raquo;","og_url":"https:\/\/www.megaglass.com.mx\/blog\/vidrios-a-medida\/","og_site_name":"Megaglass","article_modified_time":"2021-07-29T20:28:55+00:00","og_image":[{"width":300,"height":150,"url":"https:\/\/www.megaglass.com.mx\/blog\/wp-content\/uploads\/2021\/07\/vidrio-a-medida.jpg","type":"image\/jpeg"}],"twitter_card":"summary_large_image","twitter_misc":{"Tiempo de lectura":"5 minutos"},"schema":{"@context":"https:\/\/schema.org","@graph":[{"@type":"WebPage","@id":"https:\/\/www.megaglass.com.mx\/blog\/vidrios-a-medida\/","url":"https:\/\/www.megaglass.com.mx\/blog\/vidrios-a-medida\/","name":"\u25b7\u3010 Vidrios a medida \u3011\u2713- Megaglass \u00ae","isPartOf":{"@id":"https:\/\/www.megaglass.com.mx\/blog\/#website"},"datePublished":"2021-07-29T20:28:54+00:00","dateModified":"2021-07-29T20:28:55+00:00","breadcrumb":{"@id":"https:\/\/www.megaglass.com.mx\/blog\/vidrios-a-medida\/#breadcrumb"},"inLanguage":"es","potentialAction":[{"@type":"ReadAction","target":["https:\/\/www.megaglass.com.mx\/blog\/vidrios-a-medida\/"]}]},{"@type":"BreadcrumbList","@id":"https:\/\/www.megaglass.com.mx\/blog\/vidrios-a-medida\/#breadcrumb","itemListElement":[{"@type":"ListItem","position":1,"name":"Portada","item":"https:\/\/www.megaglass.com.mx\/blog\/"},{"@type":"ListItem","position":2,"name":"Vidrios a medida"}]},{"@type":"WebSite","@id":"https:\/\/www.megaglass.com.mx\/blog\/#website","url":"https:\/\/www.megaglass.com.mx\/blog\/","name":"Megaglass","description":"vidrio de alto performance","potentialAction":[{"@type":"SearchAction","target":{"@type":"EntryPoint","urlTemplate":"https:\/\/www.megaglass.com.mx\/blog\/?s={search_term_string}"},"query-input":"required name=search_term_string"}],"inLanguage":"es"}]}},"_links":{"self":[{"href":"https:\/\/www.megaglass.com.mx\/blog\/wp-json\/wp\/v2\/pages\/3262","targetHints":{"allow":["GET"]}}],"collection":[{"href":"https:\/\/www.megaglass.com.mx\/blog\/wp-json\/wp\/v2\/pages"}],"about":[{"href":"https:\/\/www.megaglass.com.mx\/blog\/wp-json\/wp\/v2\/types\/page"}],"author":[{"embeddable":true,"href":"https:\/\/www.megaglass.com.mx\/blog\/wp-json\/wp\/v2\/users\/1"}],"replies":[{"embeddable":true,"href":"https:\/\/www.megaglass.com.mx\/blog\/wp-json\/wp\/v2\/comments?post=3262"}],"version-history":[{"count":2,"href":"https:\/\/www.megaglass.com.mx\/blog\/wp-json\/wp\/v2\/pages\/3262\/revisions"}],"predecessor-version":[{"id":3295,"href":"https:\/\/www.megaglass.com.mx\/blog\/wp-json\/wp\/v2\/pages\/3262\/revisions\/3295"}],"wp:featuredmedia":[{"embeddable":true,"href":"https:\/\/www.megaglass.com.mx\/blog\/wp-json\/wp\/v2\/media\/3294"}],"wp:attachment":[{"href":"https:\/\/www.megaglass.com.mx\/blog\/wp-json\/wp\/v2\/media?parent=3262"}],"wp:term":[{"taxonomy":"interlinks","embeddable":true,"href":"https:\/\/www.megaglass.com.mx\/blog\/wp-json\/wp\/v2\/interlinks?post=3262"}],"curies":[{"name":"wp","href":"https:\/\/api.w.org\/{rel}","templated":true}]}}