{"id":3257,"date":"2021-07-29T21:22:39","date_gmt":"2021-07-29T21:22:39","guid":{"rendered":"https:\/\/www.megaglass.com.mx\/blog\/?page_id=3257"},"modified":"2021-08-25T16:43:26","modified_gmt":"2021-08-25T16:43:26","slug":"vidrio-insulado","status":"publish","type":"page","link":"https:\/\/www.megaglass.com.mx\/blog\/vidrio-insulado\/","title":{"rendered":"Vidrio Insulado, caracter\u00edsticas y ventajas"},"content":{"rendered":"\n<div class=\"wp-block-cover has-background-dim-70 has-background-dim alignfull\" style=\"background-color:#001f5b;min-height:300px;aspect-ratio:unset;\"><img loading=\"lazy\" decoding=\"async\" width=\"1500\" height=\"300\" class=\"wp-block-cover__image-background wp-image-3297\" alt=\"\" src=\"https:\/\/www.megaglass.com.mx\/blog\/wp-content\/uploads\/2021\/07\/vidrio-dvh.jpg\" data-object-fit=\"cover\" srcset=\"https:\/\/www.megaglass.com.mx\/blog\/wp-content\/uploads\/2021\/07\/vidrio-dvh.jpg 1500w, https:\/\/www.megaglass.com.mx\/blog\/wp-content\/uploads\/2021\/07\/vidrio-dvh-150x30.jpg 150w, https:\/\/www.megaglass.com.mx\/blog\/wp-content\/uploads\/2021\/07\/vidrio-dvh-1024x205.jpg 1024w, https:\/\/www.megaglass.com.mx\/blog\/wp-content\/uploads\/2021\/07\/vidrio-dvh-768x154.jpg 768w\" sizes=\"auto, (max-width: 1500px) 100vw, 1500px\" \/><div class=\"wp-block-cover__inner-container is-layout-flow wp-block-cover-is-layout-flow\">\n<h1 class=\"wp-block-heading\"><span class=\"ez-toc-section\" id=\"Vidrio_Insulado_caracteristicas_y_ventajas\"><\/span>Vidrio Insulado, caracter\u00edsticas y ventajas<span class=\"ez-toc-section-end\"><\/span><\/h1><div id=\"ez-toc-container\" class=\"ez-toc-v2_0_16 counter-hierarchy counter-decimal ez-toc-transparent\">\n<div class=\"ez-toc-title-container\">\n<p class=\"ez-toc-title\">&Iacute;ndice<\/p>\n<span class=\"ez-toc-title-toggle\"><a class=\"ez-toc-pull-right ez-toc-btn ez-toc-btn-xs ez-toc-btn-default ez-toc-toggle\" style=\"display: none;\"><i class=\"ez-toc-glyphicon ez-toc-icon-toggle\"><\/i><\/a><\/span><\/div>\n<nav><ul class=\"ez-toc-list ez-toc-list-level-1\"><li class=\"ez-toc-page-1 ez-toc-heading-level-1\"><a class=\"ez-toc-link ez-toc-heading-1\" href=\"https:\/\/www.megaglass.com.mx\/blog\/vidrio-insulado\/#Vidrio_Insulado_caracteristicas_y_ventajas\" title=\"Vidrio Insulado, caracter\u00edsticas y ventajas\">Vidrio Insulado, caracter\u00edsticas y ventajas<\/a><ul class=\"ez-toc-list-level-2\"><li class=\"ez-toc-heading-level-2\"><a class=\"ez-toc-link ez-toc-heading-2\" href=\"https:\/\/www.megaglass.com.mx\/blog\/vidrio-insulado\/#%C2%BFQue_es_el_vidrio_Insulado\" title=\"\u00bfQu\u00e9 es el vidrio Insulado?\">\u00bfQu\u00e9 es el vidrio Insulado?<\/a><ul class=\"ez-toc-list-level-3\"><li class=\"ez-toc-heading-level-3\"><a class=\"ez-toc-link ez-toc-heading-3\" href=\"https:\/\/www.megaglass.com.mx\/blog\/vidrio-insulado\/#Caracteristicas\" title=\"Caracter\u00edsticas\">Caracter\u00edsticas<\/a><\/li><li class=\"ez-toc-page-1 ez-toc-heading-level-3\"><a class=\"ez-toc-link ez-toc-heading-4\" href=\"https:\/\/www.megaglass.com.mx\/blog\/vidrio-insulado\/#Ventajas\" title=\"Ventajas\">Ventajas<\/a><\/li><li class=\"ez-toc-page-1 ez-toc-heading-level-3\"><a class=\"ez-toc-link ez-toc-heading-5\" href=\"https:\/\/www.megaglass.com.mx\/blog\/vidrio-insulado\/#Beneficios\" title=\"Beneficios\">Beneficios<\/a><\/li><\/ul><\/li><li class=\"ez-toc-page-1 ez-toc-heading-level-2\"><a class=\"ez-toc-link ez-toc-heading-6\" href=\"https:\/\/www.megaglass.com.mx\/blog\/vidrio-insulado\/#Tipos_y_configuracion_del_vidrio_insulado\" title=\"Tipos y configuraci\u00f3n del vidrio insulado\">Tipos y configuraci\u00f3n del vidrio insulado<\/a><\/li><li class=\"ez-toc-page-1 ez-toc-heading-level-2\"><a class=\"ez-toc-link ez-toc-heading-7\" href=\"https:\/\/www.megaglass.com.mx\/blog\/vidrio-insulado\/#Aplicaciones\" title=\"Aplicaciones\">Aplicaciones<\/a><\/li><li class=\"ez-toc-page-1 ez-toc-heading-level-2\"><a class=\"ez-toc-link ez-toc-heading-8\" href=\"https:\/\/www.megaglass.com.mx\/blog\/vidrio-insulado\/#Opciones_de_Vidrio_para_ensamblar_una_unidad_insulada\" title=\"Opciones de Vidrio para ensamblar una unidad insulada\">Opciones de Vidrio para ensamblar una unidad insulada<\/a><\/li><li class=\"ez-toc-page-1 ez-toc-heading-level-2\"><a class=\"ez-toc-link ez-toc-heading-9\" href=\"https:\/\/www.megaglass.com.mx\/blog\/vidrio-insulado\/#%C2%BFNecesitas_una_cotizacion_o_asesoria\" title=\"\u00bfNecesitas una cotizaci\u00f3n o asesor\u00eda?\">\u00bfNecesitas una cotizaci\u00f3n o asesor\u00eda?<\/a><\/li><\/ul><\/li><\/ul><\/nav><\/div>\n\n<\/div><\/div>\n\n\n\n<p>El vidrio insulado de Megaglass ahorra energ\u00eda en cualquier casa o edificio, mejorando el rendimiento t\u00e9rmico, lum\u00ednico y ac\u00fastico de las ventanas, logrando crear ambientes m\u00e1s confortables reduciendo el ruido, conservando la luz y eliminado el calor as\u00ed como lograr una resistencia a la condensaci\u00f3n lo cual es un ahorro de dinero para tu bolsillo.<\/p>\n\n\n\n<h2 class=\"wp-block-heading\"><span class=\"ez-toc-section\" id=\"%C2%BFQue_es_el_vidrio_Insulado\"><\/span>\u00bfQu\u00e9 es el vidrio Insulado?<span class=\"ez-toc-section-end\"><\/span><\/h2>\n\n\n\n<p>Este vidrio est\u00e1 compuesto por dos o m\u00e1s vidrios ya sea monol\u00edtico o unidades compuestas separados entre s\u00ed por una c\u00e1mara de aire o gas de deshidratado (arg\u00f3n), sellado herm\u00e9ticamente, dentro de la separaci\u00f3n de los cristales se encuentra un desecante definida por un perfil met\u00e1lico cuyo espesor puede variar entre 6mm hasta 12mm que absorbe la presencia de humedad al interior de la c\u00e1mara de aire.<\/p>\n\n\n\n<p>Para asegurar que el espacio sellado permanezca seco y herm\u00e9tico durante toda la vida \u00fatil de la unidad, se emplea un sello de butilo y silicona.<\/p>\n\n\n\n<h3 class=\"wp-block-heading\"><span class=\"ez-toc-section\" id=\"Caracteristicas\"><\/span>Caracter\u00edsticas<span class=\"ez-toc-section-end\"><\/span><\/h3>\n\n\n\n<div class=\"wp-block-image\"><figure class=\"aligncenter size-large\"><img loading=\"lazy\" decoding=\"async\" width=\"800\" height=\"400\" src=\"https:\/\/www.megaglass.com.mx\/blog\/wp-content\/uploads\/2021\/07\/cristal-dvh-insulado.jpg\" alt=\"\" class=\"wp-image-3298\" srcset=\"https:\/\/www.megaglass.com.mx\/blog\/wp-content\/uploads\/2021\/07\/cristal-dvh-insulado.jpg 800w, https:\/\/www.megaglass.com.mx\/blog\/wp-content\/uploads\/2021\/07\/cristal-dvh-insulado-150x75.jpg 150w, https:\/\/www.megaglass.com.mx\/blog\/wp-content\/uploads\/2021\/07\/cristal-dvh-insulado-768x384.jpg 768w\" sizes=\"auto, (max-width: 800px) 100vw, 800px\" \/><\/figure><\/div>\n\n\n\n<p>La combinaci\u00f3n de m\u00faltiples paneles de vidrio puede llegar a crear una barrera adicional que reduce la trasferencia de calor, mientras disminuye la radiaci\u00f3n de calor hacia el interior de una casa o edificio.<\/p>\n\n\n\n<p>Su efectividad aumenta al combinarse con vidrios de Low-E y de control solar.<\/p>\n\n\n\n<p>Se pueden realizar con vidrios monol\u00edticos termoendurecidos, templados o laminados, seg\u00fan los reglamentos energ\u00e9ticos que necesites.<\/p>\n\n\n\n<h3 class=\"wp-block-heading\"><span class=\"ez-toc-section\" id=\"Ventajas\"><\/span>Ventajas<span class=\"ez-toc-section-end\"><\/span><\/h3>\n\n\n\n<ul class=\"wp-block-list\"><li>Aumenta el aislamiento ac\u00fastico entre un 40% y un 70%.<\/li><li>Ahorra energ\u00eda de hasta un 70% disminuyendo el consumo de energ\u00eda lum\u00ednica y reducci\u00f3n de la transferencia de calor a trav\u00e9s del vidrio.<\/li><li>Disminuye el efecto de \u201cmuro frio\u201d aumentando el confort.<\/li><li>Brinda seguridad y protecci\u00f3n para el hogar, evitando robos o entradas forzadas al elegir una unidad ensamblada con vidrio laminado y templado.<\/li><li>Reducir la entrada de radiaci\u00f3n infrarroja del sol (rayos UV)<\/li><li>Elimina la condensaci\u00f3n de humedad en el vidrio y evita que se empa\u00f1e.<\/li><\/ul>\n\n\n\n<h3 class=\"wp-block-heading\"><span class=\"ez-toc-section\" id=\"Beneficios\"><\/span>Beneficios<span class=\"ez-toc-section-end\"><\/span><\/h3>\n\n\n\n<div class=\"wp-block-image\"><figure class=\"aligncenter size-large\"><img loading=\"lazy\" decoding=\"async\" width=\"800\" height=\"400\" src=\"https:\/\/www.megaglass.com.mx\/blog\/wp-content\/uploads\/2021\/07\/cristales-insulados-dvh.jpg\" alt=\"\" class=\"wp-image-3299\" srcset=\"https:\/\/www.megaglass.com.mx\/blog\/wp-content\/uploads\/2021\/07\/cristales-insulados-dvh.jpg 800w, https:\/\/www.megaglass.com.mx\/blog\/wp-content\/uploads\/2021\/07\/cristales-insulados-dvh-150x75.jpg 150w, https:\/\/www.megaglass.com.mx\/blog\/wp-content\/uploads\/2021\/07\/cristales-insulados-dvh-768x384.jpg 768w\" sizes=\"auto, (max-width: 800px) 100vw, 800px\" \/><\/figure><\/div>\n\n\n\n<h4 class=\"wp-block-heading\">T\u00e9rmico<\/h4>\n\n\n\n<p>Reduce el intercambio de calor entre los dos ambientes que define y est\u00e1 aislado del fr\u00edo y del calor. En comparaci\u00f3n con el vidrio monol\u00edtico, la reducci\u00f3n del flujo de calor que proporciona se debe a la inclusi\u00f3n de una c\u00e1mara de aire deshidratante entre las dos piezas de vidrio, lo que proporciona confort t\u00e9rmico tanto en invierno como en verano.<\/p>\n\n\n\n<ul class=\"wp-block-list\"><li>En invierno reduce significativamente la p\u00e9rdida de calor hacia el exterior fr\u00edo y aumentar la comodidad.<\/li><li>En verano evita que el calor externo ingrese al ambiente interior m\u00e1s fr\u00edo de un edificio o una casa.<\/li><\/ul>\n\n\n\n<h4 class=\"wp-block-heading\">Ac\u00fastico<\/h4>\n\n\n\n<p>Ayuda a reducir el ruido del mundo exterior. El rendimiento de aislamiento ac\u00fastico depende principalmente del grosor y las caracter\u00edsticas del vidrio utilizado en su fabricaci\u00f3n.<\/p>\n\n\n\n<h4 class=\"wp-block-heading\">Econ\u00f3mico<\/h4>\n\n\n\n<p>Dependiendo del clima de la zona, elimina la necesidad de aire acondicionado, seg\u00fan el vidrio utilizado, y gestionar adecuadamente otros elementos de sombreado, como cortinas, parasoles o una adecuada ventilaci\u00f3n natural.<\/p>\n\n\n\n<h2 class=\"wp-block-heading\"><span class=\"ez-toc-section\" id=\"Tipos_y_configuracion_del_vidrio_insulado\"><\/span>Tipos y configuraci\u00f3n del vidrio insulado<span class=\"ez-toc-section-end\"><\/span><\/h2>\n\n\n\n<div class=\"wp-block-columns are-vertically-aligned-center is-layout-flex wp-container-core-columns-is-layout-9d6595d7 wp-block-columns-is-layout-flex\">\n<div class=\"wp-block-column is-vertically-aligned-center is-layout-flow wp-block-column-is-layout-flow\" style=\"flex-basis:66.66%\">\n<div class=\"wp-block-image\"><figure class=\"aligncenter size-large is-resized\"><img loading=\"lazy\" decoding=\"async\" src=\"https:\/\/www.megaglass.com.mx\/blog\/wp-content\/uploads\/2021\/07\/vidrios-dvh-insulados.jpg\" alt=\"\" class=\"wp-image-3300\" width=\"600\" height=\"300\" srcset=\"https:\/\/www.megaglass.com.mx\/blog\/wp-content\/uploads\/2021\/07\/vidrios-dvh-insulados.jpg 800w, https:\/\/www.megaglass.com.mx\/blog\/wp-content\/uploads\/2021\/07\/vidrios-dvh-insulados-150x75.jpg 150w, https:\/\/www.megaglass.com.mx\/blog\/wp-content\/uploads\/2021\/07\/vidrios-dvh-insulados-768x384.jpg 768w\" sizes=\"auto, (max-width: 600px) 100vw, 600px\" \/><\/figure><\/div>\n<\/div>\n\n\n\n<div class=\"wp-block-column is-vertically-aligned-center is-layout-flow wp-block-column-is-layout-flow\" style=\"flex-basis:33.33%\">\n<p><strong>Megaglass ofrece m\u00faltiples opciones de ensamble:<\/strong><\/p>\n\n\n\n<ul class=\"wp-block-list\"><li>Insulado<\/li><li>Doble insulado<\/li><li>Triple insulado<\/li><li>Insulado Laminado<\/li><li>Doble insulado laminado<\/li><\/ul>\n\n\n\n<p><\/p>\n<\/div>\n<\/div>\n\n\n\n<h2 class=\"wp-block-heading\"><span class=\"ez-toc-section\" id=\"Aplicaciones\"><\/span>Aplicaciones<span class=\"ez-toc-section-end\"><\/span><\/h2>\n\n\n\n<div class=\"wp-block-columns is-layout-flex wp-container-core-columns-is-layout-9d6595d7 wp-block-columns-is-layout-flex\">\n<div class=\"wp-block-column is-layout-flow wp-block-column-is-layout-flow\">\n<p><strong>En exteriores<\/strong><\/p>\n\n\n\n<ul class=\"wp-block-list\"><li>Hoteles<\/li><li>Hospitales<\/li><li>Edificios<\/li><li>Aeropuertos<\/li><li>Residencias<\/li><li>Establecimientos comerciales<\/li><\/ul>\n<\/div>\n\n\n\n<div class=\"wp-block-column is-layout-flow wp-block-column-is-layout-flow\">\n<p><strong>En interiores<\/strong><\/p>\n\n\n\n<ul class=\"wp-block-list\"><li>Ventanas<\/li><li>Puertas de dormitorios<\/li><li>Salas de estar<\/li><li>Oficinas<\/li><li>Estudios de grabaci\u00f3n<\/li><li>Bibliotecas<\/li><li>Etc.<\/li><\/ul>\n<\/div>\n<\/div>\n\n\n\n<h2 class=\"wp-block-heading\"><span class=\"ez-toc-section\" id=\"Opciones_de_Vidrio_para_ensamblar_una_unidad_insulada\"><\/span>Opciones de Vidrio para ensamblar una unidad insulada<span class=\"ez-toc-section-end\"><\/span><\/h2>\n\n\n\n<div class=\"wp-block-image\"><figure class=\"aligncenter size-large\"><img loading=\"lazy\" decoding=\"async\" width=\"800\" height=\"400\" src=\"https:\/\/www.megaglass.com.mx\/blog\/wp-content\/uploads\/2021\/07\/cristales-insulados-tipos-dvh.jpg\" alt=\"\" class=\"wp-image-3301\" srcset=\"https:\/\/www.megaglass.com.mx\/blog\/wp-content\/uploads\/2021\/07\/cristales-insulados-tipos-dvh.jpg 800w, https:\/\/www.megaglass.com.mx\/blog\/wp-content\/uploads\/2021\/07\/cristales-insulados-tipos-dvh-150x75.jpg 150w, https:\/\/www.megaglass.com.mx\/blog\/wp-content\/uploads\/2021\/07\/cristales-insulados-tipos-dvh-768x384.jpg 768w\" sizes=\"auto, (max-width: 800px) 100vw, 800px\" \/><\/figure><\/div>\n\n\n\n<ul class=\"wp-block-list\"><li><strong>Vidrios baja emisividad y control solar: <\/strong>Los cristales especializados de esta gama cuentan con propiedades t\u00e9rmicas que permiten ahorrar en el consumo de energ\u00eda, brindan la oportunidad de controlar la iluminaci\u00f3n y transparencia de ambientes interiores y exteriores para ofrecer el m\u00e1ximo confort y bienestar.<\/li><li><strong>Incoloro:<\/strong> Sustrato de vidrio que presenta un ligero color verdoso, es la opci\u00f3n m\u00e1s utilizada.<\/li><li><strong>Vidrio bajo en hierro:<\/strong> Gracias a su fabricaci\u00f3n nos ofrece una opci\u00f3n m\u00e1s trasparente debido a que contiene menos hierro que el vidrio incoloro convencional.&nbsp;<\/li><li><strong>Vidrios de Color:<\/strong> Existe una amplia gama de tonalidades disponibles ofreci\u00e9ndonos diversos niveles de trasmisi\u00f3n de Luz otorgando la ventaja de mejorar el desempe\u00f1o.<\/li><\/ul>\n\n\n\n<h2 class=\"has-text-align-center wp-block-heading\"><span class=\"ez-toc-section\" id=\"%C2%BFNecesitas_una_cotizacion_o_asesoria\"><\/span>\u00bfNecesitas una cotizaci\u00f3n o asesor\u00eda?<span class=\"ez-toc-section-end\"><\/span><\/h2>\n\n\n\n<div class=\"wp-block-buttons alignfull is-content-justification-center is-layout-flex wp-block-buttons-is-layout-flex\">\n<div class=\"wp-block-button\"><a class=\"wp-block-button__link\" href=\"https:\/\/www.megaglass.com.mx\/es\/contacto.php\" target=\"_blank\" rel=\"noreferrer noopener\"><strong>Solicitar Asesor\u00eda o Cotizaci\u00f3n<\/strong><\/a><\/div>\n<\/div>\n","protected":false},"excerpt":{"rendered":"<p>El vidrio insulado de Megaglass ahorra energ\u00eda en cualquier casa o edificio, mejorando el rendimiento t\u00e9rmico, lum\u00ednico y ac\u00fastico de las ventanas, logrando crear ambientes m\u00e1s confortables reduciendo el ruido, conservando la luz y eliminado el calor as\u00ed como lograr una resistencia a la condensaci\u00f3n lo cual es un ahorro de dinero para tu bolsillo. &hellip;<\/p>\n<p class=\"read-more\"> <a class=\"\" href=\"https:\/\/www.megaglass.com.mx\/blog\/vidrio-insulado\/\"> <span class=\"screen-reader-text\">Vidrio Insulado, caracter\u00edsticas y ventajas<\/span> Leer m\u00e1s &raquo;<\/a><\/p>\n","protected":false},"author":1,"featured_media":3303,"parent":0,"menu_order":0,"comment_status":"closed","ping_status":"closed","template":"","meta":{"search_volume":2900,"footnotes":""},"interlinks":[4],"class_list":["post-3257","page","type-page","status-publish","has-post-thumbnail","hentry"],"yoast_head":"<!-- This site is optimized with the Yoast SEO plugin v19.5.1 - https:\/\/yoast.com\/wordpress\/plugins\/seo\/ -->\n<title>\u25b7\u3010 Vidrio Insulado, caracter\u00edsticas y ventajas \u3011\u2713- Megaglass \u00ae<\/title>\n<meta name=\"robots\" content=\"index, follow, max-snippet:-1, max-image-preview:large, max-video-preview:-1\" \/>\n<link rel=\"canonical\" href=\"https:\/\/www.megaglass.com.mx\/blog\/vidrio-insulado\/\" \/>\n<meta property=\"og:locale\" content=\"es_ES\" \/>\n<meta property=\"og:type\" content=\"article\" \/>\n<meta property=\"og:title\" content=\"\u25b7\u3010 Vidrio Insulado, caracter\u00edsticas y ventajas \u3011\u2713- Megaglass \u00ae\" \/>\n<meta property=\"og:description\" content=\"El vidrio insulado de Megaglass ahorra energ\u00eda en cualquier casa o edificio, mejorando el rendimiento t\u00e9rmico, lum\u00ednico y ac\u00fastico de las ventanas, logrando crear ambientes m\u00e1s confortables reduciendo el ruido, conservando la luz y eliminado el calor as\u00ed como lograr una resistencia a la condensaci\u00f3n lo cual es un ahorro de dinero para tu bolsillo. &hellip; Vidrio Insulado, caracter\u00edsticas y ventajas Leer m\u00e1s &raquo;\" \/>\n<meta property=\"og:url\" content=\"https:\/\/www.megaglass.com.mx\/blog\/vidrio-insulado\/\" \/>\n<meta property=\"og:site_name\" content=\"Megaglass\" \/>\n<meta property=\"article:modified_time\" content=\"2021-08-25T16:43:26+00:00\" \/>\n<meta property=\"og:image\" content=\"https:\/\/www.megaglass.com.mx\/blog\/wp-content\/uploads\/2021\/07\/vidrios-dvh.jpg\" \/>\n\t<meta property=\"og:image:width\" content=\"300\" \/>\n\t<meta property=\"og:image:height\" content=\"150\" \/>\n\t<meta property=\"og:image:type\" content=\"image\/jpeg\" \/>\n<meta name=\"twitter:card\" content=\"summary_large_image\" \/>\n<meta name=\"twitter:label1\" content=\"Tiempo de lectura\" \/>\n\t<meta name=\"twitter:data1\" content=\"4 minutos\" \/>\n<script type=\"application\/ld+json\" class=\"yoast-schema-graph\">{\"@context\":\"https:\/\/schema.org\",\"@graph\":[{\"@type\":\"WebPage\",\"@id\":\"https:\/\/www.megaglass.com.mx\/blog\/vidrio-insulado\/\",\"url\":\"https:\/\/www.megaglass.com.mx\/blog\/vidrio-insulado\/\",\"name\":\"\u25b7\u3010 Vidrio Insulado, caracter\u00edsticas y ventajas \u3011\u2713- Megaglass \u00ae\",\"isPartOf\":{\"@id\":\"https:\/\/www.megaglass.com.mx\/blog\/#website\"},\"datePublished\":\"2021-07-29T21:22:39+00:00\",\"dateModified\":\"2021-08-25T16:43:26+00:00\",\"breadcrumb\":{\"@id\":\"https:\/\/www.megaglass.com.mx\/blog\/vidrio-insulado\/#breadcrumb\"},\"inLanguage\":\"es\",\"potentialAction\":[{\"@type\":\"ReadAction\",\"target\":[\"https:\/\/www.megaglass.com.mx\/blog\/vidrio-insulado\/\"]}]},{\"@type\":\"BreadcrumbList\",\"@id\":\"https:\/\/www.megaglass.com.mx\/blog\/vidrio-insulado\/#breadcrumb\",\"itemListElement\":[{\"@type\":\"ListItem\",\"position\":1,\"name\":\"Portada\",\"item\":\"https:\/\/www.megaglass.com.mx\/blog\/\"},{\"@type\":\"ListItem\",\"position\":2,\"name\":\"Vidrio Insulado, caracter\u00edsticas y ventajas\"}]},{\"@type\":\"WebSite\",\"@id\":\"https:\/\/www.megaglass.com.mx\/blog\/#website\",\"url\":\"https:\/\/www.megaglass.com.mx\/blog\/\",\"name\":\"Megaglass\",\"description\":\"vidrio de alto performance\",\"potentialAction\":[{\"@type\":\"SearchAction\",\"target\":{\"@type\":\"EntryPoint\",\"urlTemplate\":\"https:\/\/www.megaglass.com.mx\/blog\/?s={search_term_string}\"},\"query-input\":\"required name=search_term_string\"}],\"inLanguage\":\"es\"}]}<\/script>\n<!-- \/ Yoast SEO plugin. -->","yoast_head_json":{"title":"\u25b7\u3010 Vidrio Insulado, caracter\u00edsticas y ventajas \u3011\u2713- Megaglass \u00ae","robots":{"index":"index","follow":"follow","max-snippet":"max-snippet:-1","max-image-preview":"max-image-preview:large","max-video-preview":"max-video-preview:-1"},"canonical":"https:\/\/www.megaglass.com.mx\/blog\/vidrio-insulado\/","og_locale":"es_ES","og_type":"article","og_title":"\u25b7\u3010 Vidrio Insulado, caracter\u00edsticas y ventajas \u3011\u2713- Megaglass \u00ae","og_description":"El vidrio insulado de Megaglass ahorra energ\u00eda en cualquier casa o edificio, mejorando el rendimiento t\u00e9rmico, lum\u00ednico y ac\u00fastico de las ventanas, logrando crear ambientes m\u00e1s confortables reduciendo el ruido, conservando la luz y eliminado el calor as\u00ed como lograr una resistencia a la condensaci\u00f3n lo cual es un ahorro de dinero para tu bolsillo. &hellip; Vidrio Insulado, caracter\u00edsticas y ventajas Leer m\u00e1s &raquo;","og_url":"https:\/\/www.megaglass.com.mx\/blog\/vidrio-insulado\/","og_site_name":"Megaglass","article_modified_time":"2021-08-25T16:43:26+00:00","og_image":[{"width":300,"height":150,"url":"https:\/\/www.megaglass.com.mx\/blog\/wp-content\/uploads\/2021\/07\/vidrios-dvh.jpg","type":"image\/jpeg"}],"twitter_card":"summary_large_image","twitter_misc":{"Tiempo de lectura":"4 minutos"},"schema":{"@context":"https:\/\/schema.org","@graph":[{"@type":"WebPage","@id":"https:\/\/www.megaglass.com.mx\/blog\/vidrio-insulado\/","url":"https:\/\/www.megaglass.com.mx\/blog\/vidrio-insulado\/","name":"\u25b7\u3010 Vidrio Insulado, caracter\u00edsticas y ventajas \u3011\u2713- Megaglass \u00ae","isPartOf":{"@id":"https:\/\/www.megaglass.com.mx\/blog\/#website"},"datePublished":"2021-07-29T21:22:39+00:00","dateModified":"2021-08-25T16:43:26+00:00","breadcrumb":{"@id":"https:\/\/www.megaglass.com.mx\/blog\/vidrio-insulado\/#breadcrumb"},"inLanguage":"es","potentialAction":[{"@type":"ReadAction","target":["https:\/\/www.megaglass.com.mx\/blog\/vidrio-insulado\/"]}]},{"@type":"BreadcrumbList","@id":"https:\/\/www.megaglass.com.mx\/blog\/vidrio-insulado\/#breadcrumb","itemListElement":[{"@type":"ListItem","position":1,"name":"Portada","item":"https:\/\/www.megaglass.com.mx\/blog\/"},{"@type":"ListItem","position":2,"name":"Vidrio Insulado, caracter\u00edsticas y ventajas"}]},{"@type":"WebSite","@id":"https:\/\/www.megaglass.com.mx\/blog\/#website","url":"https:\/\/www.megaglass.com.mx\/blog\/","name":"Megaglass","description":"vidrio de alto performance","potentialAction":[{"@type":"SearchAction","target":{"@type":"EntryPoint","urlTemplate":"https:\/\/www.megaglass.com.mx\/blog\/?s={search_term_string}"},"query-input":"required name=search_term_string"}],"inLanguage":"es"}]}},"_links":{"self":[{"href":"https:\/\/www.megaglass.com.mx\/blog\/wp-json\/wp\/v2\/pages\/3257","targetHints":{"allow":["GET"]}}],"collection":[{"href":"https:\/\/www.megaglass.com.mx\/blog\/wp-json\/wp\/v2\/pages"}],"about":[{"href":"https:\/\/www.megaglass.com.mx\/blog\/wp-json\/wp\/v2\/types\/page"}],"author":[{"embeddable":true,"href":"https:\/\/www.megaglass.com.mx\/blog\/wp-json\/wp\/v2\/users\/1"}],"replies":[{"embeddable":true,"href":"https:\/\/www.megaglass.com.mx\/blog\/wp-json\/wp\/v2\/comments?post=3257"}],"version-history":[{"count":6,"href":"https:\/\/www.megaglass.com.mx\/blog\/wp-json\/wp\/v2\/pages\/3257\/revisions"}],"predecessor-version":[{"id":3304,"href":"https:\/\/www.megaglass.com.mx\/blog\/wp-json\/wp\/v2\/pages\/3257\/revisions\/3304"}],"wp:featuredmedia":[{"embeddable":true,"href":"https:\/\/www.megaglass.com.mx\/blog\/wp-json\/wp\/v2\/media\/3303"}],"wp:attachment":[{"href":"https:\/\/www.megaglass.com.mx\/blog\/wp-json\/wp\/v2\/media?parent=3257"}],"wp:term":[{"taxonomy":"interlinks","embeddable":true,"href":"https:\/\/www.megaglass.com.mx\/blog\/wp-json\/wp\/v2\/interlinks?post=3257"}],"curies":[{"name":"wp","href":"https:\/\/api.w.org\/{rel}","templated":true}]}}