{"id":3254,"date":"2021-07-29T19:47:29","date_gmt":"2021-07-29T19:47:29","guid":{"rendered":"https:\/\/www.megaglass.com.mx\/blog\/?page_id=3254"},"modified":"2021-08-25T16:17:11","modified_gmt":"2021-08-25T16:17:11","slug":"vidrio-claro","status":"publish","type":"page","link":"https:\/\/www.megaglass.com.mx\/blog\/vidrio-claro\/","title":{"rendered":"Vidrio claro, usos y ventajas"},"content":{"rendered":"\n<div class=\"wp-block-cover has-background-dim-70 has-background-dim alignfull\" style=\"background-color:#001f5b;min-height:300px;aspect-ratio:unset;\"><img loading=\"lazy\" decoding=\"async\" width=\"1500\" height=\"300\" class=\"wp-block-cover__image-background wp-image-3273\" alt=\"\" src=\"https:\/\/www.megaglass.com.mx\/blog\/wp-content\/uploads\/2021\/07\/vidrios-claros.jpg\" data-object-fit=\"cover\" srcset=\"https:\/\/www.megaglass.com.mx\/blog\/wp-content\/uploads\/2021\/07\/vidrios-claros.jpg 1500w, https:\/\/www.megaglass.com.mx\/blog\/wp-content\/uploads\/2021\/07\/vidrios-claros-150x30.jpg 150w, https:\/\/www.megaglass.com.mx\/blog\/wp-content\/uploads\/2021\/07\/vidrios-claros-1024x205.jpg 1024w, https:\/\/www.megaglass.com.mx\/blog\/wp-content\/uploads\/2021\/07\/vidrios-claros-768x154.jpg 768w\" sizes=\"auto, (max-width: 1500px) 100vw, 1500px\" \/><div class=\"wp-block-cover__inner-container is-layout-flow wp-block-cover-is-layout-flow\">\n<h1 class=\"wp-block-heading\"><span class=\"ez-toc-section\" id=\"Vidrio_claro_usos_y_ventajas\"><\/span>Vidrio claro, usos y ventajas<span class=\"ez-toc-section-end\"><\/span><\/h1><div id=\"ez-toc-container\" class=\"ez-toc-v2_0_16 counter-hierarchy counter-decimal ez-toc-transparent\">\n<div class=\"ez-toc-title-container\">\n<p class=\"ez-toc-title\">&Iacute;ndice<\/p>\n<span class=\"ez-toc-title-toggle\"><a class=\"ez-toc-pull-right ez-toc-btn ez-toc-btn-xs ez-toc-btn-default ez-toc-toggle\" style=\"display: none;\"><i class=\"ez-toc-glyphicon ez-toc-icon-toggle\"><\/i><\/a><\/span><\/div>\n<nav><ul class=\"ez-toc-list ez-toc-list-level-1\"><li class=\"ez-toc-page-1 ez-toc-heading-level-1\"><a class=\"ez-toc-link ez-toc-heading-1\" href=\"https:\/\/www.megaglass.com.mx\/blog\/vidrio-claro\/#Vidrio_claro_usos_y_ventajas\" title=\"Vidrio claro, usos y ventajas\">Vidrio claro, usos y ventajas<\/a><ul class=\"ez-toc-list-level-2\"><li class=\"ez-toc-heading-level-2\"><a class=\"ez-toc-link ez-toc-heading-2\" href=\"https:\/\/www.megaglass.com.mx\/blog\/vidrio-claro\/#%C2%BFQue_son_los_vidrios_claros\" title=\"\u00bfQu\u00e9 son los vidrios claros?\">\u00bfQu\u00e9 son los vidrios claros?<\/a><ul class=\"ez-toc-list-level-3\"><li class=\"ez-toc-heading-level-3\"><a class=\"ez-toc-link ez-toc-heading-3\" href=\"https:\/\/www.megaglass.com.mx\/blog\/vidrio-claro\/#%C2%BFComo_se_fabrica\" title=\"\u00bfC\u00f3mo se fabrica?\">\u00bfC\u00f3mo se fabrica?<\/a><\/li><\/ul><\/li><li class=\"ez-toc-page-1 ez-toc-heading-level-2\"><a class=\"ez-toc-link ez-toc-heading-4\" href=\"https:\/\/www.megaglass.com.mx\/blog\/vidrio-claro\/#Caracteristicas_del_vidrio_claro\" title=\"Caracter\u00edsticas del vidrio claro\">Caracter\u00edsticas del vidrio claro<\/a><\/li><li class=\"ez-toc-page-1 ez-toc-heading-level-2\"><a class=\"ez-toc-link ez-toc-heading-5\" href=\"https:\/\/www.megaglass.com.mx\/blog\/vidrio-claro\/#Beneficios\" title=\"Beneficios\">Beneficios<\/a><ul class=\"ez-toc-list-level-3\"><li class=\"ez-toc-heading-level-3\"><a class=\"ez-toc-link ez-toc-heading-6\" href=\"https:\/\/www.megaglass.com.mx\/blog\/vidrio-claro\/#Ventajas\" title=\"Ventajas\">Ventajas<\/a><\/li><\/ul><\/li><li class=\"ez-toc-page-1 ez-toc-heading-level-2\"><a class=\"ez-toc-link ez-toc-heading-7\" href=\"https:\/\/www.megaglass.com.mx\/blog\/vidrio-claro\/#Aplicaciones_del_vidrio_claro\" title=\"Aplicaciones del vidrio claro\">Aplicaciones del vidrio claro<\/a><\/li><li class=\"ez-toc-page-1 ez-toc-heading-level-2\"><a class=\"ez-toc-link ez-toc-heading-8\" href=\"https:\/\/www.megaglass.com.mx\/blog\/vidrio-claro\/#Vidrios_claros_a_medida\" title=\"Vidrios claros a medida\">Vidrios claros a medida<\/a><\/li><li class=\"ez-toc-page-1 ez-toc-heading-level-2\"><a class=\"ez-toc-link ez-toc-heading-9\" href=\"https:\/\/www.megaglass.com.mx\/blog\/vidrio-claro\/#%C2%BFNecesitas_una_cotizacion_o_asesoria\" title=\"\u00bfNecesitas una cotizaci\u00f3n o asesor\u00eda?\">\u00bfNecesitas una cotizaci\u00f3n o asesor\u00eda?<\/a><\/li><\/ul><\/li><\/ul><\/nav><\/div>\n\n<\/div><\/div>\n\n\n\n<h2 class=\"wp-block-heading\"><span class=\"ez-toc-section\" id=\"%C2%BFQue_son_los_vidrios_claros\"><\/span>\u00bfQu\u00e9 son los vidrios claros?<span class=\"ez-toc-section-end\"><\/span><\/h2>\n\n\n\n<p>Tambi\u00e9n conocido como incoloro o transparente. Es un tipo de vidrio que ofrece efectos visuales permitiendo el paso de luz, creando un ambiente atractivo y moderno.<\/p>\n\n\n\n<p>Este cristal constituye la base o materia prima de la gama de vidrios para luego ser trasformados en vidrios reflectivos, de color, espejos, templado laminados o en unidades de doble acristalamiento o de combinaciones m\u00faltiples de alto rendimiento.<\/p>\n\n\n\n<h3 class=\"wp-block-heading\"><span class=\"ez-toc-section\" id=\"%C2%BFComo_se_fabrica\"><\/span>\u00bfC\u00f3mo se fabrica?<span class=\"ez-toc-section-end\"><\/span><\/h3>\n\n\n\n<p>Se fabrica mediante la adici\u00f3n de \u00f3xidos met\u00e1licos a las materias primas durante el proceso de fabricaci\u00f3n del vidrio flotado, con el fin de obtener productos con caracter\u00edsticas de calidad y colores, logrando as\u00ed una visi\u00f3n clara y sin distorsiones.<\/p>\n\n\n\n<h2 class=\"wp-block-heading\"><span class=\"ez-toc-section\" id=\"Caracteristicas_del_vidrio_claro\"><\/span>Caracter\u00edsticas del vidrio claro<span class=\"ez-toc-section-end\"><\/span><\/h2>\n\n\n\n<div class=\"wp-block-image\"><figure class=\"aligncenter size-large\"><img loading=\"lazy\" decoding=\"async\" width=\"800\" height=\"400\" src=\"https:\/\/www.megaglass.com.mx\/blog\/wp-content\/uploads\/2021\/07\/vidrio-claro-a-medida.jpg\" alt=\"\" class=\"wp-image-3274\" srcset=\"https:\/\/www.megaglass.com.mx\/blog\/wp-content\/uploads\/2021\/07\/vidrio-claro-a-medida.jpg 800w, https:\/\/www.megaglass.com.mx\/blog\/wp-content\/uploads\/2021\/07\/vidrio-claro-a-medida-150x75.jpg 150w, https:\/\/www.megaglass.com.mx\/blog\/wp-content\/uploads\/2021\/07\/vidrio-claro-a-medida-768x384.jpg 768w\" sizes=\"auto, (max-width: 800px) 100vw, 800px\" \/><\/figure><\/div>\n\n\n\n<ul class=\"wp-block-list\"><li>Est\u00e1 disponible en diferentes espesores desde 4 mm, 5 mm, 6 mm, 8 mm, 10 mm, 12 mm, 15 mm y 19 mm.&nbsp;<\/li><li>Se utiliza principalmente por su transparencia, ya que permite el paso de la luz, brinda protecci\u00f3n al laminar o templar el cristal y facilita la visi\u00f3n a trav\u00e9s de \u00e9l, ya que responde perfectamente a las necesidades cotidianas como la decoraci\u00f3n de interiores, objetos y mobiliario de aspecto innovador.<\/li><li>Como herramienta de dise\u00f1o, sus posibilidades est\u00e1n solo limitadas por t\u00fa creatividad y por los criterios de seguridad, que siempre deben ser tomados en cuenta en todas las aplicaciones del cristal plano.<\/li><\/ul>\n\n\n\n<h2 class=\"wp-block-heading\"><span class=\"ez-toc-section\" id=\"Beneficios\"><\/span>Beneficios<span class=\"ez-toc-section-end\"><\/span><\/h2>\n\n\n\n<p>El cristal claro como material de construcci\u00f3n ofrece diversas funciones como visibilidad, iluminaci\u00f3n natural y protecci\u00f3n del exterior.<\/p>\n\n\n\n<h3 class=\"wp-block-heading\"><span class=\"ez-toc-section\" id=\"Ventajas\"><\/span>Ventajas<span class=\"ez-toc-section-end\"><\/span><\/h3>\n\n\n\n<ul class=\"wp-block-list\"><li>Responde a las necesidades de los sistemas de instalaci\u00f3n tradicionales.<\/li><li>Es un material ideal, posee neutralidad y versatilidad.<\/li><li>Se puede realizar cualquier proceso de valor agregado en el vidrio como: impresi\u00f3n digital, esmerilado, laminado, insulado, templado, curvo.&nbsp;<\/li><\/ul>\n\n\n\n<h4 class=\"wp-block-heading\">Tabla con propiedades del vidrio claro<\/h4>\n\n\n\n<figure class=\"wp-block-table is-style-stripes\"><table class=\"has-subtle-pale-blue-background-color has-fixed-layout has-background\"><tbody><tr><td class=\"has-text-align-center\" data-align=\"center\"><strong>Producto<\/strong><\/td><td><strong>Espesor<\/strong><\/td><td class=\"has-text-align-center\" data-align=\"center\"><strong>Transmisi\u00f3n Solar<\/strong><\/td><td><strong>Reflexi\u00f3n Solar<\/strong><\/td><td class=\"has-text-align-center\" data-align=\"center\"><strong>Propiedades T\u00e9rmicas<\/strong><\/td><td><strong>Seguridad<\/strong><\/td><\/tr><tr><td class=\"has-text-align-center\" data-align=\"center\">Vidrio<br>Claro Flotado<\/td><td>4-19 mm<\/td><td class=\"has-text-align-center\" data-align=\"center\">87.8% Luz<br>77.2% Calor<\/td><td>8.4% Luz<br>7.3% Calor<\/td><td class=\"has-text-align-center\" data-align=\"center\">Este producto puede tener propiedades t\u00e9rmicas siempre y cuando se someta a los proceso de doble acristalamiento (insulado) en combinaci\u00f3n con m\u00faltiples vidrios de alto rendimiento.<\/td><td>Este producto puede tener caracter\u00edsticas de seguridad siempre y cuando se someta a los procesos de templado y\/o laminado.<\/td><\/tr><\/tbody><\/table><\/figure>\n\n\n\n<div style=\"height:50px\" aria-hidden=\"true\" class=\"wp-block-spacer\"><\/div>\n\n\n\n<div class=\"wp-block-columns are-vertically-aligned-center is-layout-flex wp-container-core-columns-is-layout-9d6595d7 wp-block-columns-is-layout-flex\">\n<div class=\"wp-block-column is-vertically-aligned-center is-layout-flow wp-block-column-is-layout-flow\">\n<div class=\"wp-block-image\"><figure class=\"aligncenter size-large is-resized\"><img loading=\"lazy\" decoding=\"async\" src=\"https:\/\/www.megaglass.com.mx\/blog\/wp-content\/uploads\/2021\/07\/cristales-claros.jpg\" alt=\"\" class=\"wp-image-3276\" width=\"410\" height=\"405\" srcset=\"https:\/\/www.megaglass.com.mx\/blog\/wp-content\/uploads\/2021\/07\/cristales-claros.jpg 546w, https:\/\/www.megaglass.com.mx\/blog\/wp-content\/uploads\/2021\/07\/cristales-claros-150x148.jpg 150w\" sizes=\"auto, (max-width: 410px) 100vw, 410px\" \/><\/figure><\/div>\n<\/div>\n\n\n\n<div class=\"wp-block-column is-vertically-aligned-center is-layout-flow wp-block-column-is-layout-flow\">\n<h2 class=\"wp-block-heading\"><span class=\"ez-toc-section\" id=\"Aplicaciones_del_vidrio_claro\"><\/span>Aplicaciones del vidrio claro<span class=\"ez-toc-section-end\"><\/span><\/h2>\n\n\n\n<p>Por su alta transparencia y excelente rendimiento el vidrio claro se suele emplear en diversas aplicaciones tanto interiores como: cubiertas de mesa, repisas, tragaluces, domos, barandales y todo accesorio en donde la elegancia sea evidente.<\/p>\n\n\n\n<p>En exteriores: ventanas, aparadores, puertas, fachadas con sistemas monol\u00edticos y de doble acristalamiento.<\/p>\n<\/div>\n<\/div>\n\n\n\n<h2 class=\"wp-block-heading\"><span class=\"ez-toc-section\" id=\"Vidrios_claros_a_medida\"><\/span>Vidrios claros a medida<span class=\"ez-toc-section-end\"><\/span><\/h2>\n\n\n\n<p>En Megaglass sabemos que tus proyectos son \u00fanicos es por ellos que te ofrecemos vidrios cortados a la medida de tu dise\u00f1o, adem\u00e1s de procesar el vidrio para que adquiera la est\u00e9tica y funciones que quieras agregarle, ya sean de seguridad o decorativas. Si no sabes qu\u00e9 tipo de vidrio necesitas comun\u00edcate con nosotros para ofrecerte asesor\u00eda gratuita.<\/p>\n\n\n\n<div class=\"wp-block-image\"><figure class=\"aligncenter size-large\"><img loading=\"lazy\" decoding=\"async\" width=\"800\" height=\"400\" src=\"https:\/\/www.megaglass.com.mx\/blog\/wp-content\/uploads\/2021\/07\/cristal-claro.jpg\" alt=\"\" class=\"wp-image-3279\" srcset=\"https:\/\/www.megaglass.com.mx\/blog\/wp-content\/uploads\/2021\/07\/cristal-claro.jpg 800w, https:\/\/www.megaglass.com.mx\/blog\/wp-content\/uploads\/2021\/07\/cristal-claro-150x75.jpg 150w, https:\/\/www.megaglass.com.mx\/blog\/wp-content\/uploads\/2021\/07\/cristal-claro-768x384.jpg 768w\" sizes=\"auto, (max-width: 800px) 100vw, 800px\" \/><\/figure><\/div>\n\n\n\n<h2 class=\"has-text-align-center wp-block-heading\"><span class=\"ez-toc-section\" id=\"%C2%BFNecesitas_una_cotizacion_o_asesoria\"><\/span>\u00bfNecesitas una cotizaci\u00f3n o asesor\u00eda?<span class=\"ez-toc-section-end\"><\/span><\/h2>\n\n\n\n<div class=\"wp-block-buttons alignfull is-content-justification-center is-layout-flex wp-block-buttons-is-layout-flex\">\n<div class=\"wp-block-button\"><a class=\"wp-block-button__link\" href=\"https:\/\/www.megaglass.com.mx\/es\/contacto.php\" target=\"_blank\" rel=\"noreferrer noopener\"><strong>Solicitar Asesor\u00eda o Cotizaci\u00f3n<\/strong><\/a><\/div>\n<\/div>\n","protected":false},"excerpt":{"rendered":"<p>\u00bfQu\u00e9 son los vidrios claros? Tambi\u00e9n conocido como incoloro o transparente. Es un tipo de vidrio que ofrece efectos visuales permitiendo el paso de luz, creando un ambiente atractivo y moderno. Este cristal constituye la base o materia prima de la gama de vidrios para luego ser trasformados en vidrios reflectivos, de color, espejos, templado &hellip;<\/p>\n<p class=\"read-more\"> <a class=\"\" href=\"https:\/\/www.megaglass.com.mx\/blog\/vidrio-claro\/\"> <span class=\"screen-reader-text\">Vidrio claro, usos y ventajas<\/span> Leer m\u00e1s &raquo;<\/a><\/p>\n","protected":false},"author":1,"featured_media":3281,"parent":0,"menu_order":0,"comment_status":"closed","ping_status":"closed","template":"","meta":{"search_volume":260,"footnotes":""},"interlinks":[4],"class_list":["post-3254","page","type-page","status-publish","has-post-thumbnail","hentry"],"yoast_head":"<!-- This site is optimized with the Yoast SEO plugin v19.5.1 - https:\/\/yoast.com\/wordpress\/plugins\/seo\/ -->\n<title>\u25b7\u3010 Vidrio claro, usos y ventajas \u3011\u2713- Megaglass \u00ae<\/title>\n<meta name=\"robots\" content=\"index, follow, max-snippet:-1, max-image-preview:large, max-video-preview:-1\" \/>\n<link rel=\"canonical\" href=\"https:\/\/www.megaglass.com.mx\/blog\/vidrio-claro\/\" \/>\n<meta property=\"og:locale\" content=\"es_ES\" \/>\n<meta property=\"og:type\" content=\"article\" \/>\n<meta property=\"og:title\" content=\"\u25b7\u3010 Vidrio claro, usos y ventajas \u3011\u2713- Megaglass \u00ae\" \/>\n<meta property=\"og:description\" content=\"\u00bfQu\u00e9 son los vidrios claros? Tambi\u00e9n conocido como incoloro o transparente. Es un tipo de vidrio que ofrece efectos visuales permitiendo el paso de luz, creando un ambiente atractivo y moderno. Este cristal constituye la base o materia prima de la gama de vidrios para luego ser trasformados en vidrios reflectivos, de color, espejos, templado &hellip; Vidrio claro, usos y ventajas Leer m\u00e1s &raquo;\" \/>\n<meta property=\"og:url\" content=\"https:\/\/www.megaglass.com.mx\/blog\/vidrio-claro\/\" \/>\n<meta property=\"og:site_name\" content=\"Megaglass\" \/>\n<meta property=\"article:modified_time\" content=\"2021-08-25T16:17:11+00:00\" \/>\n<meta property=\"og:image\" content=\"https:\/\/www.megaglass.com.mx\/blog\/wp-content\/uploads\/2021\/07\/vidrio-claro.jpg\" \/>\n\t<meta property=\"og:image:width\" content=\"300\" \/>\n\t<meta property=\"og:image:height\" content=\"150\" \/>\n\t<meta property=\"og:image:type\" content=\"image\/jpeg\" \/>\n<meta name=\"twitter:card\" content=\"summary_large_image\" \/>\n<meta name=\"twitter:label1\" content=\"Tiempo de lectura\" \/>\n\t<meta name=\"twitter:data1\" content=\"3 minutos\" \/>\n<script type=\"application\/ld+json\" class=\"yoast-schema-graph\">{\"@context\":\"https:\/\/schema.org\",\"@graph\":[{\"@type\":\"WebPage\",\"@id\":\"https:\/\/www.megaglass.com.mx\/blog\/vidrio-claro\/\",\"url\":\"https:\/\/www.megaglass.com.mx\/blog\/vidrio-claro\/\",\"name\":\"\u25b7\u3010 Vidrio claro, usos y ventajas \u3011\u2713- Megaglass \u00ae\",\"isPartOf\":{\"@id\":\"https:\/\/www.megaglass.com.mx\/blog\/#website\"},\"datePublished\":\"2021-07-29T19:47:29+00:00\",\"dateModified\":\"2021-08-25T16:17:11+00:00\",\"breadcrumb\":{\"@id\":\"https:\/\/www.megaglass.com.mx\/blog\/vidrio-claro\/#breadcrumb\"},\"inLanguage\":\"es\",\"potentialAction\":[{\"@type\":\"ReadAction\",\"target\":[\"https:\/\/www.megaglass.com.mx\/blog\/vidrio-claro\/\"]}]},{\"@type\":\"BreadcrumbList\",\"@id\":\"https:\/\/www.megaglass.com.mx\/blog\/vidrio-claro\/#breadcrumb\",\"itemListElement\":[{\"@type\":\"ListItem\",\"position\":1,\"name\":\"Portada\",\"item\":\"https:\/\/www.megaglass.com.mx\/blog\/\"},{\"@type\":\"ListItem\",\"position\":2,\"name\":\"Vidrio claro, usos y ventajas\"}]},{\"@type\":\"WebSite\",\"@id\":\"https:\/\/www.megaglass.com.mx\/blog\/#website\",\"url\":\"https:\/\/www.megaglass.com.mx\/blog\/\",\"name\":\"Megaglass\",\"description\":\"vidrio de alto performance\",\"potentialAction\":[{\"@type\":\"SearchAction\",\"target\":{\"@type\":\"EntryPoint\",\"urlTemplate\":\"https:\/\/www.megaglass.com.mx\/blog\/?s={search_term_string}\"},\"query-input\":\"required name=search_term_string\"}],\"inLanguage\":\"es\"}]}<\/script>\n<!-- \/ Yoast SEO plugin. -->","yoast_head_json":{"title":"\u25b7\u3010 Vidrio claro, usos y ventajas \u3011\u2713- Megaglass \u00ae","robots":{"index":"index","follow":"follow","max-snippet":"max-snippet:-1","max-image-preview":"max-image-preview:large","max-video-preview":"max-video-preview:-1"},"canonical":"https:\/\/www.megaglass.com.mx\/blog\/vidrio-claro\/","og_locale":"es_ES","og_type":"article","og_title":"\u25b7\u3010 Vidrio claro, usos y ventajas \u3011\u2713- Megaglass \u00ae","og_description":"\u00bfQu\u00e9 son los vidrios claros? Tambi\u00e9n conocido como incoloro o transparente. Es un tipo de vidrio que ofrece efectos visuales permitiendo el paso de luz, creando un ambiente atractivo y moderno. Este cristal constituye la base o materia prima de la gama de vidrios para luego ser trasformados en vidrios reflectivos, de color, espejos, templado &hellip; Vidrio claro, usos y ventajas Leer m\u00e1s &raquo;","og_url":"https:\/\/www.megaglass.com.mx\/blog\/vidrio-claro\/","og_site_name":"Megaglass","article_modified_time":"2021-08-25T16:17:11+00:00","og_image":[{"width":300,"height":150,"url":"https:\/\/www.megaglass.com.mx\/blog\/wp-content\/uploads\/2021\/07\/vidrio-claro.jpg","type":"image\/jpeg"}],"twitter_card":"summary_large_image","twitter_misc":{"Tiempo de lectura":"3 minutos"},"schema":{"@context":"https:\/\/schema.org","@graph":[{"@type":"WebPage","@id":"https:\/\/www.megaglass.com.mx\/blog\/vidrio-claro\/","url":"https:\/\/www.megaglass.com.mx\/blog\/vidrio-claro\/","name":"\u25b7\u3010 Vidrio claro, usos y ventajas \u3011\u2713- Megaglass \u00ae","isPartOf":{"@id":"https:\/\/www.megaglass.com.mx\/blog\/#website"},"datePublished":"2021-07-29T19:47:29+00:00","dateModified":"2021-08-25T16:17:11+00:00","breadcrumb":{"@id":"https:\/\/www.megaglass.com.mx\/blog\/vidrio-claro\/#breadcrumb"},"inLanguage":"es","potentialAction":[{"@type":"ReadAction","target":["https:\/\/www.megaglass.com.mx\/blog\/vidrio-claro\/"]}]},{"@type":"BreadcrumbList","@id":"https:\/\/www.megaglass.com.mx\/blog\/vidrio-claro\/#breadcrumb","itemListElement":[{"@type":"ListItem","position":1,"name":"Portada","item":"https:\/\/www.megaglass.com.mx\/blog\/"},{"@type":"ListItem","position":2,"name":"Vidrio claro, usos y ventajas"}]},{"@type":"WebSite","@id":"https:\/\/www.megaglass.com.mx\/blog\/#website","url":"https:\/\/www.megaglass.com.mx\/blog\/","name":"Megaglass","description":"vidrio de alto performance","potentialAction":[{"@type":"SearchAction","target":{"@type":"EntryPoint","urlTemplate":"https:\/\/www.megaglass.com.mx\/blog\/?s={search_term_string}"},"query-input":"required name=search_term_string"}],"inLanguage":"es"}]}},"_links":{"self":[{"href":"https:\/\/www.megaglass.com.mx\/blog\/wp-json\/wp\/v2\/pages\/3254","targetHints":{"allow":["GET"]}}],"collection":[{"href":"https:\/\/www.megaglass.com.mx\/blog\/wp-json\/wp\/v2\/pages"}],"about":[{"href":"https:\/\/www.megaglass.com.mx\/blog\/wp-json\/wp\/v2\/types\/page"}],"author":[{"embeddable":true,"href":"https:\/\/www.megaglass.com.mx\/blog\/wp-json\/wp\/v2\/users\/1"}],"replies":[{"embeddable":true,"href":"https:\/\/www.megaglass.com.mx\/blog\/wp-json\/wp\/v2\/comments?post=3254"}],"version-history":[{"count":7,"href":"https:\/\/www.megaglass.com.mx\/blog\/wp-json\/wp\/v2\/pages\/3254\/revisions"}],"predecessor-version":[{"id":3364,"href":"https:\/\/www.megaglass.com.mx\/blog\/wp-json\/wp\/v2\/pages\/3254\/revisions\/3364"}],"wp:featuredmedia":[{"embeddable":true,"href":"https:\/\/www.megaglass.com.mx\/blog\/wp-json\/wp\/v2\/media\/3281"}],"wp:attachment":[{"href":"https:\/\/www.megaglass.com.mx\/blog\/wp-json\/wp\/v2\/media?parent=3254"}],"wp:term":[{"taxonomy":"interlinks","embeddable":true,"href":"https:\/\/www.megaglass.com.mx\/blog\/wp-json\/wp\/v2\/interlinks?post=3254"}],"curies":[{"name":"wp","href":"https:\/\/api.w.org\/{rel}","templated":true}]}}