{"id":3169,"date":"2021-05-24T19:09:33","date_gmt":"2021-05-24T19:09:33","guid":{"rendered":"https:\/\/www.megaglass.com.mx\/blog\/?page_id=3169"},"modified":"2021-05-24T19:12:37","modified_gmt":"2021-05-24T19:12:37","slug":"vidrios-para-fachadas","status":"publish","type":"page","link":"https:\/\/www.megaglass.com.mx\/blog\/vidrios-para-fachadas\/","title":{"rendered":"Vidrios para fachadas, ventajas y recomendaciones"},"content":{"rendered":"\n<div class=\"wp-block-cover has-background-dim-60 has-background-dim alignfull\" style=\"background-color:#001f5b;min-height:300px;aspect-ratio:unset;\"><img loading=\"lazy\" decoding=\"async\" width=\"1500\" height=\"300\" class=\"wp-block-cover__image-background wp-image-3202\" alt=\"\" src=\"https:\/\/www.megaglass.com.mx\/blog\/wp-content\/uploads\/2021\/05\/vidrios-para-fachadas.jpg\" data-object-fit=\"cover\" srcset=\"https:\/\/www.megaglass.com.mx\/blog\/wp-content\/uploads\/2021\/05\/vidrios-para-fachadas.jpg 1500w, https:\/\/www.megaglass.com.mx\/blog\/wp-content\/uploads\/2021\/05\/vidrios-para-fachadas-150x30.jpg 150w, https:\/\/www.megaglass.com.mx\/blog\/wp-content\/uploads\/2021\/05\/vidrios-para-fachadas-1024x205.jpg 1024w, https:\/\/www.megaglass.com.mx\/blog\/wp-content\/uploads\/2021\/05\/vidrios-para-fachadas-768x154.jpg 768w\" sizes=\"auto, (max-width: 1500px) 100vw, 1500px\" \/><div class=\"wp-block-cover__inner-container is-layout-flow wp-block-cover-is-layout-flow\">\n<h1 class=\"wp-block-heading\"><span class=\"ez-toc-section\" id=\"Vidrios_para_fachadas_ventajas_y_recomendaciones\"><\/span>Vidrios para fachadas, ventajas y recomendaciones<span class=\"ez-toc-section-end\"><\/span><\/h1><div id=\"ez-toc-container\" class=\"ez-toc-v2_0_16 counter-hierarchy counter-decimal ez-toc-transparent\">\n<div class=\"ez-toc-title-container\">\n<p class=\"ez-toc-title\">&Iacute;ndice<\/p>\n<span class=\"ez-toc-title-toggle\"><a class=\"ez-toc-pull-right ez-toc-btn ez-toc-btn-xs ez-toc-btn-default ez-toc-toggle\" style=\"display: none;\"><i class=\"ez-toc-glyphicon ez-toc-icon-toggle\"><\/i><\/a><\/span><\/div>\n<nav><ul class=\"ez-toc-list ez-toc-list-level-1\"><li class=\"ez-toc-page-1 ez-toc-heading-level-1\"><a class=\"ez-toc-link ez-toc-heading-1\" href=\"https:\/\/www.megaglass.com.mx\/blog\/vidrios-para-fachadas\/#Vidrios_para_fachadas_ventajas_y_recomendaciones\" title=\"Vidrios para fachadas, ventajas y recomendaciones\">Vidrios para fachadas, ventajas y recomendaciones<\/a><ul class=\"ez-toc-list-level-2\"><li class=\"ez-toc-heading-level-2\"><a class=\"ez-toc-link ez-toc-heading-2\" href=\"https:\/\/www.megaglass.com.mx\/blog\/vidrios-para-fachadas\/#Caracteristicas_de_las_fachadas_de_vidrios\" title=\"Caracter\u00edsticas de las fachadas de vidrios\">Caracter\u00edsticas de las fachadas de vidrios<\/a><\/li><li class=\"ez-toc-page-1 ez-toc-heading-level-2\"><a class=\"ez-toc-link ez-toc-heading-3\" href=\"https:\/\/www.megaglass.com.mx\/blog\/vidrios-para-fachadas\/#Ventajas_del_vidrio_como_material_para_fachadas\" title=\"Ventajas del vidrio como material para fachadas\">Ventajas del vidrio como material para fachadas<\/a><\/li><li class=\"ez-toc-page-1 ez-toc-heading-level-2\"><a class=\"ez-toc-link ez-toc-heading-4\" href=\"https:\/\/www.megaglass.com.mx\/blog\/vidrios-para-fachadas\/#Tipos_de_vidrios_para_la_construccion_de_fachadas_ligeras\" title=\"Tipos de vidrios para la construcci\u00f3n de fachadas ligeras\">Tipos de vidrios para la construcci\u00f3n de fachadas ligeras<\/a><\/li><li class=\"ez-toc-page-1 ez-toc-heading-level-2\"><a class=\"ez-toc-link ez-toc-heading-5\" href=\"https:\/\/www.megaglass.com.mx\/blog\/vidrios-para-fachadas\/#Como_elegir_vidrios_para_fachadas\" title=\"C\u00f3mo elegir vidrios para fachadas\">C\u00f3mo elegir vidrios para fachadas<\/a><ul class=\"ez-toc-list-level-3\"><li class=\"ez-toc-heading-level-3\"><a class=\"ez-toc-link ez-toc-heading-6\" href=\"https:\/\/www.megaglass.com.mx\/blog\/vidrios-para-fachadas\/#Principales_factores_que_se_debe_considerar_al_elegir_vidrios\" title=\"Principales factores que se debe considerar al elegir vidrios\">Principales factores que se debe considerar al elegir vidrios<\/a><\/li><li class=\"ez-toc-page-1 ez-toc-heading-level-3\"><a class=\"ez-toc-link ez-toc-heading-7\" href=\"https:\/\/www.megaglass.com.mx\/blog\/vidrios-para-fachadas\/#Otros_factores_que_se_debe_considerar\" title=\"Otros factores que se debe considerar\">Otros factores que se debe considerar<\/a><\/li><\/ul><\/li><li class=\"ez-toc-page-1 ez-toc-heading-level-2\"><a class=\"ez-toc-link ez-toc-heading-8\" href=\"https:\/\/www.megaglass.com.mx\/blog\/vidrios-para-fachadas\/#%C2%BFNecesitas_una_cotizacion_o_asesoria\" title=\"\u00bfNecesitas una cotizaci\u00f3n o asesor\u00eda?\">\u00bfNecesitas una cotizaci\u00f3n o asesor\u00eda?<\/a><\/li><\/ul><\/li><\/ul><\/nav><\/div>\n\n<\/div><\/div>\n\n\n\n<p>Debido a las caracter\u00edsticas del vidrio, es un material que se puede utilizar en una variedad de aplicaciones. Por sus ventajas, actualmente es muy utilizado en la construcci\u00f3n de fachadas, por lo que a continuaci\u00f3n te presentamos sus ventajas y algunos consejos para elegir el vidrio adecuado para tu casa o proyecto.<\/p>\n\n\n\n<h2 class=\"wp-block-heading\"><span class=\"ez-toc-section\" id=\"Caracteristicas_de_las_fachadas_de_vidrios\"><\/span>Caracter\u00edsticas de las fachadas de vidrios<span class=\"ez-toc-section-end\"><\/span><\/h2>\n\n\n\n<p>Las fachadas de vidrio son una excelente opci\u00f3n en el campo comercial. Esto permite a los clientes mirar libremente el interior y facilitar la exhibici\u00f3n de productos grandes. Adem\u00e1s de que se integran cada vez m\u00e1s en el entorno residencial. Gracias a que proporcionan aislamiento ac\u00fastico y t\u00e9rmico, as\u00ed como una sensaci\u00f3n moderna a la propiedad convirti\u00e9ndolas en una excelente opci\u00f3n para construir paredes exteriores.<\/p>\n\n\n\n<h2 class=\"wp-block-heading\"><span class=\"ez-toc-section\" id=\"Ventajas_del_vidrio_como_material_para_fachadas\"><\/span>Ventajas del vidrio como material para fachadas<span class=\"ez-toc-section-end\"><\/span><\/h2>\n\n\n\n<p>El vidrio es el material que hace que la pared exterior sea \u00fanica. Conoce algunas de las razones por las que usar vidrio para fachadas es una excelente opci\u00f3n:<\/p>\n\n\n\n<div class=\"wp-block-columns are-vertically-aligned-center is-layout-flex wp-container-core-columns-is-layout-9d6595d7 wp-block-columns-is-layout-flex\">\n<div class=\"wp-block-column is-vertically-aligned-center is-layout-flow wp-block-column-is-layout-flow\">\n<div class=\"wp-block-image\"><figure class=\"aligncenter size-large\"><img loading=\"lazy\" decoding=\"async\" width=\"546\" height=\"691\" src=\"https:\/\/www.megaglass.com.mx\/blog\/wp-content\/uploads\/2021\/05\/cirstales-para-fachadas.jpg\" alt=\"\" class=\"wp-image-3209\" srcset=\"https:\/\/www.megaglass.com.mx\/blog\/wp-content\/uploads\/2021\/05\/cirstales-para-fachadas.jpg 546w, https:\/\/www.megaglass.com.mx\/blog\/wp-content\/uploads\/2021\/05\/cirstales-para-fachadas-150x190.jpg 150w\" sizes=\"auto, (max-width: 546px) 100vw, 546px\" \/><\/figure><\/div>\n<\/div>\n\n\n\n<div class=\"wp-block-column is-vertically-aligned-center is-layout-flow wp-block-column-is-layout-flow\">\n<p><strong>Dise\u00f1o:<\/strong> el vidrio transmite sensaci\u00f3n de dise\u00f1o y buen gusto, se puede configurar de varias formas combinando varios tipos de vidrio con color, grabado e impresi\u00f3n para crear un espacio \u00fanico, atractivo y confortable.<\/p>\n\n\n\n<p><strong>Seguridad:<\/strong> tipos de vidrio como el templado tiene una resistencia alta al impacto, por lo que, si el vidrio se da\u00f1a o se golpea de alguna manera, se romper\u00e1 en pedazos peque\u00f1os. La resistencia del vidrio laminado es mucho m\u00e1s fuerte por lo que esta es una opci\u00f3n ideal para la seguridad.<\/p>\n\n\n\n<p><strong>Luz natural:<\/strong> con los vidrios se puede aprovechar al m\u00e1ximo la luz natural, Adem\u00e1s, los vidrios aislantes pueden dejan entrar la luz, pero no el calor. Lo que permite ahorrar en la factura de la luz, y a evitar cambios bruscos de temperatura y brindar comodidad.<\/p>\n\n\n\n<p><strong>Antiruido:<\/strong> ciertos tipos de vidrios est\u00e1n especialmente dise\u00f1ados para aislar la casa o el interior de la casa del ruido ambiental del mundo exterior.<\/p>\n\n\n\n<p><strong>Amplitud:<\/strong> el vidrio expande visualmente los espacios. Esto lo hace ideal para proporcionar un amplio espacio para lugares peque\u00f1os. Al colocar la pared de vidrio se integra su espacio interior y exterior, por lo que su tama\u00f1o se agranda mucho.<\/p>\n\n\n\n<p><strong>Mantenimiento:<\/strong> el vidrio es un material muy f\u00e1cil de limpiar y no requiere mucho tiempo ni dinero. Adem\u00e1s, a diferencia de la madera o la pintura, mantendr\u00e1 una mejor condici\u00f3n con el tiempo, ya que la madera o pintura pueden sufrir da\u00f1os graves debido a factores como la luz solar o la lluvia.<\/p>\n<\/div>\n<\/div>\n\n\n\n<h2 class=\"wp-block-heading\"><span class=\"ez-toc-section\" id=\"Tipos_de_vidrios_para_la_construccion_de_fachadas_ligeras\"><\/span>Tipos de vidrios para la construcci\u00f3n de fachadas ligeras<span class=\"ez-toc-section-end\"><\/span><\/h2>\n\n\n\n<div class=\"wp-block-cover\"><img loading=\"lazy\" decoding=\"async\" width=\"1000\" height=\"500\" class=\"wp-block-cover__image-background wp-image-3219\" alt=\"\" src=\"https:\/\/www.megaglass.com.mx\/blog\/wp-content\/uploads\/2021\/05\/cirstales-de-fachadas.jpg\" data-object-fit=\"cover\" srcset=\"https:\/\/www.megaglass.com.mx\/blog\/wp-content\/uploads\/2021\/05\/cirstales-de-fachadas.jpg 1000w, https:\/\/www.megaglass.com.mx\/blog\/wp-content\/uploads\/2021\/05\/cirstales-de-fachadas-150x75.jpg 150w, https:\/\/www.megaglass.com.mx\/blog\/wp-content\/uploads\/2021\/05\/cirstales-de-fachadas-768x384.jpg 768w\" sizes=\"auto, (max-width: 1000px) 100vw, 1000px\" \/><div class=\"wp-block-cover__inner-container is-layout-flow wp-block-cover-is-layout-flow\">\n<div class=\"wp-block-buttons is-content-justification-center is-layout-flex wp-block-buttons-is-layout-flex\">\n<div class=\"wp-block-button\"><a class=\"wp-block-button__link\" href=\"https:\/\/www.megaglass.com.mx\/blog\/tipos-de-vidrio-construccion\/\">VER TIPOS DE VIDRIOS PARA FACHADAS<\/a><\/div>\n<\/div>\n<\/div><\/div>\n\n\n\n<h2 class=\"wp-block-heading\"><span class=\"ez-toc-section\" id=\"Como_elegir_vidrios_para_fachadas\"><\/span>C\u00f3mo elegir vidrios para fachadas<span class=\"ez-toc-section-end\"><\/span><\/h2>\n\n\n\n<p>La amplia variedad de vidrios del mercado dificulta su elecci\u00f3n para un hogar o negocio. Es por eso que te presentamos varios consejos sobre c\u00f3mo elegir el tipo de vidrio seg\u00fan tus necesidades.<\/p>\n\n\n\n<h3 class=\"wp-block-heading\"><span class=\"ez-toc-section\" id=\"Principales_factores_que_se_debe_considerar_al_elegir_vidrios\"><\/span>Principales factores que se debe considerar al elegir vidrios<span class=\"ez-toc-section-end\"><\/span><\/h3>\n\n\n\n<div class=\"wp-block-columns are-vertically-aligned-center is-layout-flex wp-container-core-columns-is-layout-9d6595d7 wp-block-columns-is-layout-flex\">\n<div class=\"wp-block-column is-vertically-aligned-center is-layout-flow wp-block-column-is-layout-flow\">\n<figure class=\"wp-block-image size-large\"><img loading=\"lazy\" decoding=\"async\" width=\"546\" height=\"998\" src=\"https:\/\/www.megaglass.com.mx\/blog\/wp-content\/uploads\/2021\/05\/tipos-de-vidrio-para-fachadas.jpg\" alt=\"\" class=\"wp-image-3213\" srcset=\"https:\/\/www.megaglass.com.mx\/blog\/wp-content\/uploads\/2021\/05\/tipos-de-vidrio-para-fachadas.jpg 546w, https:\/\/www.megaglass.com.mx\/blog\/wp-content\/uploads\/2021\/05\/tipos-de-vidrio-para-fachadas-150x274.jpg 150w\" sizes=\"auto, (max-width: 546px) 100vw, 546px\" \/><\/figure>\n<\/div>\n\n\n\n<div class=\"wp-block-column is-vertically-aligned-center is-layout-flow wp-block-column-is-layout-flow\">\n<h4 class=\"wp-block-heading\">Seguridad<\/h4>\n\n\n\n<p>El vidrio laminado y templado son ideales para brindar mayor seguridad a las personas en el hogar u oficina. El vidrio laminado brinda protecci\u00f3n en caso de colisi\u00f3n con el vidrio para evitar el riesgo de lesiones, ya que los fragmentos de vidrio a\u00fan est\u00e1n adheridos a la capa de PVB, por lo que se reduce los da\u00f1os o lesiones.<\/p>\n\n\n\n<p><strong>Ventajas<\/strong><\/p>\n\n\n\n<ul class=\"wp-block-list\"><li>Evita el riesgo de impacto causado por la ca\u00edda y asegura la estabilidad restante del vidrio.<\/li><\/ul>\n\n\n\n<h4 class=\"wp-block-heading\">Aislamiento ac\u00fastico<\/h4>\n\n\n\n<p>Si el espacio est\u00e1 en un \u00e1rea concurrida, la capa de PVB de vidrio laminado puede atenuar las ondas sonoras, para evitar un ruido excesivo en la habitaci\u00f3n, lo que puede mejorar la calidad del sonido de su hogar.<\/p>\n\n\n\n<p><strong>Ventajas del vidrio laminado<\/strong><\/p>\n\n\n\n<ul class=\"wp-block-list\"><li>En comparaci\u00f3n con el vidrio laminado cl\u00e1sico y el vidrio monol\u00edtico del mismo espesor, posee un mejor rendimiento ac\u00fastico.<\/li><li>Si se rompe a\u00fan se adherir\u00e1 a la capa intermedia, por lo que es dif\u00edcil penetrar en el vidrio.<\/li><\/ul>\n\n\n\n<h4 class=\"wp-block-heading\">Confort t\u00e9rmico<\/h4>\n\n\n\n<p>Si quieres controlar la entrada de luz solar a la casa y ajustar la temperatura, adem\u00e1s de evitar los efectos de los rayos ultravioleta y prevenir enfermedades de la piel, puedes utlizar vidrio insulado con revestimiento de baja emisividad, que est\u00e1 dise\u00f1ado para controlar el calor en la habitaci\u00f3n, mientras proporciona la mejor iluminaci\u00f3n durante todo el d\u00eda y crea una temperatura agradable.<\/p>\n\n\n\n<p><strong>Ventajas<\/strong><\/p>\n\n\n\n<ul class=\"wp-block-list\"><li>Mejora el aislamiento de la estancia, limitando as\u00ed la p\u00e9rdida de energ\u00eda en invierno y verano.<\/li><li>Reduce enormemente el costo de la electricidad, porque acorta el tiempo de uso de la luz artificial.<\/li><\/ul>\n<\/div>\n<\/div>\n\n\n\n<h3 class=\"wp-block-heading\"><span class=\"ez-toc-section\" id=\"Otros_factores_que_se_debe_considerar\"><\/span>Otros factores que se debe considerar<span class=\"ez-toc-section-end\"><\/span><\/h3>\n\n\n\n<ul class=\"wp-block-list\"><li><strong>Aspecto:<\/strong> color e intensidad en reflexi\u00f3n<\/li><li><strong>Dimensiones:<\/strong> c\u00e1lculo de espesores del acristalado M\u00e1ximo y m\u00ednimo posible<\/li><li><strong>Iluminaci\u00f3n:<\/strong> color e intensidad en transmisi\u00f3n de luz.<\/li><li><strong>Ahorro energ\u00e9tico:<\/strong> como el coeficiente de transmisi\u00f3n t\u00e9rmica<\/li><\/ul>\n\n\n\n<h2 class=\"has-text-align-center wp-block-heading\"><span class=\"ez-toc-section\" id=\"%C2%BFNecesitas_una_cotizacion_o_asesoria\"><\/span>\u00bfNecesitas una cotizaci\u00f3n o asesor\u00eda?<span class=\"ez-toc-section-end\"><\/span><\/h2>\n\n\n\n<p>Existen muchos tipos de vidrio dise\u00f1ados para satisfacer diferentes necesidades. Por lo que al momento de elegir antes de elegir tienes que considerar su funci\u00f3n, espacio y uso.<\/p>\n\n\n\n<p>En Megaglass, ponemos a tu disposici\u00f3n dise\u00f1o, suministro e instalaci\u00f3n de vidrio arquitect\u00f3nico para paredes exteriores. Dando soluciones de construcci\u00f3n profesionales y soluciones a medida para clientes individuales.<\/p>\n\n\n\n<div class=\"wp-block-buttons alignfull is-content-justification-center is-layout-flex wp-block-buttons-is-layout-flex\">\n<div class=\"wp-block-button\"><a class=\"wp-block-button__link\" href=\"https:\/\/www.megaglass.com.mx\/es\/contacto.php\" target=\"_blank\" rel=\"noreferrer noopener\"><strong>Solicitar Asesor\u00eda o Cotizaci\u00f3n<\/strong><\/a><\/div>\n<\/div>\n","protected":false},"excerpt":{"rendered":"<p>Debido a las caracter\u00edsticas del vidrio, es un material que se puede utilizar en una variedad de aplicaciones. Por sus ventajas, actualmente es muy utilizado en la construcci\u00f3n de fachadas, por lo que a continuaci\u00f3n te presentamos sus ventajas y algunos consejos para elegir el vidrio adecuado para tu casa o proyecto. Caracter\u00edsticas de las &hellip;<\/p>\n<p class=\"read-more\"> <a class=\"\" href=\"https:\/\/www.megaglass.com.mx\/blog\/vidrios-para-fachadas\/\"> <span class=\"screen-reader-text\">Vidrios para fachadas, ventajas y recomendaciones<\/span> Leer m\u00e1s &raquo;<\/a><\/p>\n","protected":false},"author":1,"featured_media":3203,"parent":0,"menu_order":0,"comment_status":"closed","ping_status":"closed","template":"","meta":{"search_volume":170,"footnotes":""},"interlinks":[4],"class_list":["post-3169","page","type-page","status-publish","has-post-thumbnail","hentry"],"yoast_head":"<!-- This site is optimized with the Yoast SEO plugin v19.5.1 - https:\/\/yoast.com\/wordpress\/plugins\/seo\/ -->\n<title>\u25b7\u3010 Vidrios para fachadas, ventajas y recomendaciones \u3011\u2713- Megaglass \u00ae<\/title>\n<meta name=\"robots\" content=\"index, follow, max-snippet:-1, max-image-preview:large, max-video-preview:-1\" \/>\n<link rel=\"canonical\" href=\"https:\/\/www.megaglass.com.mx\/blog\/vidrios-para-fachadas\/\" \/>\n<meta property=\"og:locale\" content=\"es_ES\" \/>\n<meta property=\"og:type\" content=\"article\" \/>\n<meta property=\"og:title\" content=\"\u25b7\u3010 Vidrios para fachadas, ventajas y recomendaciones \u3011\u2713- Megaglass \u00ae\" \/>\n<meta property=\"og:description\" content=\"Debido a las caracter\u00edsticas del vidrio, es un material que se puede utilizar en una variedad de aplicaciones. Por sus ventajas, actualmente es muy utilizado en la construcci\u00f3n de fachadas, por lo que a continuaci\u00f3n te presentamos sus ventajas y algunos consejos para elegir el vidrio adecuado para tu casa o proyecto. Caracter\u00edsticas de las &hellip; Vidrios para fachadas, ventajas y recomendaciones Leer m\u00e1s &raquo;\" \/>\n<meta property=\"og:url\" content=\"https:\/\/www.megaglass.com.mx\/blog\/vidrios-para-fachadas\/\" \/>\n<meta property=\"og:site_name\" content=\"Megaglass\" \/>\n<meta property=\"article:modified_time\" content=\"2021-05-24T19:12:37+00:00\" \/>\n<meta property=\"og:image\" content=\"https:\/\/www.megaglass.com.mx\/blog\/wp-content\/uploads\/2021\/05\/vidrios-fachadas.jpg\" \/>\n\t<meta property=\"og:image:width\" content=\"300\" \/>\n\t<meta property=\"og:image:height\" content=\"150\" \/>\n\t<meta property=\"og:image:type\" content=\"image\/jpeg\" \/>\n<meta name=\"twitter:card\" content=\"summary_large_image\" \/>\n<meta name=\"twitter:label1\" content=\"Tiempo de lectura\" \/>\n\t<meta name=\"twitter:data1\" content=\"5 minutos\" \/>\n<script type=\"application\/ld+json\" class=\"yoast-schema-graph\">{\"@context\":\"https:\/\/schema.org\",\"@graph\":[{\"@type\":\"WebPage\",\"@id\":\"https:\/\/www.megaglass.com.mx\/blog\/vidrios-para-fachadas\/\",\"url\":\"https:\/\/www.megaglass.com.mx\/blog\/vidrios-para-fachadas\/\",\"name\":\"\u25b7\u3010 Vidrios para fachadas, ventajas y recomendaciones \u3011\u2713- Megaglass \u00ae\",\"isPartOf\":{\"@id\":\"https:\/\/www.megaglass.com.mx\/blog\/#website\"},\"datePublished\":\"2021-05-24T19:09:33+00:00\",\"dateModified\":\"2021-05-24T19:12:37+00:00\",\"breadcrumb\":{\"@id\":\"https:\/\/www.megaglass.com.mx\/blog\/vidrios-para-fachadas\/#breadcrumb\"},\"inLanguage\":\"es\",\"potentialAction\":[{\"@type\":\"ReadAction\",\"target\":[\"https:\/\/www.megaglass.com.mx\/blog\/vidrios-para-fachadas\/\"]}]},{\"@type\":\"BreadcrumbList\",\"@id\":\"https:\/\/www.megaglass.com.mx\/blog\/vidrios-para-fachadas\/#breadcrumb\",\"itemListElement\":[{\"@type\":\"ListItem\",\"position\":1,\"name\":\"Portada\",\"item\":\"https:\/\/www.megaglass.com.mx\/blog\/\"},{\"@type\":\"ListItem\",\"position\":2,\"name\":\"Vidrios para fachadas, ventajas y recomendaciones\"}]},{\"@type\":\"WebSite\",\"@id\":\"https:\/\/www.megaglass.com.mx\/blog\/#website\",\"url\":\"https:\/\/www.megaglass.com.mx\/blog\/\",\"name\":\"Megaglass\",\"description\":\"vidrio de alto performance\",\"potentialAction\":[{\"@type\":\"SearchAction\",\"target\":{\"@type\":\"EntryPoint\",\"urlTemplate\":\"https:\/\/www.megaglass.com.mx\/blog\/?s={search_term_string}\"},\"query-input\":\"required name=search_term_string\"}],\"inLanguage\":\"es\"}]}<\/script>\n<!-- \/ Yoast SEO plugin. -->","yoast_head_json":{"title":"\u25b7\u3010 Vidrios para fachadas, ventajas y recomendaciones \u3011\u2713- Megaglass \u00ae","robots":{"index":"index","follow":"follow","max-snippet":"max-snippet:-1","max-image-preview":"max-image-preview:large","max-video-preview":"max-video-preview:-1"},"canonical":"https:\/\/www.megaglass.com.mx\/blog\/vidrios-para-fachadas\/","og_locale":"es_ES","og_type":"article","og_title":"\u25b7\u3010 Vidrios para fachadas, ventajas y recomendaciones \u3011\u2713- Megaglass \u00ae","og_description":"Debido a las caracter\u00edsticas del vidrio, es un material que se puede utilizar en una variedad de aplicaciones. Por sus ventajas, actualmente es muy utilizado en la construcci\u00f3n de fachadas, por lo que a continuaci\u00f3n te presentamos sus ventajas y algunos consejos para elegir el vidrio adecuado para tu casa o proyecto. Caracter\u00edsticas de las &hellip; Vidrios para fachadas, ventajas y recomendaciones Leer m\u00e1s &raquo;","og_url":"https:\/\/www.megaglass.com.mx\/blog\/vidrios-para-fachadas\/","og_site_name":"Megaglass","article_modified_time":"2021-05-24T19:12:37+00:00","og_image":[{"width":300,"height":150,"url":"https:\/\/www.megaglass.com.mx\/blog\/wp-content\/uploads\/2021\/05\/vidrios-fachadas.jpg","type":"image\/jpeg"}],"twitter_card":"summary_large_image","twitter_misc":{"Tiempo de lectura":"5 minutos"},"schema":{"@context":"https:\/\/schema.org","@graph":[{"@type":"WebPage","@id":"https:\/\/www.megaglass.com.mx\/blog\/vidrios-para-fachadas\/","url":"https:\/\/www.megaglass.com.mx\/blog\/vidrios-para-fachadas\/","name":"\u25b7\u3010 Vidrios para fachadas, ventajas y recomendaciones \u3011\u2713- Megaglass \u00ae","isPartOf":{"@id":"https:\/\/www.megaglass.com.mx\/blog\/#website"},"datePublished":"2021-05-24T19:09:33+00:00","dateModified":"2021-05-24T19:12:37+00:00","breadcrumb":{"@id":"https:\/\/www.megaglass.com.mx\/blog\/vidrios-para-fachadas\/#breadcrumb"},"inLanguage":"es","potentialAction":[{"@type":"ReadAction","target":["https:\/\/www.megaglass.com.mx\/blog\/vidrios-para-fachadas\/"]}]},{"@type":"BreadcrumbList","@id":"https:\/\/www.megaglass.com.mx\/blog\/vidrios-para-fachadas\/#breadcrumb","itemListElement":[{"@type":"ListItem","position":1,"name":"Portada","item":"https:\/\/www.megaglass.com.mx\/blog\/"},{"@type":"ListItem","position":2,"name":"Vidrios para fachadas, ventajas y recomendaciones"}]},{"@type":"WebSite","@id":"https:\/\/www.megaglass.com.mx\/blog\/#website","url":"https:\/\/www.megaglass.com.mx\/blog\/","name":"Megaglass","description":"vidrio de alto performance","potentialAction":[{"@type":"SearchAction","target":{"@type":"EntryPoint","urlTemplate":"https:\/\/www.megaglass.com.mx\/blog\/?s={search_term_string}"},"query-input":"required name=search_term_string"}],"inLanguage":"es"}]}},"_links":{"self":[{"href":"https:\/\/www.megaglass.com.mx\/blog\/wp-json\/wp\/v2\/pages\/3169","targetHints":{"allow":["GET"]}}],"collection":[{"href":"https:\/\/www.megaglass.com.mx\/blog\/wp-json\/wp\/v2\/pages"}],"about":[{"href":"https:\/\/www.megaglass.com.mx\/blog\/wp-json\/wp\/v2\/types\/page"}],"author":[{"embeddable":true,"href":"https:\/\/www.megaglass.com.mx\/blog\/wp-json\/wp\/v2\/users\/1"}],"replies":[{"embeddable":true,"href":"https:\/\/www.megaglass.com.mx\/blog\/wp-json\/wp\/v2\/comments?post=3169"}],"version-history":[{"count":16,"href":"https:\/\/www.megaglass.com.mx\/blog\/wp-json\/wp\/v2\/pages\/3169\/revisions"}],"predecessor-version":[{"id":3223,"href":"https:\/\/www.megaglass.com.mx\/blog\/wp-json\/wp\/v2\/pages\/3169\/revisions\/3223"}],"wp:featuredmedia":[{"embeddable":true,"href":"https:\/\/www.megaglass.com.mx\/blog\/wp-json\/wp\/v2\/media\/3203"}],"wp:attachment":[{"href":"https:\/\/www.megaglass.com.mx\/blog\/wp-json\/wp\/v2\/media?parent=3169"}],"wp:term":[{"taxonomy":"interlinks","embeddable":true,"href":"https:\/\/www.megaglass.com.mx\/blog\/wp-json\/wp\/v2\/interlinks?post=3169"}],"curies":[{"name":"wp","href":"https:\/\/api.w.org\/{rel}","templated":true}]}}