{"id":2809,"date":"2021-04-20T17:19:09","date_gmt":"2021-04-20T17:19:09","guid":{"rendered":"https:\/\/www.megaglass.com.mx\/blog\/?page_id=2809"},"modified":"2021-04-23T17:13:26","modified_gmt":"2021-04-23T17:13:26","slug":"tipos-vidrios-esmerilados","status":"publish","type":"page","link":"https:\/\/www.megaglass.com.mx\/blog\/tipos-vidrios-esmerilados\/","title":{"rendered":"Tipos de vidrios esmerilados"},"content":{"rendered":"\n<div class=\"wp-block-cover has-background-dim-70 has-background-dim alignfull\" style=\"background-color:#001f5b;min-height:300px;aspect-ratio:unset;\"><img loading=\"lazy\" decoding=\"async\" width=\"1500\" height=\"300\" class=\"wp-block-cover__image-background wp-image-2821\" alt=\"\" src=\"https:\/\/www.megaglass.com.mx\/blog\/wp-content\/uploads\/2021\/04\/esmerilados-tipos-vidrios.jpg\" data-object-fit=\"cover\" srcset=\"https:\/\/www.megaglass.com.mx\/blog\/wp-content\/uploads\/2021\/04\/esmerilados-tipos-vidrios.jpg 1500w, https:\/\/www.megaglass.com.mx\/blog\/wp-content\/uploads\/2021\/04\/esmerilados-tipos-vidrios-150x30.jpg 150w, https:\/\/www.megaglass.com.mx\/blog\/wp-content\/uploads\/2021\/04\/esmerilados-tipos-vidrios-1024x205.jpg 1024w, https:\/\/www.megaglass.com.mx\/blog\/wp-content\/uploads\/2021\/04\/esmerilados-tipos-vidrios-768x154.jpg 768w\" sizes=\"auto, (max-width: 1500px) 100vw, 1500px\" \/><div class=\"wp-block-cover__inner-container is-layout-flow wp-block-cover-is-layout-flow\">\n<h1 class=\"wp-block-heading\"><span class=\"ez-toc-section\" id=\"Tipos_de_vidrios_esmerilados\"><\/span>Tipos de vidrios esmerilados<span class=\"ez-toc-section-end\"><\/span><\/h1><div id=\"ez-toc-container\" class=\"ez-toc-v2_0_16 counter-hierarchy counter-decimal ez-toc-transparent\">\n<div class=\"ez-toc-title-container\">\n<p class=\"ez-toc-title\">&Iacute;ndice<\/p>\n<span class=\"ez-toc-title-toggle\"><a class=\"ez-toc-pull-right ez-toc-btn ez-toc-btn-xs ez-toc-btn-default ez-toc-toggle\" style=\"display: none;\"><i class=\"ez-toc-glyphicon ez-toc-icon-toggle\"><\/i><\/a><\/span><\/div>\n<nav><ul class=\"ez-toc-list ez-toc-list-level-1\"><li class=\"ez-toc-page-1 ez-toc-heading-level-1\"><a class=\"ez-toc-link ez-toc-heading-1\" href=\"https:\/\/www.megaglass.com.mx\/blog\/tipos-vidrios-esmerilados\/#Tipos_de_vidrios_esmerilados\" title=\"Tipos de vidrios esmerilados\">Tipos de vidrios esmerilados<\/a><ul class=\"ez-toc-list-level-2\"><li class=\"ez-toc-heading-level-2\"><a class=\"ez-toc-link ez-toc-heading-2\" href=\"https:\/\/www.megaglass.com.mx\/blog\/tipos-vidrios-esmerilados\/#%C2%BFQue_es_el_vidrio_esmerilado\" title=\"\u00bfQu\u00e9 es el vidrio esmerilado?\">\u00bfQu\u00e9 es el vidrio esmerilado?<\/a><\/li><li class=\"ez-toc-page-1 ez-toc-heading-level-2\"><a class=\"ez-toc-link ez-toc-heading-3\" href=\"https:\/\/www.megaglass.com.mx\/blog\/tipos-vidrios-esmerilados\/#Clasificacion_del_vidrio_esmerilado\" title=\"Clasificaci\u00f3n del vidrio esmerilado\">Clasificaci\u00f3n del vidrio esmerilado<\/a><ul class=\"ez-toc-list-level-3\"><li class=\"ez-toc-heading-level-3\"><a class=\"ez-toc-link ez-toc-heading-4\" href=\"https:\/\/www.megaglass.com.mx\/blog\/tipos-vidrios-esmerilados\/#Satinado\" title=\"Satinado\">Satinado<\/a><\/li><li class=\"ez-toc-page-1 ez-toc-heading-level-3\"><a class=\"ez-toc-link ez-toc-heading-5\" href=\"https:\/\/www.megaglass.com.mx\/blog\/tipos-vidrios-esmerilados\/#Grabado_al_acido\" title=\"Grabado al \u00e1cido\">Grabado al \u00e1cido<\/a><\/li><li class=\"ez-toc-page-1 ez-toc-heading-level-3\"><a class=\"ez-toc-link ez-toc-heading-6\" href=\"https:\/\/www.megaglass.com.mx\/blog\/tipos-vidrios-esmerilados\/#Arenado\" title=\"Arenado\">Arenado<\/a><\/li><\/ul><\/li><li class=\"ez-toc-page-1 ez-toc-heading-level-2\"><a class=\"ez-toc-link ez-toc-heading-7\" href=\"https:\/\/www.megaglass.com.mx\/blog\/tipos-vidrios-esmerilados\/#3_tipos_de_vidrios_para_hacer_esmerilado\" title=\"3 tipos de vidrios para hacer esmerilado\">3 tipos de vidrios para hacer esmerilado<\/a><ul class=\"ez-toc-list-level-3\"><li class=\"ez-toc-heading-level-3\"><a class=\"ez-toc-link ez-toc-heading-8\" href=\"https:\/\/www.megaglass.com.mx\/blog\/tipos-vidrios-esmerilados\/#Vidrio_float_esmerilado\" title=\"Vidrio float esmerilado\">Vidrio float esmerilado<\/a><\/li><li class=\"ez-toc-page-1 ez-toc-heading-level-3\"><a class=\"ez-toc-link ez-toc-heading-9\" href=\"https:\/\/www.megaglass.com.mx\/blog\/tipos-vidrios-esmerilados\/#Vidrio_esmerilado_laminado\" title=\"Vidrio esmerilado laminado\">Vidrio esmerilado laminado<\/a><\/li><li class=\"ez-toc-page-1 ez-toc-heading-level-3\"><a class=\"ez-toc-link ez-toc-heading-10\" href=\"https:\/\/www.megaglass.com.mx\/blog\/tipos-vidrios-esmerilados\/#Vidrio_esmerilado_sobre_templado\" title=\"Vidrio esmerilado sobre templado\">Vidrio esmerilado sobre templado<\/a><\/li><\/ul><\/li><li class=\"ez-toc-page-1 ez-toc-heading-level-2\"><a class=\"ez-toc-link ez-toc-heading-11\" href=\"https:\/\/www.megaglass.com.mx\/blog\/tipos-vidrios-esmerilados\/#Usos_del_vidrio_esmerilado\" title=\"Usos del vidrio esmerilado\">Usos del vidrio esmerilado<\/a><\/li><li class=\"ez-toc-page-1 ez-toc-heading-level-2\"><a class=\"ez-toc-link ez-toc-heading-12\" href=\"https:\/\/www.megaglass.com.mx\/blog\/tipos-vidrios-esmerilados\/#%C2%BFNecesitas_una_cotizacion_o_asesoria\" title=\"\u00bfNecesitas una cotizaci\u00f3n o asesor\u00eda?\">\u00bfNecesitas una cotizaci\u00f3n o asesor\u00eda?<\/a><\/li><\/ul><\/li><\/ul><\/nav><\/div>\n\n<\/div><\/div>\n\n\n\n<h2 class=\"wp-block-heading\"><span class=\"ez-toc-section\" id=\"%C2%BFQue_es_el_vidrio_esmerilado\"><\/span>\u00bfQu\u00e9 es el vidrio esmerilado?<span class=\"ez-toc-section-end\"><\/span><\/h2>\n\n\n\n<p>El vidrio esmerilado proviene de una placa de vidrio convencional, que se ha sometido a un cierto procedimiento para mantener las propiedades originales del material, pero con la particularidad de que no permite el 100% de visibilidad.<\/p>\n\n\n\n<p>Aunque el vidrio esmerilado deja pasar la luz, este material se utiliza en \u00e1reas que requieren protecci\u00f3n visual, donde no es necesario ver el otro lado completamente.<\/p>\n\n\n\n<p>Generalmente, el vidrio esmerilado se utiliza para generar elementos decorativos en \u00e1reas donde la est\u00e9tica es importante, y la aplicaci\u00f3n de esta tecnolog\u00eda requiere paciencia y cierto tratamiento de ciertos elementos.<\/p>\n\n\n\n<h2 class=\"wp-block-heading\"><span class=\"ez-toc-section\" id=\"Clasificacion_del_vidrio_esmerilado\"><\/span>Clasificaci\u00f3n del vidrio esmerilado<span class=\"ez-toc-section-end\"><\/span><\/h2>\n\n\n\n<p>El vidrio esmerilado se puede dividir en 3 tipos seg\u00fan su textura.<\/p>\n\n\n\n<div class=\"wp-block-columns are-vertically-aligned-center is-layout-flex wp-container-core-columns-is-layout-9d6595d7 wp-block-columns-is-layout-flex\">\n<div class=\"wp-block-column is-vertically-aligned-center is-layout-flow wp-block-column-is-layout-flow\" style=\"flex-basis:33.33%\">\n<div class=\"wp-block-image\"><figure class=\"aligncenter size-large\"><img loading=\"lazy\" decoding=\"async\" width=\"200\" height=\"200\" src=\"https:\/\/www.megaglass.com.mx\/blog\/wp-content\/uploads\/2021\/04\/esmerilado-satinado.jpg\" alt=\"\" class=\"wp-image-2814\" srcset=\"https:\/\/www.megaglass.com.mx\/blog\/wp-content\/uploads\/2021\/04\/esmerilado-satinado.jpg 200w, https:\/\/www.megaglass.com.mx\/blog\/wp-content\/uploads\/2021\/04\/esmerilado-satinado-150x150.jpg 150w\" sizes=\"auto, (max-width: 200px) 100vw, 200px\" \/><\/figure><\/div>\n<\/div>\n\n\n\n<div class=\"wp-block-column is-vertically-aligned-center is-layout-flow wp-block-column-is-layout-flow\" style=\"flex-basis:66.66%\">\n<h3 class=\"wp-block-heading\"><span class=\"ez-toc-section\" id=\"Satinado\"><\/span>Satinado<span class=\"ez-toc-section-end\"><\/span><\/h3>\n\n\n\n<p>El vidrio satinado se fabrica mediante chorro de arena o grabado con \u00e1cido en l\u00e1minas de vidrio transparente. Tiene el efecto de hacer que el vidrio sea transparente al dispersar la luz en el proceso de transmisi\u00f3n, por lo que la imagen se volver\u00e1 borrosa mientras sigue transmitiendo luz.<\/p>\n<\/div>\n<\/div>\n\n\n\n<div class=\"wp-block-columns are-vertically-aligned-center is-layout-flex wp-container-core-columns-is-layout-9d6595d7 wp-block-columns-is-layout-flex\">\n<div class=\"wp-block-column is-vertically-aligned-center is-layout-flow wp-block-column-is-layout-flow\" style=\"flex-basis:33.33%\">\n<div class=\"wp-block-image\"><figure class=\"aligncenter size-large\"><img loading=\"lazy\" decoding=\"async\" width=\"200\" height=\"200\" src=\"https:\/\/www.megaglass.com.mx\/blog\/wp-content\/uploads\/2021\/04\/esmerilado-acido-1.jpg\" alt=\"\" class=\"wp-image-2817\" srcset=\"https:\/\/www.megaglass.com.mx\/blog\/wp-content\/uploads\/2021\/04\/esmerilado-acido-1.jpg 200w, https:\/\/www.megaglass.com.mx\/blog\/wp-content\/uploads\/2021\/04\/esmerilado-acido-1-150x150.jpg 150w\" sizes=\"auto, (max-width: 200px) 100vw, 200px\" \/><\/figure><\/div>\n<\/div>\n\n\n\n<div class=\"wp-block-column is-vertically-aligned-center is-layout-flow wp-block-column-is-layout-flow\" style=\"flex-basis:66.66%\">\n<h3 class=\"wp-block-heading\"><span class=\"ez-toc-section\" id=\"Grabado_al_acido\"><\/span>Grabado al \u00e1cido<span class=\"ez-toc-section-end\"><\/span><\/h3>\n\n\n\n<p>El vidrio grabado al \u00e1cido se produce mediante el grabado \u00e1cido para formar una superficie lisa y oscura. Este vidrio permite la entrada de luz a la vez que permite el suavizado y el control visual. Se puede utilizar en entornos residenciales y comerciales, por ejemplo. predecesor. Puertas, mamparas de ducha, muebles, paneles de pared, etc.<\/p>\n<\/div>\n<\/div>\n\n\n\n<div class=\"wp-block-columns are-vertically-aligned-center is-layout-flex wp-container-core-columns-is-layout-9d6595d7 wp-block-columns-is-layout-flex\">\n<div class=\"wp-block-column is-vertically-aligned-center is-layout-flow wp-block-column-is-layout-flow\" style=\"flex-basis:33.33%\">\n<div class=\"wp-block-image\"><figure class=\"aligncenter size-large\"><img loading=\"lazy\" decoding=\"async\" width=\"200\" height=\"200\" src=\"https:\/\/www.megaglass.com.mx\/blog\/wp-content\/uploads\/2021\/04\/esmerilado-arenado-1.jpg\" alt=\"\" class=\"wp-image-2818\" srcset=\"https:\/\/www.megaglass.com.mx\/blog\/wp-content\/uploads\/2021\/04\/esmerilado-arenado-1.jpg 200w, https:\/\/www.megaglass.com.mx\/blog\/wp-content\/uploads\/2021\/04\/esmerilado-arenado-1-150x150.jpg 150w\" sizes=\"auto, (max-width: 200px) 100vw, 200px\" \/><\/figure><\/div>\n<\/div>\n\n\n\n<div class=\"wp-block-column is-vertically-aligned-center is-layout-flow wp-block-column-is-layout-flow\" style=\"flex-basis:66.66%\">\n<h3 class=\"wp-block-heading\"><span class=\"ez-toc-section\" id=\"Arenado\"><\/span>Arenado<span class=\"ez-toc-section-end\"><\/span><\/h3>\n\n\n\n<p>El vidrio pulido con arena permite que entre la luz al mismo tiempo que permite el suavizado y el control de la visi\u00f3n. El vidrio pulido con arena est\u00e1 hecho con alta pulverizaci\u00f3n y alta velocidad en la superficie del vidrio. Esto le da al vidrio una superficie transl\u00facida, que generalmente es m\u00e1s rugosa que la grabada. Durante el proceso de voladura, solo se cubren para protecci\u00f3n las \u00e1reas que deben mantenerse transparentes. La profundidad y el grado de translucidez del acabado de arena depende de la intensidad y el tipo de acabado utilizado.<\/p>\n<\/div>\n<\/div>\n\n\n\n<h2 class=\"wp-block-heading\"><span class=\"ez-toc-section\" id=\"3_tipos_de_vidrios_para_hacer_esmerilado\"><\/span>3 tipos de vidrios para hacer esmerilado<span class=\"ez-toc-section-end\"><\/span><\/h2>\n\n\n\n<p>Cada vidrio esmerilado puede ser diferente, y variar\u00e1 seg\u00fan su entorno de adaptaci\u00f3n a su carga de trabajo y uso habitual.<\/p>\n\n\n\n<h3 class=\"wp-block-heading\"><span class=\"ez-toc-section\" id=\"Vidrio_float_esmerilado\"><\/span>Vidrio float esmerilado<span class=\"ez-toc-section-end\"><\/span><\/h3>\n\n\n\n<p>Este es el cristal m\u00e1s barato, aunque no es tan recomendado por su resistencia que podr\u00eda hacer que se rompa f\u00e1cilmente.<\/p>\n\n\n\n<h3 class=\"wp-block-heading\"><span class=\"ez-toc-section\" id=\"Vidrio_esmerilado_laminado\"><\/span>Vidrio esmerilado laminado<span class=\"ez-toc-section-end\"><\/span><\/h3>\n\n\n\n<p>Tiene una resistencia correcta pero m\u00e1s justa que est\u00e1 compuesta por dos piezas de vidrio, entre las dos capas de vidrio hay una l\u00e1mina de pl\u00e1stico que puede pegar el vidrio al vidrio laminado en caso de rotura.<\/p>\n\n\n\n<p>Se puede utilizar vidrio simple o vidrio templado para hacer vidrio laminado, dependiendo de la<\/p>\n\n\n\n<h3 class=\"wp-block-heading\"><span class=\"ez-toc-section\" id=\"Vidrio_esmerilado_sobre_templado\"><\/span>Vidrio esmerilado sobre templado<span class=\"ez-toc-section-end\"><\/span><\/h3>\n\n\n\n<p>En t\u00e9rminos de resistencia o calidad, es el mejor vidrio, especialmente si quieres una cubierta protectora de vidrio para accidentes de ni\u00f1os que pueda evitar da\u00f1os accidentales e impactos en el vidrio, este vidrio es especialmente recomendado.<\/p>\n\n\n\n<p>El vidrio templado es el m\u00e1s seguro. Debido al proceso de templado, su resistencia es 5 veces mayor que la del vidrio ordinario.<\/p>\n\n\n\n<div class=\"wp-block-columns is-layout-flex wp-container-core-columns-is-layout-9d6595d7 wp-block-columns-is-layout-flex\">\n<div class=\"wp-block-column is-layout-flow wp-block-column-is-layout-flow\" style=\"flex-basis:66.66%\">\n<h2 class=\"wp-block-heading\"><span class=\"ez-toc-section\" id=\"Usos_del_vidrio_esmerilado\"><\/span>Usos del vidrio esmerilado<span class=\"ez-toc-section-end\"><\/span><\/h2>\n\n\n\n<p>Debido a las caracter\u00edsticas del vidrio esmerilado, se pueden encontrar diferentes aplicaciones que son beneficiosas para los usuarios. Algunas de estas son:<\/p>\n\n\n\n<ul class=\"wp-block-list\"><li>Puede reducir la presencia de polvo o la visibilidad de los rastros provocados por el contacto.<\/li><li>Se utiliza en edificios para producir un espacio tranquilo con una sensaci\u00f3n de amplitud y seguridad.<\/li><li>Filtra la luz en diferentes entornos, como hogares, oficinas, lugares p\u00fablicos, centros m\u00e9dicos, centros de cuidado personal, consultorios m\u00e9dicos, etc.<\/li><li>El dise\u00f1o del esmerilado puede agregar un estilo original a la puerta de la ducha.<\/li><li>Se pueden utilizar t\u00e9cnicas de esmerilado para agregar gr\u00e1ficos decorativos y elegantes.<\/li><li>Se utiliza para dar forma a vasos de cristal y vajillas lujosas, que pueden agregar una sensaci\u00f3n muy elegante.<\/li><li>Cubre algunas bombillas, especialmente aquellas que buscan brindar una iluminaci\u00f3n especial y diferente.<\/li><\/ul>\n<\/div>\n\n\n\n<div class=\"wp-block-column is-layout-flow wp-block-column-is-layout-flow\" style=\"flex-basis:33.33%\">\n<figure class=\"wp-block-image size-large\"><img loading=\"lazy\" decoding=\"async\" width=\"546\" height=\"691\" src=\"https:\/\/www.megaglass.com.mx\/blog\/wp-content\/uploads\/2021\/04\/usos-vidrio-esmerilados.jpg\" alt=\"\" class=\"wp-image-2816\" srcset=\"https:\/\/www.megaglass.com.mx\/blog\/wp-content\/uploads\/2021\/04\/usos-vidrio-esmerilados.jpg 546w, https:\/\/www.megaglass.com.mx\/blog\/wp-content\/uploads\/2021\/04\/usos-vidrio-esmerilados-150x190.jpg 150w\" sizes=\"auto, (max-width: 546px) 100vw, 546px\" \/><\/figure>\n<\/div>\n<\/div>\n\n\n\n<h2 class=\"has-text-align-center wp-block-heading\"><span class=\"ez-toc-section\" id=\"%C2%BFNecesitas_una_cotizacion_o_asesoria\"><\/span>\u00bfNecesitas una cotizaci\u00f3n o asesor\u00eda?<span class=\"ez-toc-section-end\"><\/span><\/h2>\n\n\n\n<div class=\"wp-block-buttons alignfull is-content-justification-center is-layout-flex wp-block-buttons-is-layout-flex\">\n<div class=\"wp-block-button\"><a class=\"wp-block-button__link\" href=\"https:\/\/www.megaglass.com.mx\/es\/contacto.php\" target=\"_blank\" rel=\"noreferrer noopener\"><strong>Solicitar Asesor\u00eda o Cotizaci\u00f3n<\/strong><\/a><\/div>\n<\/div>\n","protected":false},"excerpt":{"rendered":"<p>\u00bfQu\u00e9 es el vidrio esmerilado? El vidrio esmerilado proviene de una placa de vidrio convencional, que se ha sometido a un cierto procedimiento para mantener las propiedades originales del material, pero con la particularidad de que no permite el 100% de visibilidad. Aunque el vidrio esmerilado deja pasar la luz, este material se utiliza en &hellip;<\/p>\n<p class=\"read-more\"> <a class=\"\" href=\"https:\/\/www.megaglass.com.mx\/blog\/tipos-vidrios-esmerilados\/\"> <span class=\"screen-reader-text\">Tipos de vidrios esmerilados<\/span> Leer m\u00e1s &raquo;<\/a><\/p>\n","protected":false},"author":1,"featured_media":2819,"parent":0,"menu_order":0,"comment_status":"closed","ping_status":"closed","template":"","meta":{"search_volume":120,"footnotes":""},"interlinks":[4],"class_list":["post-2809","page","type-page","status-publish","has-post-thumbnail","hentry"],"yoast_head":"<!-- This site is optimized with the Yoast SEO plugin v19.5.1 - https:\/\/yoast.com\/wordpress\/plugins\/seo\/ -->\n<title>\u25b7\u3010 Tipos de vidrios esmerilados \u3011\u2713- Megaglass \u00ae<\/title>\n<meta name=\"robots\" content=\"index, follow, max-snippet:-1, max-image-preview:large, max-video-preview:-1\" \/>\n<link rel=\"canonical\" href=\"https:\/\/www.megaglass.com.mx\/blog\/tipos-vidrios-esmerilados\/\" \/>\n<meta property=\"og:locale\" content=\"es_ES\" \/>\n<meta property=\"og:type\" content=\"article\" \/>\n<meta property=\"og:title\" content=\"\u25b7\u3010 Tipos de vidrios esmerilados \u3011\u2713- Megaglass \u00ae\" \/>\n<meta property=\"og:description\" content=\"\u00bfQu\u00e9 es el vidrio esmerilado? El vidrio esmerilado proviene de una placa de vidrio convencional, que se ha sometido a un cierto procedimiento para mantener las propiedades originales del material, pero con la particularidad de que no permite el 100% de visibilidad. Aunque el vidrio esmerilado deja pasar la luz, este material se utiliza en &hellip; Tipos de vidrios esmerilados Leer m\u00e1s &raquo;\" \/>\n<meta property=\"og:url\" content=\"https:\/\/www.megaglass.com.mx\/blog\/tipos-vidrios-esmerilados\/\" \/>\n<meta property=\"og:site_name\" content=\"Megaglass\" \/>\n<meta property=\"article:modified_time\" content=\"2021-04-23T17:13:26+00:00\" \/>\n<meta property=\"og:image\" content=\"https:\/\/www.megaglass.com.mx\/blog\/wp-content\/uploads\/2021\/04\/tipos-de-vidrios-esmerilados-1.jpg\" \/>\n\t<meta property=\"og:image:width\" content=\"300\" \/>\n\t<meta property=\"og:image:height\" content=\"150\" \/>\n\t<meta property=\"og:image:type\" content=\"image\/jpeg\" \/>\n<meta name=\"twitter:card\" content=\"summary_large_image\" \/>\n<meta name=\"twitter:label1\" content=\"Tiempo de lectura\" \/>\n\t<meta name=\"twitter:data1\" content=\"4 minutos\" \/>\n<script type=\"application\/ld+json\" class=\"yoast-schema-graph\">{\"@context\":\"https:\/\/schema.org\",\"@graph\":[{\"@type\":\"WebPage\",\"@id\":\"https:\/\/www.megaglass.com.mx\/blog\/tipos-vidrios-esmerilados\/\",\"url\":\"https:\/\/www.megaglass.com.mx\/blog\/tipos-vidrios-esmerilados\/\",\"name\":\"\u25b7\u3010 Tipos de vidrios esmerilados \u3011\u2713- Megaglass \u00ae\",\"isPartOf\":{\"@id\":\"https:\/\/www.megaglass.com.mx\/blog\/#website\"},\"datePublished\":\"2021-04-20T17:19:09+00:00\",\"dateModified\":\"2021-04-23T17:13:26+00:00\",\"breadcrumb\":{\"@id\":\"https:\/\/www.megaglass.com.mx\/blog\/tipos-vidrios-esmerilados\/#breadcrumb\"},\"inLanguage\":\"es\",\"potentialAction\":[{\"@type\":\"ReadAction\",\"target\":[\"https:\/\/www.megaglass.com.mx\/blog\/tipos-vidrios-esmerilados\/\"]}]},{\"@type\":\"BreadcrumbList\",\"@id\":\"https:\/\/www.megaglass.com.mx\/blog\/tipos-vidrios-esmerilados\/#breadcrumb\",\"itemListElement\":[{\"@type\":\"ListItem\",\"position\":1,\"name\":\"Portada\",\"item\":\"https:\/\/www.megaglass.com.mx\/blog\/\"},{\"@type\":\"ListItem\",\"position\":2,\"name\":\"Tipos de vidrios esmerilados\"}]},{\"@type\":\"WebSite\",\"@id\":\"https:\/\/www.megaglass.com.mx\/blog\/#website\",\"url\":\"https:\/\/www.megaglass.com.mx\/blog\/\",\"name\":\"Megaglass\",\"description\":\"vidrio de alto performance\",\"potentialAction\":[{\"@type\":\"SearchAction\",\"target\":{\"@type\":\"EntryPoint\",\"urlTemplate\":\"https:\/\/www.megaglass.com.mx\/blog\/?s={search_term_string}\"},\"query-input\":\"required name=search_term_string\"}],\"inLanguage\":\"es\"}]}<\/script>\n<!-- \/ Yoast SEO plugin. -->","yoast_head_json":{"title":"\u25b7\u3010 Tipos de vidrios esmerilados \u3011\u2713- Megaglass \u00ae","robots":{"index":"index","follow":"follow","max-snippet":"max-snippet:-1","max-image-preview":"max-image-preview:large","max-video-preview":"max-video-preview:-1"},"canonical":"https:\/\/www.megaglass.com.mx\/blog\/tipos-vidrios-esmerilados\/","og_locale":"es_ES","og_type":"article","og_title":"\u25b7\u3010 Tipos de vidrios esmerilados \u3011\u2713- Megaglass \u00ae","og_description":"\u00bfQu\u00e9 es el vidrio esmerilado? El vidrio esmerilado proviene de una placa de vidrio convencional, que se ha sometido a un cierto procedimiento para mantener las propiedades originales del material, pero con la particularidad de que no permite el 100% de visibilidad. Aunque el vidrio esmerilado deja pasar la luz, este material se utiliza en &hellip; Tipos de vidrios esmerilados Leer m\u00e1s &raquo;","og_url":"https:\/\/www.megaglass.com.mx\/blog\/tipos-vidrios-esmerilados\/","og_site_name":"Megaglass","article_modified_time":"2021-04-23T17:13:26+00:00","og_image":[{"width":300,"height":150,"url":"https:\/\/www.megaglass.com.mx\/blog\/wp-content\/uploads\/2021\/04\/tipos-de-vidrios-esmerilados-1.jpg","type":"image\/jpeg"}],"twitter_card":"summary_large_image","twitter_misc":{"Tiempo de lectura":"4 minutos"},"schema":{"@context":"https:\/\/schema.org","@graph":[{"@type":"WebPage","@id":"https:\/\/www.megaglass.com.mx\/blog\/tipos-vidrios-esmerilados\/","url":"https:\/\/www.megaglass.com.mx\/blog\/tipos-vidrios-esmerilados\/","name":"\u25b7\u3010 Tipos de vidrios esmerilados \u3011\u2713- Megaglass \u00ae","isPartOf":{"@id":"https:\/\/www.megaglass.com.mx\/blog\/#website"},"datePublished":"2021-04-20T17:19:09+00:00","dateModified":"2021-04-23T17:13:26+00:00","breadcrumb":{"@id":"https:\/\/www.megaglass.com.mx\/blog\/tipos-vidrios-esmerilados\/#breadcrumb"},"inLanguage":"es","potentialAction":[{"@type":"ReadAction","target":["https:\/\/www.megaglass.com.mx\/blog\/tipos-vidrios-esmerilados\/"]}]},{"@type":"BreadcrumbList","@id":"https:\/\/www.megaglass.com.mx\/blog\/tipos-vidrios-esmerilados\/#breadcrumb","itemListElement":[{"@type":"ListItem","position":1,"name":"Portada","item":"https:\/\/www.megaglass.com.mx\/blog\/"},{"@type":"ListItem","position":2,"name":"Tipos de vidrios esmerilados"}]},{"@type":"WebSite","@id":"https:\/\/www.megaglass.com.mx\/blog\/#website","url":"https:\/\/www.megaglass.com.mx\/blog\/","name":"Megaglass","description":"vidrio de alto performance","potentialAction":[{"@type":"SearchAction","target":{"@type":"EntryPoint","urlTemplate":"https:\/\/www.megaglass.com.mx\/blog\/?s={search_term_string}"},"query-input":"required name=search_term_string"}],"inLanguage":"es"}]}},"_links":{"self":[{"href":"https:\/\/www.megaglass.com.mx\/blog\/wp-json\/wp\/v2\/pages\/2809","targetHints":{"allow":["GET"]}}],"collection":[{"href":"https:\/\/www.megaglass.com.mx\/blog\/wp-json\/wp\/v2\/pages"}],"about":[{"href":"https:\/\/www.megaglass.com.mx\/blog\/wp-json\/wp\/v2\/types\/page"}],"author":[{"embeddable":true,"href":"https:\/\/www.megaglass.com.mx\/blog\/wp-json\/wp\/v2\/users\/1"}],"replies":[{"embeddable":true,"href":"https:\/\/www.megaglass.com.mx\/blog\/wp-json\/wp\/v2\/comments?post=2809"}],"version-history":[{"count":4,"href":"https:\/\/www.megaglass.com.mx\/blog\/wp-json\/wp\/v2\/pages\/2809\/revisions"}],"predecessor-version":[{"id":2899,"href":"https:\/\/www.megaglass.com.mx\/blog\/wp-json\/wp\/v2\/pages\/2809\/revisions\/2899"}],"wp:featuredmedia":[{"embeddable":true,"href":"https:\/\/www.megaglass.com.mx\/blog\/wp-json\/wp\/v2\/media\/2819"}],"wp:attachment":[{"href":"https:\/\/www.megaglass.com.mx\/blog\/wp-json\/wp\/v2\/media?parent=2809"}],"wp:term":[{"taxonomy":"interlinks","embeddable":true,"href":"https:\/\/www.megaglass.com.mx\/blog\/wp-json\/wp\/v2\/interlinks?post=2809"}],"curies":[{"name":"wp","href":"https:\/\/api.w.org\/{rel}","templated":true}]}}