{"id":2740,"date":"2021-03-31T01:37:27","date_gmt":"2021-03-31T01:37:27","guid":{"rendered":"https:\/\/www.megaglass.com.mx\/blog\/?page_id=2740"},"modified":"2021-04-23T17:09:28","modified_gmt":"2021-04-23T17:09:28","slug":"como-limpiar-vidrios","status":"publish","type":"page","link":"https:\/\/www.megaglass.com.mx\/blog\/como-limpiar-vidrios\/","title":{"rendered":"C\u00f3mo limpiar vidrios, consejos y materiales"},"content":{"rendered":"\n<div class=\"wp-block-cover has-background-dim-70 has-background-dim alignfull\" style=\"background-color:#001f5b;min-height:300px;aspect-ratio:unset;\"><img loading=\"lazy\" decoding=\"async\" width=\"1500\" height=\"300\" class=\"wp-block-cover__image-background wp-image-2743\" alt=\"\" src=\"https:\/\/www.megaglass.com.mx\/blog\/wp-content\/uploads\/2021\/03\/formas-de-limpiar-vidrios.jpg\" data-object-fit=\"cover\" srcset=\"https:\/\/www.megaglass.com.mx\/blog\/wp-content\/uploads\/2021\/03\/formas-de-limpiar-vidrios.jpg 1500w, https:\/\/www.megaglass.com.mx\/blog\/wp-content\/uploads\/2021\/03\/formas-de-limpiar-vidrios-150x30.jpg 150w, https:\/\/www.megaglass.com.mx\/blog\/wp-content\/uploads\/2021\/03\/formas-de-limpiar-vidrios-1024x205.jpg 1024w, https:\/\/www.megaglass.com.mx\/blog\/wp-content\/uploads\/2021\/03\/formas-de-limpiar-vidrios-768x154.jpg 768w\" sizes=\"auto, (max-width: 1500px) 100vw, 1500px\" \/><div class=\"wp-block-cover__inner-container is-layout-flow wp-block-cover-is-layout-flow\">\n<h1 class=\"wp-block-heading\"><span class=\"ez-toc-section\" id=\"Como_limpiar_vidrios_consejos_y_materiales\"><\/span>C\u00f3mo limpiar vidrios, consejos y materiales<span class=\"ez-toc-section-end\"><\/span><\/h1><div id=\"ez-toc-container\" class=\"ez-toc-v2_0_16 counter-hierarchy counter-decimal ez-toc-transparent\">\n<div class=\"ez-toc-title-container\">\n<p class=\"ez-toc-title\">&Iacute;ndice<\/p>\n<span class=\"ez-toc-title-toggle\"><a class=\"ez-toc-pull-right ez-toc-btn ez-toc-btn-xs ez-toc-btn-default ez-toc-toggle\" style=\"display: none;\"><i class=\"ez-toc-glyphicon ez-toc-icon-toggle\"><\/i><\/a><\/span><\/div>\n<nav><ul class=\"ez-toc-list ez-toc-list-level-1\"><li class=\"ez-toc-page-1 ez-toc-heading-level-1\"><a class=\"ez-toc-link ez-toc-heading-1\" href=\"https:\/\/www.megaglass.com.mx\/blog\/como-limpiar-vidrios\/#Como_limpiar_vidrios_consejos_y_materiales\" title=\"C\u00f3mo limpiar vidrios, consejos y materiales\">C\u00f3mo limpiar vidrios, consejos y materiales<\/a><ul class=\"ez-toc-list-level-2\"><li class=\"ez-toc-heading-level-2\"><a class=\"ez-toc-link ez-toc-heading-2\" href=\"https:\/\/www.megaglass.com.mx\/blog\/como-limpiar-vidrios\/#Antes_de_empezar_a_limpiar\" title=\"Antes de empezar a limpiar\">Antes de empezar a limpiar<\/a><\/li><li class=\"ez-toc-page-1 ez-toc-heading-level-2\"><a class=\"ez-toc-link ez-toc-heading-3\" href=\"https:\/\/www.megaglass.com.mx\/blog\/como-limpiar-vidrios\/#Tipos_de_liquidos_para_limpiar_vidrios\" title=\"Tipos de l\u00edquidos para limpiar vidrios\">Tipos de l\u00edquidos para limpiar vidrios<\/a><ul class=\"ez-toc-list-level-3\"><li class=\"ez-toc-heading-level-3\"><a class=\"ez-toc-link ez-toc-heading-4\" href=\"https:\/\/www.megaglass.com.mx\/blog\/como-limpiar-vidrios\/#Vinagre\" title=\"Vinagre\">Vinagre<\/a><\/li><li class=\"ez-toc-page-1 ez-toc-heading-level-3\"><a class=\"ez-toc-link ez-toc-heading-5\" href=\"https:\/\/www.megaglass.com.mx\/blog\/como-limpiar-vidrios\/#Agua_caliente\" title=\"Agua caliente\">Agua caliente<\/a><\/li><li class=\"ez-toc-page-1 ez-toc-heading-level-3\"><a class=\"ez-toc-link ez-toc-heading-6\" href=\"https:\/\/www.megaglass.com.mx\/blog\/como-limpiar-vidrios\/#Quitamanchas\" title=\"Quitamanchas\">Quitamanchas<\/a><\/li><li class=\"ez-toc-page-1 ez-toc-heading-level-3\"><a class=\"ez-toc-link ez-toc-heading-7\" href=\"https:\/\/www.megaglass.com.mx\/blog\/como-limpiar-vidrios\/#Gotas_de_alcohol\" title=\"Gotas de alcohol\">Gotas de alcohol<\/a><\/li><li class=\"ez-toc-page-1 ez-toc-heading-level-3\"><a class=\"ez-toc-link ez-toc-heading-8\" href=\"https:\/\/www.megaglass.com.mx\/blog\/como-limpiar-vidrios\/#Mezcla_especial\" title=\"Mezcla especial\">Mezcla especial<\/a><\/li><\/ul><\/li><li class=\"ez-toc-page-1 ez-toc-heading-level-2\"><a class=\"ez-toc-link ez-toc-heading-9\" href=\"https:\/\/www.megaglass.com.mx\/blog\/como-limpiar-vidrios\/#Consejos_durante_la_limpieza_de_vidrios\" title=\"Consejos durante la limpieza de vidrios\">Consejos durante la limpieza de vidrios<\/a><\/li><li class=\"ez-toc-page-1 ez-toc-heading-level-2\"><a class=\"ez-toc-link ez-toc-heading-10\" href=\"https:\/\/www.megaglass.com.mx\/blog\/como-limpiar-vidrios\/#%C2%BFNecesitas_una_cotizacion_o_asesoria\" title=\"\u00bfNecesitas una cotizaci\u00f3n o asesor\u00eda?\">\u00bfNecesitas una cotizaci\u00f3n o asesor\u00eda?<\/a><\/li><\/ul><\/li><\/ul><\/nav><\/div>\n\n<\/div><\/div>\n\n\n\n<p>Nada peor que mirar un cristal sucio. No importa cu\u00e1ntas veces intentes limpiarlos o qu\u00e9 productos qu\u00edmicos uses. En el campo de la limpieza, no solo los productos de alta calidad son suficientes, tambi\u00e9n necesitas dominar el conocimiento correcto para que los resultados sean excelentes. Por eso, te brindamos una serie de consejos y gu\u00edas que te ayudar\u00e1n a limpiar adecuadamente el vidrio en tu hogar u oficina.<\/p>\n\n\n\n<h2 class=\"wp-block-heading\"><span class=\"ez-toc-section\" id=\"Antes_de_empezar_a_limpiar\"><\/span>Antes de empezar a limpiar<span class=\"ez-toc-section-end\"><\/span><\/h2>\n\n\n\n<ul class=\"wp-block-list\"><li>Antes de limpiar las ventanas de afuera, es mejor limpiar con un pa\u00f1o seco para quitar la capa de polvo, porque esta formar\u00e1 arena. Si no se quita el polvo, los cristales se rayar\u00e1n al limpiar, por lo que siempre ver\u00e1 las marcas que no puede eliminar.<\/li><li>Incluso si usas una raqueta con labios de vidrio, usa siempre un pa\u00f1o 100% algod\u00f3n (como una camiseta vieja) para secar tus vidrios y espejos, porque siempre debes quitar el jab\u00f3n o la suciedad de las esquinas.<\/li><li>Si quieres hacer una limpieza de cristales a fondo, lo mejor es empezar por el marco, ya que, si no lo haces, podr\u00edas ensuciar las ventanas.<\/li><li>Antes de comenzar lo mejor es cubrir la parte de la pared con un rodillo de pl\u00e1stico para evitar que el polvo gotee y las manche la superficie.<\/li><\/ul>\n\n\n\n<h2 class=\"wp-block-heading\"><span class=\"ez-toc-section\" id=\"Tipos_de_liquidos_para_limpiar_vidrios\"><\/span>Tipos de l\u00edquidos para limpiar vidrios<span class=\"ez-toc-section-end\"><\/span><\/h2>\n\n\n\n<div class=\"wp-block-image\"><figure class=\"aligncenter size-large\"><img loading=\"lazy\" decoding=\"async\" width=\"800\" height=\"400\" src=\"https:\/\/www.megaglass.com.mx\/blog\/wp-content\/uploads\/2021\/03\/limpiar-vidrios.jpg\" alt=\"\" class=\"wp-image-2744\" srcset=\"https:\/\/www.megaglass.com.mx\/blog\/wp-content\/uploads\/2021\/03\/limpiar-vidrios.jpg 800w, https:\/\/www.megaglass.com.mx\/blog\/wp-content\/uploads\/2021\/03\/limpiar-vidrios-150x75.jpg 150w, https:\/\/www.megaglass.com.mx\/blog\/wp-content\/uploads\/2021\/03\/limpiar-vidrios-768x384.jpg 768w\" sizes=\"auto, (max-width: 800px) 100vw, 800px\" \/><\/figure><\/div>\n\n\n\n<h3 class=\"wp-block-heading\"><span class=\"ez-toc-section\" id=\"Vinagre\"><\/span>Vinagre<span class=\"ez-toc-section-end\"><\/span><\/h3>\n\n\n\n<p>Es un producto que, por sus ingredientes, puede eliminar toda la suciedad acumulada, proporcionando as\u00ed un brillo y transparencia espectacular. Para logar esto tienes que mezclar medio litro de vinagre en 5 litros de agua. Despu\u00e9s de aplicar la mezcla se puede enjuagar con agua simple.<\/p>\n\n\n\n<h3 class=\"wp-block-heading\"><span class=\"ez-toc-section\" id=\"Agua_caliente\"><\/span>Agua caliente<span class=\"ez-toc-section-end\"><\/span><\/h3>\n\n\n\n<p>Para limpiar vidrios y ventanas, se debe usar una mezcla de agua tibia y jab\u00f3n. El primer paso es limpiar con un pa\u00f1o humedecido en agua, y luego limpiar vigorosamente cuando se haya acumulado en el vidrio suficiente suciedad o manchas causadas por grasa, suciedad u otros elementos que marcan el vidrio. Para que el efecto de limpieza sea perfecto, se debe volver a utilizar otro pa\u00f1o h\u00famedo para eliminar el jab\u00f3n restante.<\/p>\n\n\n\n<h3 class=\"wp-block-heading\"><span class=\"ez-toc-section\" id=\"Quitamanchas\"><\/span>Quitamanchas<span class=\"ez-toc-section-end\"><\/span><\/h3>\n\n\n\n<p>Si hay muchas manchas en el vidrio para limpiar, puedes usar una botella rociadora llena de agua y unas gotas de quitamanchas. Esta mezcla ayuda a mejorar la eficiencia y velocidad al limpiar. Despu\u00e9s de aplicar es necesario enjuagar la esponja y luego limpiarla la superficie del vidrio nuevamente para evitar cualquier residuo de detergente.<\/p>\n\n\n\n<h3 class=\"wp-block-heading\"><span class=\"ez-toc-section\" id=\"Gotas_de_alcohol\"><\/span>Gotas de alcohol<span class=\"ez-toc-section-end\"><\/span><\/h3>\n\n\n\n<p>Se puede poner unas gotas de alcohol en un pa\u00f1o humedecido con agua primero. Este producto agregar\u00e1 mucho brillo y transparencia al cristal. Se recomienda mas para vidrios de tipo espejo<\/p>\n\n\n\n<h3 class=\"wp-block-heading\"><span class=\"ez-toc-section\" id=\"Mezcla_especial\"><\/span>Mezcla especial<span class=\"ez-toc-section-end\"><\/span><\/h3>\n\n\n\n<p>Los limpiacristales son productos ideales para la limpieza de cristales, no obstante, puedes producir un limpiador caseros con mayor eficacia. Para hacer esto se recomienda mezclar una parte de un producto de limpieza con tres partes de vinagre en un recipiente. El vinagre recomendado es el blanco ya que es m\u00e1s efectivo en estas superficies. Para obtener el brillo deseado, puedes aplicar jugo de lim\u00f3n en esta mezcla.<\/p>\n\n\n\n<h2 class=\"wp-block-heading\"><span class=\"ez-toc-section\" id=\"Consejos_durante_la_limpieza_de_vidrios\"><\/span>Consejos durante la limpieza de vidrios<span class=\"ez-toc-section-end\"><\/span><\/h2>\n\n\n\n<div class=\"wp-block-image\"><figure class=\"aligncenter size-large\"><img loading=\"lazy\" decoding=\"async\" width=\"800\" height=\"400\" src=\"https:\/\/www.megaglass.com.mx\/blog\/wp-content\/uploads\/2021\/03\/limpieza-vidrios.jpg\" alt=\"\" class=\"wp-image-2745\" srcset=\"https:\/\/www.megaglass.com.mx\/blog\/wp-content\/uploads\/2021\/03\/limpieza-vidrios.jpg 800w, https:\/\/www.megaglass.com.mx\/blog\/wp-content\/uploads\/2021\/03\/limpieza-vidrios-150x75.jpg 150w, https:\/\/www.megaglass.com.mx\/blog\/wp-content\/uploads\/2021\/03\/limpieza-vidrios-768x384.jpg 768w\" sizes=\"auto, (max-width: 800px) 100vw, 800px\" \/><\/figure><\/div>\n\n\n\n<ul class=\"wp-block-list\"><li><strong>De arriba para abajo:<\/strong> en ventanas muy sucias, es mejor usar una esponja porosa y limpiar de arriba a abajo para evitar goteos. Si secas con un pa\u00f1o de microfibra, puedes ayudar a pulir el vidrio. Ten cuidado de que no se peguen pelusas sueltas al vidrio.<\/li><li><strong>Usa peri\u00f3dico: <\/strong>otra forma de limpiar las ventanas sin rayarlas es usar papel de peri\u00f3dico viejo, nunca uses papel nuevo. El papel te permite limpiar sin preocuparte por rayar los cristales. Adem\u00e1s, el peri\u00f3dico dejar\u00e1 una peque\u00f1a capa invisible para que tus vidrios sean m\u00e1s resistentes a las manchas.<\/li><li><strong>Ambos lados:<\/strong> otro consejo es limpiar el cristal interior con un movimiento horizontal y el cristal exterior con un movimiento vertical. Puesto que si dejas una marca, sabr\u00e1s de qu\u00e9 lado debes revisar en lugar de perder tiempo buscando el origen de la macha.<\/li><li><strong>Reducir las burbujas:<\/strong> nada puede manchar el vidrio como la espuma. Si usas vinagre o limpiacristales, esto no ser\u00e1 un problema. Sin embargo, vas agregar jab\u00f3n a su soluci\u00f3n, recuerda usar una cantidad m\u00ednima de jab\u00f3n para limpiar el vidrio.<\/li><li><strong>Pulir al final: <\/strong>incluso si sigue todos los pasos correctos, a\u00fan puede quedar una o dos marcas. En este caso, la forma m\u00e1s f\u00e1cil de quitar las manchas es limpiar el vidrio con un pa\u00f1o de gamuza o microfibra. Cuando realices esto procura mantener el pa\u00f1o seco y usarlo en el vidrio despu\u00e9s de limpiarlo.<\/li><li><strong>Mantenimiento constante<\/strong>: el mejor consejo para reducir la limpieza del vidrio y no dejar rastros es limpiar el vidrio con la mayor frecuencia posible para evitar la acumulaci\u00f3n de polvo y suciedad. Ya sea una empresa o una casa, o una residencia privada. La limpieza a fondo de cristales y ventanas requiere una limpieza exhaustiva y eficaz de forma regular. Es por esta raz\u00f3n que se recomienda no esperar mucho tiempo para volver a limpiar el vidrio y las ventanas.<\/li><\/ul>\n\n\n\n<h2 class=\"has-text-align-center wp-block-heading\"><span class=\"ez-toc-section\" id=\"%C2%BFNecesitas_una_cotizacion_o_asesoria\"><\/span>\u00bfNecesitas una cotizaci\u00f3n o asesor\u00eda?<span class=\"ez-toc-section-end\"><\/span><\/h2>\n\n\n\n<div class=\"wp-block-buttons alignfull is-content-justification-center is-layout-flex wp-block-buttons-is-layout-flex\">\n<div class=\"wp-block-button\"><a class=\"wp-block-button__link\" href=\"https:\/\/www.megaglass.com.mx\/es\/contacto.php\" target=\"_blank\" rel=\"noreferrer noopener\"><strong>Solicitar Asesor\u00eda o Cotizaci\u00f3n<\/strong><\/a><\/div>\n<\/div>\n","protected":false},"excerpt":{"rendered":"<p>Nada peor que mirar un cristal sucio. No importa cu\u00e1ntas veces intentes limpiarlos o qu\u00e9 productos qu\u00edmicos uses. En el campo de la limpieza, no solo los productos de alta calidad son suficientes, tambi\u00e9n necesitas dominar el conocimiento correcto para que los resultados sean excelentes. Por eso, te brindamos una serie de consejos y gu\u00edas &hellip;<\/p>\n<p class=\"read-more\"> <a class=\"\" href=\"https:\/\/www.megaglass.com.mx\/blog\/como-limpiar-vidrios\/\"> <span class=\"screen-reader-text\">C\u00f3mo limpiar vidrios, consejos y materiales<\/span> Leer m\u00e1s &raquo;<\/a><\/p>\n","protected":false},"author":1,"featured_media":2746,"parent":0,"menu_order":0,"comment_status":"closed","ping_status":"closed","template":"","meta":{"search_volume":8000,"footnotes":""},"interlinks":[4],"class_list":["post-2740","page","type-page","status-publish","has-post-thumbnail","hentry"],"yoast_head":"<!-- This site is optimized with the Yoast SEO plugin v19.5.1 - https:\/\/yoast.com\/wordpress\/plugins\/seo\/ -->\n<title>\u25b7\u3010 C\u00f3mo limpiar vidrios, consejos y materiales \u3011\u2713- Megaglass \u00ae<\/title>\n<meta name=\"robots\" content=\"index, follow, max-snippet:-1, max-image-preview:large, max-video-preview:-1\" \/>\n<link rel=\"canonical\" href=\"https:\/\/www.megaglass.com.mx\/blog\/como-limpiar-vidrios\/\" \/>\n<meta property=\"og:locale\" content=\"es_ES\" \/>\n<meta property=\"og:type\" content=\"article\" \/>\n<meta property=\"og:title\" content=\"\u25b7\u3010 C\u00f3mo limpiar vidrios, consejos y materiales \u3011\u2713- Megaglass \u00ae\" \/>\n<meta property=\"og:description\" content=\"Nada peor que mirar un cristal sucio. No importa cu\u00e1ntas veces intentes limpiarlos o qu\u00e9 productos qu\u00edmicos uses. En el campo de la limpieza, no solo los productos de alta calidad son suficientes, tambi\u00e9n necesitas dominar el conocimiento correcto para que los resultados sean excelentes. Por eso, te brindamos una serie de consejos y gu\u00edas &hellip; C\u00f3mo limpiar vidrios, consejos y materiales Leer m\u00e1s &raquo;\" \/>\n<meta property=\"og:url\" content=\"https:\/\/www.megaglass.com.mx\/blog\/como-limpiar-vidrios\/\" \/>\n<meta property=\"og:site_name\" content=\"Megaglass\" \/>\n<meta property=\"article:modified_time\" content=\"2021-04-23T17:09:28+00:00\" \/>\n<meta property=\"og:image\" content=\"https:\/\/www.megaglass.com.mx\/blog\/wp-content\/uploads\/2021\/03\/como-limpiar-vidrios.jpg\" \/>\n\t<meta property=\"og:image:width\" content=\"300\" \/>\n\t<meta property=\"og:image:height\" content=\"150\" \/>\n\t<meta property=\"og:image:type\" content=\"image\/jpeg\" \/>\n<meta name=\"twitter:card\" content=\"summary_large_image\" \/>\n<meta name=\"twitter:label1\" content=\"Tiempo de lectura\" \/>\n\t<meta name=\"twitter:data1\" content=\"5 minutos\" \/>\n<script type=\"application\/ld+json\" class=\"yoast-schema-graph\">{\"@context\":\"https:\/\/schema.org\",\"@graph\":[{\"@type\":\"WebPage\",\"@id\":\"https:\/\/www.megaglass.com.mx\/blog\/como-limpiar-vidrios\/\",\"url\":\"https:\/\/www.megaglass.com.mx\/blog\/como-limpiar-vidrios\/\",\"name\":\"\u25b7\u3010 C\u00f3mo limpiar vidrios, consejos y materiales \u3011\u2713- Megaglass \u00ae\",\"isPartOf\":{\"@id\":\"https:\/\/www.megaglass.com.mx\/blog\/#website\"},\"datePublished\":\"2021-03-31T01:37:27+00:00\",\"dateModified\":\"2021-04-23T17:09:28+00:00\",\"breadcrumb\":{\"@id\":\"https:\/\/www.megaglass.com.mx\/blog\/como-limpiar-vidrios\/#breadcrumb\"},\"inLanguage\":\"es\",\"potentialAction\":[{\"@type\":\"ReadAction\",\"target\":[\"https:\/\/www.megaglass.com.mx\/blog\/como-limpiar-vidrios\/\"]}]},{\"@type\":\"BreadcrumbList\",\"@id\":\"https:\/\/www.megaglass.com.mx\/blog\/como-limpiar-vidrios\/#breadcrumb\",\"itemListElement\":[{\"@type\":\"ListItem\",\"position\":1,\"name\":\"Portada\",\"item\":\"https:\/\/www.megaglass.com.mx\/blog\/\"},{\"@type\":\"ListItem\",\"position\":2,\"name\":\"C\u00f3mo limpiar vidrios, consejos y materiales\"}]},{\"@type\":\"WebSite\",\"@id\":\"https:\/\/www.megaglass.com.mx\/blog\/#website\",\"url\":\"https:\/\/www.megaglass.com.mx\/blog\/\",\"name\":\"Megaglass\",\"description\":\"vidrio de alto performance\",\"potentialAction\":[{\"@type\":\"SearchAction\",\"target\":{\"@type\":\"EntryPoint\",\"urlTemplate\":\"https:\/\/www.megaglass.com.mx\/blog\/?s={search_term_string}\"},\"query-input\":\"required name=search_term_string\"}],\"inLanguage\":\"es\"}]}<\/script>\n<!-- \/ Yoast SEO plugin. -->","yoast_head_json":{"title":"\u25b7\u3010 C\u00f3mo limpiar vidrios, consejos y materiales \u3011\u2713- Megaglass \u00ae","robots":{"index":"index","follow":"follow","max-snippet":"max-snippet:-1","max-image-preview":"max-image-preview:large","max-video-preview":"max-video-preview:-1"},"canonical":"https:\/\/www.megaglass.com.mx\/blog\/como-limpiar-vidrios\/","og_locale":"es_ES","og_type":"article","og_title":"\u25b7\u3010 C\u00f3mo limpiar vidrios, consejos y materiales \u3011\u2713- Megaglass \u00ae","og_description":"Nada peor que mirar un cristal sucio. No importa cu\u00e1ntas veces intentes limpiarlos o qu\u00e9 productos qu\u00edmicos uses. En el campo de la limpieza, no solo los productos de alta calidad son suficientes, tambi\u00e9n necesitas dominar el conocimiento correcto para que los resultados sean excelentes. Por eso, te brindamos una serie de consejos y gu\u00edas &hellip; C\u00f3mo limpiar vidrios, consejos y materiales Leer m\u00e1s &raquo;","og_url":"https:\/\/www.megaglass.com.mx\/blog\/como-limpiar-vidrios\/","og_site_name":"Megaglass","article_modified_time":"2021-04-23T17:09:28+00:00","og_image":[{"width":300,"height":150,"url":"https:\/\/www.megaglass.com.mx\/blog\/wp-content\/uploads\/2021\/03\/como-limpiar-vidrios.jpg","type":"image\/jpeg"}],"twitter_card":"summary_large_image","twitter_misc":{"Tiempo de lectura":"5 minutos"},"schema":{"@context":"https:\/\/schema.org","@graph":[{"@type":"WebPage","@id":"https:\/\/www.megaglass.com.mx\/blog\/como-limpiar-vidrios\/","url":"https:\/\/www.megaglass.com.mx\/blog\/como-limpiar-vidrios\/","name":"\u25b7\u3010 C\u00f3mo limpiar vidrios, consejos y materiales \u3011\u2713- Megaglass \u00ae","isPartOf":{"@id":"https:\/\/www.megaglass.com.mx\/blog\/#website"},"datePublished":"2021-03-31T01:37:27+00:00","dateModified":"2021-04-23T17:09:28+00:00","breadcrumb":{"@id":"https:\/\/www.megaglass.com.mx\/blog\/como-limpiar-vidrios\/#breadcrumb"},"inLanguage":"es","potentialAction":[{"@type":"ReadAction","target":["https:\/\/www.megaglass.com.mx\/blog\/como-limpiar-vidrios\/"]}]},{"@type":"BreadcrumbList","@id":"https:\/\/www.megaglass.com.mx\/blog\/como-limpiar-vidrios\/#breadcrumb","itemListElement":[{"@type":"ListItem","position":1,"name":"Portada","item":"https:\/\/www.megaglass.com.mx\/blog\/"},{"@type":"ListItem","position":2,"name":"C\u00f3mo limpiar vidrios, consejos y materiales"}]},{"@type":"WebSite","@id":"https:\/\/www.megaglass.com.mx\/blog\/#website","url":"https:\/\/www.megaglass.com.mx\/blog\/","name":"Megaglass","description":"vidrio de alto performance","potentialAction":[{"@type":"SearchAction","target":{"@type":"EntryPoint","urlTemplate":"https:\/\/www.megaglass.com.mx\/blog\/?s={search_term_string}"},"query-input":"required name=search_term_string"}],"inLanguage":"es"}]}},"_links":{"self":[{"href":"https:\/\/www.megaglass.com.mx\/blog\/wp-json\/wp\/v2\/pages\/2740","targetHints":{"allow":["GET"]}}],"collection":[{"href":"https:\/\/www.megaglass.com.mx\/blog\/wp-json\/wp\/v2\/pages"}],"about":[{"href":"https:\/\/www.megaglass.com.mx\/blog\/wp-json\/wp\/v2\/types\/page"}],"author":[{"embeddable":true,"href":"https:\/\/www.megaglass.com.mx\/blog\/wp-json\/wp\/v2\/users\/1"}],"replies":[{"embeddable":true,"href":"https:\/\/www.megaglass.com.mx\/blog\/wp-json\/wp\/v2\/comments?post=2740"}],"version-history":[{"count":5,"href":"https:\/\/www.megaglass.com.mx\/blog\/wp-json\/wp\/v2\/pages\/2740\/revisions"}],"predecessor-version":[{"id":3494,"href":"https:\/\/www.megaglass.com.mx\/blog\/wp-json\/wp\/v2\/pages\/2740\/revisions\/3494"}],"wp:featuredmedia":[{"embeddable":true,"href":"https:\/\/www.megaglass.com.mx\/blog\/wp-json\/wp\/v2\/media\/2746"}],"wp:attachment":[{"href":"https:\/\/www.megaglass.com.mx\/blog\/wp-json\/wp\/v2\/media?parent=2740"}],"wp:term":[{"taxonomy":"interlinks","embeddable":true,"href":"https:\/\/www.megaglass.com.mx\/blog\/wp-json\/wp\/v2\/interlinks?post=2740"}],"curies":[{"name":"wp","href":"https:\/\/api.w.org\/{rel}","templated":true}]}}