{"id":2715,"date":"2021-03-23T18:15:28","date_gmt":"2021-03-23T18:15:28","guid":{"rendered":"https:\/\/www.megaglass.com.mx\/blog\/?page_id=2715"},"modified":"2021-04-23T17:07:02","modified_gmt":"2021-04-23T17:07:02","slug":"vidrios-especiales","status":"publish","type":"page","link":"https:\/\/www.megaglass.com.mx\/blog\/vidrios-especiales\/","title":{"rendered":"Tipos de vidrios especiales"},"content":{"rendered":"\n<div class=\"wp-block-cover has-background-dim-70 has-background-dim alignfull\" style=\"background-color:#001f5b;min-height:300px;aspect-ratio:unset;\"><img loading=\"lazy\" decoding=\"async\" width=\"1500\" height=\"300\" class=\"wp-block-cover__image-background wp-image-2718\" alt=\"\" src=\"https:\/\/www.megaglass.com.mx\/blog\/wp-content\/uploads\/2021\/03\/tipos-de-vidrios-especiales.jpg\" data-object-fit=\"cover\" srcset=\"https:\/\/www.megaglass.com.mx\/blog\/wp-content\/uploads\/2021\/03\/tipos-de-vidrios-especiales.jpg 1500w, https:\/\/www.megaglass.com.mx\/blog\/wp-content\/uploads\/2021\/03\/tipos-de-vidrios-especiales-150x30.jpg 150w, https:\/\/www.megaglass.com.mx\/blog\/wp-content\/uploads\/2021\/03\/tipos-de-vidrios-especiales-1024x205.jpg 1024w, https:\/\/www.megaglass.com.mx\/blog\/wp-content\/uploads\/2021\/03\/tipos-de-vidrios-especiales-768x154.jpg 768w\" sizes=\"auto, (max-width: 1500px) 100vw, 1500px\" \/><div class=\"wp-block-cover__inner-container is-layout-flow wp-block-cover-is-layout-flow\">\n<h1 class=\"wp-block-heading\"><span class=\"ez-toc-section\" id=\"Tipos_de_vidrios_especiales\"><\/span>Tipos de vidrios especiales<span class=\"ez-toc-section-end\"><\/span><\/h1><div id=\"ez-toc-container\" class=\"ez-toc-v2_0_16 counter-hierarchy counter-decimal ez-toc-transparent\">\n<div class=\"ez-toc-title-container\">\n<p class=\"ez-toc-title\">&Iacute;ndice<\/p>\n<span class=\"ez-toc-title-toggle\"><a class=\"ez-toc-pull-right ez-toc-btn ez-toc-btn-xs ez-toc-btn-default ez-toc-toggle\" style=\"display: none;\"><i class=\"ez-toc-glyphicon ez-toc-icon-toggle\"><\/i><\/a><\/span><\/div>\n<nav><ul class=\"ez-toc-list ez-toc-list-level-1\"><li class=\"ez-toc-page-1 ez-toc-heading-level-1\"><a class=\"ez-toc-link ez-toc-heading-1\" href=\"https:\/\/www.megaglass.com.mx\/blog\/vidrios-especiales\/#Tipos_de_vidrios_especiales\" title=\"Tipos de vidrios especiales\">Tipos de vidrios especiales<\/a><ul class=\"ez-toc-list-level-2\"><li class=\"ez-toc-heading-level-2\"><a class=\"ez-toc-link ez-toc-heading-2\" href=\"https:\/\/www.megaglass.com.mx\/blog\/vidrios-especiales\/#%C2%BFQue_son_los_vidrios_especiales\" title=\"\u00bfQu\u00e9 son los vidrios especiales?\">\u00bfQu\u00e9 son los vidrios especiales?<\/a><\/li><li class=\"ez-toc-page-1 ez-toc-heading-level-2\"><a class=\"ez-toc-link ez-toc-heading-3\" href=\"https:\/\/www.megaglass.com.mx\/blog\/vidrios-especiales\/#8_clases_de_vidrios_especiales_y_sus_caracteristicas\" title=\"8 clases de vidrios especiales y sus caracter\u00edsticas\">8 clases de vidrios especiales y sus caracter\u00edsticas<\/a><ul class=\"ez-toc-list-level-3\"><li class=\"ez-toc-heading-level-3\"><a class=\"ez-toc-link ez-toc-heading-4\" href=\"https:\/\/www.megaglass.com.mx\/blog\/vidrios-especiales\/#Vidrio_extra_claro\" title=\"Vidrio extra claro\">Vidrio extra claro<\/a><\/li><li class=\"ez-toc-page-1 ez-toc-heading-level-3\"><a class=\"ez-toc-link ez-toc-heading-5\" href=\"https:\/\/www.megaglass.com.mx\/blog\/vidrios-especiales\/#Vidrio_anti-vandalismo\" title=\"Vidrio anti-vandalismo\">Vidrio anti-vandalismo<\/a><\/li><li class=\"ez-toc-page-1 ez-toc-heading-level-3\"><a class=\"ez-toc-link ez-toc-heading-6\" href=\"https:\/\/www.megaglass.com.mx\/blog\/vidrios-especiales\/#Vidrio_impreso\" title=\"Vidrio impreso\">Vidrio impreso<\/a><\/li><li class=\"ez-toc-page-1 ez-toc-heading-level-3\"><a class=\"ez-toc-link ez-toc-heading-7\" href=\"https:\/\/www.megaglass.com.mx\/blog\/vidrios-especiales\/#Vidrio_grabado\" title=\"Vidrio grabado\">Vidrio grabado<\/a><\/li><li class=\"ez-toc-page-1 ez-toc-heading-level-3\"><a class=\"ez-toc-link ez-toc-heading-8\" href=\"https:\/\/www.megaglass.com.mx\/blog\/vidrios-especiales\/#Vidrios_con_revestimiento\" title=\"Vidrios con revestimiento\">Vidrios con revestimiento<\/a><\/li><li class=\"ez-toc-page-1 ez-toc-heading-level-3\"><a class=\"ez-toc-link ez-toc-heading-9\" href=\"https:\/\/www.megaglass.com.mx\/blog\/vidrios-especiales\/#Vidrio_estampado\" title=\"Vidrio estampado\">Vidrio estampado<\/a><\/li><li class=\"ez-toc-page-1 ez-toc-heading-level-3\"><a class=\"ez-toc-link ez-toc-heading-10\" href=\"https:\/\/www.megaglass.com.mx\/blog\/vidrios-especiales\/#Vidrio_resistente_a_la_presion\" title=\"Vidrio resistente a la presi\u00f3n\">Vidrio resistente a la presi\u00f3n<\/a><\/li><li class=\"ez-toc-page-1 ez-toc-heading-level-3\"><a class=\"ez-toc-link ez-toc-heading-11\" href=\"https:\/\/www.megaglass.com.mx\/blog\/vidrios-especiales\/#Vidrio_contra_fuego\" title=\"Vidrio contra fuego\">Vidrio contra fuego<\/a><\/li><\/ul><\/li><li class=\"ez-toc-page-1 ez-toc-heading-level-2\"><a class=\"ez-toc-link ez-toc-heading-12\" href=\"https:\/\/www.megaglass.com.mx\/blog\/vidrios-especiales\/#Recomendaciones_para_elegir_vidrios_especiales\" title=\"Recomendaciones para elegir vidrios especiales\">Recomendaciones para elegir vidrios especiales<\/a><\/li><li class=\"ez-toc-page-1 ez-toc-heading-level-2\"><a class=\"ez-toc-link ez-toc-heading-13\" href=\"https:\/\/www.megaglass.com.mx\/blog\/vidrios-especiales\/#%C2%BFNecesitas_una_cotizacion_o_asesoria\" title=\"\u00bfNecesitas una cotizaci\u00f3n o asesor\u00eda?\">\u00bfNecesitas una cotizaci\u00f3n o asesor\u00eda?<\/a><\/li><\/ul><\/li><\/ul><\/nav><\/div>\n\n<\/div><\/div>\n\n\n\n<h2 class=\"wp-block-heading\"><span class=\"ez-toc-section\" id=\"%C2%BFQue_son_los_vidrios_especiales\"><\/span>\u00bfQu\u00e9 son los vidrios especiales?<span class=\"ez-toc-section-end\"><\/span><\/h2>\n\n\n\n<p>El vidrio es un material inorg\u00e1nico que existe en la naturaleza y tambi\u00e9n se fabrica artificialmente. Este se utiliza para fabricar ventanas, lentes, botellas y diversos productos, incluido el vidrio con configuraciones especiales, que tienen diferentes ventajas seg\u00fan su composici\u00f3n o aplicaci\u00f3n:<\/p>\n\n\n\n<p>Existen diversas variantes de vidrios muchas de ellas con fines est\u00e9ticos y otros que adem\u00e1s ofrecen ventajas interesantes para la industria y la construcci\u00f3n. A continuaci\u00f3n, describimos brevemente las principales caracter\u00edsticas de cada tipo de vidrio.<\/p>\n\n\n\n<h2 class=\"wp-block-heading\"><span class=\"ez-toc-section\" id=\"8_clases_de_vidrios_especiales_y_sus_caracteristicas\"><\/span>8 clases de vidrios especiales y sus caracter\u00edsticas<span class=\"ez-toc-section-end\"><\/span><\/h2>\n\n\n\n<h3 class=\"wp-block-heading\"><span class=\"ez-toc-section\" id=\"Vidrio_extra_claro\"><\/span>Vidrio extra claro<span class=\"ez-toc-section-end\"><\/span><\/h3>\n\n\n\n<p>La composici\u00f3n b\u00e1sica del vidrio ultra blanco es diferente a otros tipos de vidrio. Esto debido a que el vidrio est\u00e1 hecho de un contenido de hierro muy bajo para minimizar sus propiedades reflectantes. Esto permite que la luz atraviese el cristal tanto como sea posible.<\/p>\n\n\n\n<p>Se utiliza en paneles solares, ya que es muy importante que la cubierta de vidrio deje pasar mucha luz para que los rayos del sol puedan llegar al tubo de calor o celda fotovoltaica. Tambi\u00e9n se puede utilizar en fachadas de vidrio debido a su excelente claridad, lo que permite disfrutar de una vista realista y sin distorsiones.<\/p>\n\n\n\n<h3 class=\"wp-block-heading\"><span class=\"ez-toc-section\" id=\"Vidrio_anti-vandalismo\"><\/span>Vidrio anti-vandalismo<span class=\"ez-toc-section-end\"><\/span><\/h3>\n\n\n\n<div class=\"wp-block-image\"><figure class=\"aligncenter size-large\"><img loading=\"lazy\" decoding=\"async\" width=\"800\" height=\"400\" src=\"https:\/\/www.megaglass.com.mx\/blog\/wp-content\/uploads\/2021\/03\/vidrios-configuracion-especial.jpg\" alt=\"\" class=\"wp-image-2720\" srcset=\"https:\/\/www.megaglass.com.mx\/blog\/wp-content\/uploads\/2021\/03\/vidrios-configuracion-especial.jpg 800w, https:\/\/www.megaglass.com.mx\/blog\/wp-content\/uploads\/2021\/03\/vidrios-configuracion-especial-150x75.jpg 150w, https:\/\/www.megaglass.com.mx\/blog\/wp-content\/uploads\/2021\/03\/vidrios-configuracion-especial-768x384.jpg 768w\" sizes=\"auto, (max-width: 800px) 100vw, 800px\" \/><\/figure><\/div>\n\n\n\n<p>Tiene una excelente resistencia a los intentos de robo o vandalismo. Este atributo se atribuye al papel de PVB (material pl\u00e1stico de alta expansi\u00f3n) En caso de impactos este se romper\u00e1 en fragmentos que se adhieren firmemente al PVB sin producir pedazos de vidrio que puedan usarse como proyectiles o cuchillos.<\/p>\n\n\n\n<h3 class=\"wp-block-heading\"><span class=\"ez-toc-section\" id=\"Vidrio_impreso\"><\/span>Vidrio impreso<span class=\"ez-toc-section-end\"><\/span><\/h3>\n\n\n\n<p>Se trata de un cristal decorativo pintado con tintas especiales que aportando diferentes colores que combinan con las tendencias actuales de interiorismo. Por su aspecto luminoso y moderno, es una soluci\u00f3n ideal acorde con las tendencias actuales de dise\u00f1o y arquitectura.<\/p>\n\n\n\n<p>Se puede instalar en cualquier aplicaci\u00f3n de interior, ya sea en un ambiente h\u00famedo o de alta temperatura, su versatilidad tiene ventajas extraordinarias.<\/p>\n\n\n\n<h3 class=\"wp-block-heading\"><span class=\"ez-toc-section\" id=\"Vidrio_grabado\"><\/span>Vidrio grabado<span class=\"ez-toc-section-end\"><\/span><\/h3>\n\n\n\n<p>Por lo general, se utiliza para paredes divisorias, revestimientos de paredes, divisiones de oficinas, puertas de ba\u00f1os, estantes y muchas otras aplicaciones interiores. Generalmente este vidrio ofrece elegancia, belleza y privacidad para espacios interiores.<\/p>\n\n\n\n<h3 class=\"wp-block-heading\"><span class=\"ez-toc-section\" id=\"Vidrios_con_revestimiento\"><\/span>Vidrios con revestimiento<span class=\"ez-toc-section-end\"><\/span><\/h3>\n\n\n\n<div class=\"wp-block-image\"><figure class=\"aligncenter size-large\"><img loading=\"lazy\" decoding=\"async\" width=\"800\" height=\"400\" src=\"https:\/\/www.megaglass.com.mx\/blog\/wp-content\/uploads\/2021\/03\/vidrios-con-revestimiento-especial.jpg\" alt=\"\" class=\"wp-image-2719\" srcset=\"https:\/\/www.megaglass.com.mx\/blog\/wp-content\/uploads\/2021\/03\/vidrios-con-revestimiento-especial.jpg 800w, https:\/\/www.megaglass.com.mx\/blog\/wp-content\/uploads\/2021\/03\/vidrios-con-revestimiento-especial-150x75.jpg 150w, https:\/\/www.megaglass.com.mx\/blog\/wp-content\/uploads\/2021\/03\/vidrios-con-revestimiento-especial-768x384.jpg 768w\" sizes=\"auto, (max-width: 800px) 100vw, 800px\" \/><\/figure><\/div>\n\n\n\n<p>A estos vidrios se les aplicara la superficie productos para cambiar su apariencia y\/o sus caracter\u00edsticas con el fin de darle caracter\u00edsticas especiales de reflexi\u00f3n, transmisi\u00f3n, absorci\u00f3n, resistencia al rayado o a la corrosi\u00f3n, entre otras<\/p>\n\n\n\n<p>El recubrimiento en vidrios generalmente se aplica por medio de una exposici\u00f3n controlada de la superficie a ciertos vapores qu\u00edmicos que se combinan con el vidrio para formar un recubrimiento permanente.<\/p>\n\n\n\n<h3 class=\"wp-block-heading\"><span class=\"ez-toc-section\" id=\"Vidrio_estampado\"><\/span>Vidrio estampado<span class=\"ez-toc-section-end\"><\/span><\/h3>\n\n\n\n<p>El m\u00e9todo para hacer vidrio estampado es pasar el vidrio a\u00fan caliente (generalmente despu\u00e9s de estar fuera del horno) por rodillos, cuya superficie contiene el patr\u00f3n deseado de relieve negativo. Este vidrio se utiliza principalmente para la decoraci\u00f3n y la construcci\u00f3n de interiores. Por motivos funcionales se suelen utilizar, en casos donde se requiere transparencia a la luz y una imagen diferente.<\/p>\n\n\n\n<h3 class=\"wp-block-heading\"><span class=\"ez-toc-section\" id=\"Vidrio_resistente_a_la_presion\"><\/span>Vidrio resistente a la presi\u00f3n<span class=\"ez-toc-section-end\"><\/span><\/h3>\n\n\n\n<p>Los vidrios utilizados como elementos de visualizaci\u00f3n en acuarios o piscinas y acuarios grandes tienen que resistir una gran presi\u00f3n de agua.<\/p>\n\n\n\n<p>La presi\u00f3n del agua a diferencia de la presi\u00f3n del viento, no es transitoria. Entonces, dado que el vidrio est\u00e1 sujeto a \u00abfatiga est\u00e1tica\u00bb, es necesario considerar con precisi\u00f3n la tensi\u00f3n que soportar\u00e1 cuyo resultado se utilizar\u00e1 para determinar el espesor adecuado del vidrio para evitar que este se rompa.<\/p>\n\n\n\n<h3 class=\"wp-block-heading\"><span class=\"ez-toc-section\" id=\"Vidrio_contra_fuego\"><\/span>Vidrio contra fuego<span class=\"ez-toc-section-end\"><\/span><\/h3>\n\n\n\n<div class=\"wp-block-image\"><figure class=\"aligncenter size-large\"><img loading=\"lazy\" decoding=\"async\" width=\"800\" height=\"400\" src=\"https:\/\/www.megaglass.com.mx\/blog\/wp-content\/uploads\/2021\/03\/vidrios-instalacion-especial.jpg\" alt=\"\" class=\"wp-image-2721\" srcset=\"https:\/\/www.megaglass.com.mx\/blog\/wp-content\/uploads\/2021\/03\/vidrios-instalacion-especial.jpg 800w, https:\/\/www.megaglass.com.mx\/blog\/wp-content\/uploads\/2021\/03\/vidrios-instalacion-especial-150x75.jpg 150w, https:\/\/www.megaglass.com.mx\/blog\/wp-content\/uploads\/2021\/03\/vidrios-instalacion-especial-768x384.jpg 768w\" sizes=\"auto, (max-width: 800px) 100vw, 800px\" \/><\/figure><\/div>\n\n\n\n<p>Es un componente de construcci\u00f3n que contiene uno o m\u00e1s productos de vidrio, as\u00ed como soportes de montaje, perfiles y sistemas de fijaci\u00f3n, que han sido probados y clasificados de acuerdo con las especificaciones.<\/p>\n\n\n\n<p>Durante un incendio los primeros minutos de calentamiento sobre el vidrio son un per\u00edodo cr\u00edtico. En este periodo el choque t\u00e9rmico provocado por el fuego puede provocar su ruptura, de modo que el fuego se propague libremente.<\/p>\n\n\n\n<p>Debido a su composici\u00f3n qu\u00edmica, el vidrio com\u00fanmente utilizado en la construcci\u00f3n tiene la gran ventaja de no ser inflamable. Por lo tanto, no pueden aumentar el alcance de las fuentes de fuego.<\/p>\n\n\n\n<h2 class=\"wp-block-heading\"><span class=\"ez-toc-section\" id=\"Recomendaciones_para_elegir_vidrios_especiales\"><\/span>Recomendaciones para elegir vidrios especiales<span class=\"ez-toc-section-end\"><\/span><\/h2>\n\n\n\n<p>Para elegir el vidrio adecuado de cada proyecto, el estudio de viabilidad y la cooperaci\u00f3n del proyecto espec\u00edfico debe ser realizado por la oficina t\u00e9cnica o los ingenieros expertos en vidrio estructural.<\/p>\n\n\n\n<p>Tambi\u00e9n se debe realizar todas las pruebas necesarias en talleres u obras de construcci\u00f3n para confirmar los resultados del c\u00e1lculo obtenidos. Adem\u00e1s de hacer la fabricaci\u00f3n y montaje de alta precisi\u00f3n en la obra, con el fin de evitar cualquier fallo de elementos estructurales, especialmente incidencias en el vidrio.<\/p>\n\n\n\n<h2 class=\"has-text-align-center wp-block-heading\"><span class=\"ez-toc-section\" id=\"%C2%BFNecesitas_una_cotizacion_o_asesoria\"><\/span>\u00bfNecesitas una cotizaci\u00f3n o asesor\u00eda?<span class=\"ez-toc-section-end\"><\/span><\/h2>\n\n\n\n<div class=\"wp-block-buttons alignfull is-content-justification-center is-layout-flex wp-block-buttons-is-layout-flex\">\n<div class=\"wp-block-button\"><a class=\"wp-block-button__link\" href=\"https:\/\/www.megaglass.com.mx\/es\/contacto.php\" target=\"_blank\" rel=\"noreferrer noopener\"><strong>Solicitar Asesor\u00eda o Cotizaci\u00f3n<\/strong><\/a><\/div>\n<\/div>\n","protected":false},"excerpt":{"rendered":"<p>\u00bfQu\u00e9 son los vidrios especiales? El vidrio es un material inorg\u00e1nico que existe en la naturaleza y tambi\u00e9n se fabrica artificialmente. Este se utiliza para fabricar ventanas, lentes, botellas y diversos productos, incluido el vidrio con configuraciones especiales, que tienen diferentes ventajas seg\u00fan su composici\u00f3n o aplicaci\u00f3n: Existen diversas variantes de vidrios muchas de ellas &hellip;<\/p>\n<p class=\"read-more\"> <a class=\"\" href=\"https:\/\/www.megaglass.com.mx\/blog\/vidrios-especiales\/\"> <span class=\"screen-reader-text\">Tipos de vidrios especiales<\/span> Leer m\u00e1s &raquo;<\/a><\/p>\n","protected":false},"author":1,"featured_media":2723,"parent":0,"menu_order":0,"comment_status":"closed","ping_status":"closed","template":"","meta":{"search_volume":480,"footnotes":""},"interlinks":[4],"class_list":["post-2715","page","type-page","status-publish","has-post-thumbnail","hentry"],"yoast_head":"<!-- This site is optimized with the Yoast SEO plugin v19.5.1 - https:\/\/yoast.com\/wordpress\/plugins\/seo\/ -->\n<title>\u25b7\u3010 Tipos de vidrios especiales \u3011\u2713- Megaglass \u00ae<\/title>\n<meta name=\"robots\" content=\"index, follow, max-snippet:-1, max-image-preview:large, max-video-preview:-1\" \/>\n<link rel=\"canonical\" href=\"https:\/\/www.megaglass.com.mx\/blog\/vidrios-especiales\/\" \/>\n<meta property=\"og:locale\" content=\"es_ES\" \/>\n<meta property=\"og:type\" content=\"article\" \/>\n<meta property=\"og:title\" content=\"\u25b7\u3010 Tipos de vidrios especiales \u3011\u2713- Megaglass \u00ae\" \/>\n<meta property=\"og:description\" content=\"\u00bfQu\u00e9 son los vidrios especiales? El vidrio es un material inorg\u00e1nico que existe en la naturaleza y tambi\u00e9n se fabrica artificialmente. Este se utiliza para fabricar ventanas, lentes, botellas y diversos productos, incluido el vidrio con configuraciones especiales, que tienen diferentes ventajas seg\u00fan su composici\u00f3n o aplicaci\u00f3n: Existen diversas variantes de vidrios muchas de ellas &hellip; Tipos de vidrios especiales Leer m\u00e1s &raquo;\" \/>\n<meta property=\"og:url\" content=\"https:\/\/www.megaglass.com.mx\/blog\/vidrios-especiales\/\" \/>\n<meta property=\"og:site_name\" content=\"Megaglass\" \/>\n<meta property=\"article:modified_time\" content=\"2021-04-23T17:07:02+00:00\" \/>\n<meta property=\"og:image\" content=\"https:\/\/www.megaglass.com.mx\/blog\/wp-content\/uploads\/2021\/03\/vidrios-especiales.jpg\" \/>\n\t<meta property=\"og:image:width\" content=\"300\" \/>\n\t<meta property=\"og:image:height\" content=\"150\" \/>\n\t<meta property=\"og:image:type\" content=\"image\/jpeg\" \/>\n<meta name=\"twitter:card\" content=\"summary_large_image\" \/>\n<meta name=\"twitter:label1\" content=\"Tiempo de lectura\" \/>\n\t<meta name=\"twitter:data1\" content=\"5 minutos\" \/>\n<script type=\"application\/ld+json\" class=\"yoast-schema-graph\">{\"@context\":\"https:\/\/schema.org\",\"@graph\":[{\"@type\":\"WebPage\",\"@id\":\"https:\/\/www.megaglass.com.mx\/blog\/vidrios-especiales\/\",\"url\":\"https:\/\/www.megaglass.com.mx\/blog\/vidrios-especiales\/\",\"name\":\"\u25b7\u3010 Tipos de vidrios especiales \u3011\u2713- Megaglass \u00ae\",\"isPartOf\":{\"@id\":\"https:\/\/www.megaglass.com.mx\/blog\/#website\"},\"datePublished\":\"2021-03-23T18:15:28+00:00\",\"dateModified\":\"2021-04-23T17:07:02+00:00\",\"breadcrumb\":{\"@id\":\"https:\/\/www.megaglass.com.mx\/blog\/vidrios-especiales\/#breadcrumb\"},\"inLanguage\":\"es\",\"potentialAction\":[{\"@type\":\"ReadAction\",\"target\":[\"https:\/\/www.megaglass.com.mx\/blog\/vidrios-especiales\/\"]}]},{\"@type\":\"BreadcrumbList\",\"@id\":\"https:\/\/www.megaglass.com.mx\/blog\/vidrios-especiales\/#breadcrumb\",\"itemListElement\":[{\"@type\":\"ListItem\",\"position\":1,\"name\":\"Portada\",\"item\":\"https:\/\/www.megaglass.com.mx\/blog\/\"},{\"@type\":\"ListItem\",\"position\":2,\"name\":\"Tipos de vidrios especiales\"}]},{\"@type\":\"WebSite\",\"@id\":\"https:\/\/www.megaglass.com.mx\/blog\/#website\",\"url\":\"https:\/\/www.megaglass.com.mx\/blog\/\",\"name\":\"Megaglass\",\"description\":\"vidrio de alto performance\",\"potentialAction\":[{\"@type\":\"SearchAction\",\"target\":{\"@type\":\"EntryPoint\",\"urlTemplate\":\"https:\/\/www.megaglass.com.mx\/blog\/?s={search_term_string}\"},\"query-input\":\"required name=search_term_string\"}],\"inLanguage\":\"es\"}]}<\/script>\n<!-- \/ Yoast SEO plugin. -->","yoast_head_json":{"title":"\u25b7\u3010 Tipos de vidrios especiales \u3011\u2713- Megaglass \u00ae","robots":{"index":"index","follow":"follow","max-snippet":"max-snippet:-1","max-image-preview":"max-image-preview:large","max-video-preview":"max-video-preview:-1"},"canonical":"https:\/\/www.megaglass.com.mx\/blog\/vidrios-especiales\/","og_locale":"es_ES","og_type":"article","og_title":"\u25b7\u3010 Tipos de vidrios especiales \u3011\u2713- Megaglass \u00ae","og_description":"\u00bfQu\u00e9 son los vidrios especiales? El vidrio es un material inorg\u00e1nico que existe en la naturaleza y tambi\u00e9n se fabrica artificialmente. Este se utiliza para fabricar ventanas, lentes, botellas y diversos productos, incluido el vidrio con configuraciones especiales, que tienen diferentes ventajas seg\u00fan su composici\u00f3n o aplicaci\u00f3n: Existen diversas variantes de vidrios muchas de ellas &hellip; Tipos de vidrios especiales Leer m\u00e1s &raquo;","og_url":"https:\/\/www.megaglass.com.mx\/blog\/vidrios-especiales\/","og_site_name":"Megaglass","article_modified_time":"2021-04-23T17:07:02+00:00","og_image":[{"width":300,"height":150,"url":"https:\/\/www.megaglass.com.mx\/blog\/wp-content\/uploads\/2021\/03\/vidrios-especiales.jpg","type":"image\/jpeg"}],"twitter_card":"summary_large_image","twitter_misc":{"Tiempo de lectura":"5 minutos"},"schema":{"@context":"https:\/\/schema.org","@graph":[{"@type":"WebPage","@id":"https:\/\/www.megaglass.com.mx\/blog\/vidrios-especiales\/","url":"https:\/\/www.megaglass.com.mx\/blog\/vidrios-especiales\/","name":"\u25b7\u3010 Tipos de vidrios especiales \u3011\u2713- Megaglass \u00ae","isPartOf":{"@id":"https:\/\/www.megaglass.com.mx\/blog\/#website"},"datePublished":"2021-03-23T18:15:28+00:00","dateModified":"2021-04-23T17:07:02+00:00","breadcrumb":{"@id":"https:\/\/www.megaglass.com.mx\/blog\/vidrios-especiales\/#breadcrumb"},"inLanguage":"es","potentialAction":[{"@type":"ReadAction","target":["https:\/\/www.megaglass.com.mx\/blog\/vidrios-especiales\/"]}]},{"@type":"BreadcrumbList","@id":"https:\/\/www.megaglass.com.mx\/blog\/vidrios-especiales\/#breadcrumb","itemListElement":[{"@type":"ListItem","position":1,"name":"Portada","item":"https:\/\/www.megaglass.com.mx\/blog\/"},{"@type":"ListItem","position":2,"name":"Tipos de vidrios especiales"}]},{"@type":"WebSite","@id":"https:\/\/www.megaglass.com.mx\/blog\/#website","url":"https:\/\/www.megaglass.com.mx\/blog\/","name":"Megaglass","description":"vidrio de alto performance","potentialAction":[{"@type":"SearchAction","target":{"@type":"EntryPoint","urlTemplate":"https:\/\/www.megaglass.com.mx\/blog\/?s={search_term_string}"},"query-input":"required name=search_term_string"}],"inLanguage":"es"}]}},"_links":{"self":[{"href":"https:\/\/www.megaglass.com.mx\/blog\/wp-json\/wp\/v2\/pages\/2715","targetHints":{"allow":["GET"]}}],"collection":[{"href":"https:\/\/www.megaglass.com.mx\/blog\/wp-json\/wp\/v2\/pages"}],"about":[{"href":"https:\/\/www.megaglass.com.mx\/blog\/wp-json\/wp\/v2\/types\/page"}],"author":[{"embeddable":true,"href":"https:\/\/www.megaglass.com.mx\/blog\/wp-json\/wp\/v2\/users\/1"}],"replies":[{"embeddable":true,"href":"https:\/\/www.megaglass.com.mx\/blog\/wp-json\/wp\/v2\/comments?post=2715"}],"version-history":[{"count":7,"href":"https:\/\/www.megaglass.com.mx\/blog\/wp-json\/wp\/v2\/pages\/2715\/revisions"}],"predecessor-version":[{"id":2891,"href":"https:\/\/www.megaglass.com.mx\/blog\/wp-json\/wp\/v2\/pages\/2715\/revisions\/2891"}],"wp:featuredmedia":[{"embeddable":true,"href":"https:\/\/www.megaglass.com.mx\/blog\/wp-json\/wp\/v2\/media\/2723"}],"wp:attachment":[{"href":"https:\/\/www.megaglass.com.mx\/blog\/wp-json\/wp\/v2\/media?parent=2715"}],"wp:term":[{"taxonomy":"interlinks","embeddable":true,"href":"https:\/\/www.megaglass.com.mx\/blog\/wp-json\/wp\/v2\/interlinks?post=2715"}],"curies":[{"name":"wp","href":"https:\/\/api.w.org\/{rel}","templated":true}]}}