{"id":2415,"date":"2021-02-11T17:30:50","date_gmt":"2021-02-11T17:30:50","guid":{"rendered":"https:\/\/www.megaglass.com.mx\/blog\/?page_id=2415"},"modified":"2021-04-23T17:02:07","modified_gmt":"2021-04-23T17:02:07","slug":"sistema-stick","status":"publish","type":"page","link":"https:\/\/www.megaglass.com.mx\/blog\/sistema-stick\/","title":{"rendered":"Sistema Stick caracter\u00edsticas y ventajas"},"content":{"rendered":"\n<div class=\"wp-block-cover has-background-dim-70 has-background-dim alignfull\" style=\"background-color:#001f5b;min-height:300px;aspect-ratio:unset;\"><img loading=\"lazy\" decoding=\"async\" width=\"1500\" height=\"300\" class=\"wp-block-cover__image-background wp-image-2603\" alt=\"\" src=\"https:\/\/www.megaglass.com.mx\/blog\/wp-content\/uploads\/2021\/02\/sistema_stick.jpg\" data-object-fit=\"cover\" srcset=\"https:\/\/www.megaglass.com.mx\/blog\/wp-content\/uploads\/2021\/02\/sistema_stick.jpg 1500w, https:\/\/www.megaglass.com.mx\/blog\/wp-content\/uploads\/2021\/02\/sistema_stick-150x30.jpg 150w, https:\/\/www.megaglass.com.mx\/blog\/wp-content\/uploads\/2021\/02\/sistema_stick-1024x205.jpg 1024w, https:\/\/www.megaglass.com.mx\/blog\/wp-content\/uploads\/2021\/02\/sistema_stick-768x154.jpg 768w\" sizes=\"auto, (max-width: 1500px) 100vw, 1500px\" \/><div class=\"wp-block-cover__inner-container is-layout-flow wp-block-cover-is-layout-flow\">\n<h1 class=\"wp-block-heading\"><span class=\"ez-toc-section\" id=\"Sistema_Stick_caracteristicas_y_ventajas\"><\/span>Sistema Stick caracter\u00edsticas y ventajas<span class=\"ez-toc-section-end\"><\/span><\/h1><div id=\"ez-toc-container\" class=\"ez-toc-v2_0_16 counter-hierarchy counter-decimal ez-toc-transparent\">\n<div class=\"ez-toc-title-container\">\n<p class=\"ez-toc-title\">&Iacute;ndice<\/p>\n<span class=\"ez-toc-title-toggle\"><a class=\"ez-toc-pull-right ez-toc-btn ez-toc-btn-xs ez-toc-btn-default ez-toc-toggle\" style=\"display: none;\"><i class=\"ez-toc-glyphicon ez-toc-icon-toggle\"><\/i><\/a><\/span><\/div>\n<nav><ul class=\"ez-toc-list ez-toc-list-level-1\"><li class=\"ez-toc-page-1 ez-toc-heading-level-1\"><a class=\"ez-toc-link ez-toc-heading-1\" href=\"https:\/\/www.megaglass.com.mx\/blog\/sistema-stick\/#Sistema_Stick_caracteristicas_y_ventajas\" title=\"Sistema Stick caracter\u00edsticas y ventajas\">Sistema Stick caracter\u00edsticas y ventajas<\/a><ul class=\"ez-toc-list-level-2\"><li class=\"ez-toc-heading-level-2\"><a class=\"ez-toc-link ez-toc-heading-2\" href=\"https:\/\/www.megaglass.com.mx\/blog\/sistema-stick\/#%C2%BFQue_es_el_Sistema_Stick\" title=\"\u00bfQu\u00e9 es el Sistema Stick?\">\u00bfQu\u00e9 es el Sistema Stick?<\/a><ul class=\"ez-toc-list-level-3\"><li class=\"ez-toc-heading-level-3\"><a class=\"ez-toc-link ez-toc-heading-3\" href=\"https:\/\/www.megaglass.com.mx\/blog\/sistema-stick\/#Caracteristicas_del_Sistema_de_Fachada_Stick\" title=\"Caracter\u00edsticas del Sistema de Fachada Stick\">Caracter\u00edsticas del Sistema de Fachada Stick<\/a><\/li><\/ul><\/li><li class=\"ez-toc-page-1 ez-toc-heading-level-2\"><a class=\"ez-toc-link ez-toc-heading-4\" href=\"https:\/\/www.megaglass.com.mx\/blog\/sistema-stick\/#Ventajas_de_muro_cortina_Stick\" title=\"Ventajas de muro cortina Stick\">Ventajas de muro cortina Stick<\/a><\/li><li class=\"ez-toc-page-1 ez-toc-heading-level-2\"><a class=\"ez-toc-link ez-toc-heading-5\" href=\"https:\/\/www.megaglass.com.mx\/blog\/sistema-stick\/#Tipos_de_sistema_Stick\" title=\"Tipos de sistema Stick\">Tipos de sistema Stick<\/a><ul class=\"ez-toc-list-level-3\"><li class=\"ez-toc-heading-level-3\"><a class=\"ez-toc-link ez-toc-heading-6\" href=\"https:\/\/www.megaglass.com.mx\/blog\/sistema-stick\/#R50SG\" title=\"R50SG\">R50SG<\/a><\/li><li class=\"ez-toc-page-1 ez-toc-heading-level-3\"><a class=\"ez-toc-link ez-toc-heading-7\" href=\"https:\/\/www.megaglass.com.mx\/blog\/sistema-stick\/#R70ST\" title=\"R70ST\">R70ST<\/a><\/li><li class=\"ez-toc-page-1 ez-toc-heading-level-3\"><a class=\"ez-toc-link ez-toc-heading-8\" href=\"https:\/\/www.megaglass.com.mx\/blog\/sistema-stick\/#R50T\" title=\"R50T\">R50T<\/a><\/li><li class=\"ez-toc-page-1 ez-toc-heading-level-3\"><a class=\"ez-toc-link ez-toc-heading-9\" href=\"https:\/\/www.megaglass.com.mx\/blog\/sistema-stick\/#Modular\" title=\"Modular\">Modular<\/a><\/li><\/ul><\/li><li class=\"ez-toc-page-1 ez-toc-heading-level-2\"><a class=\"ez-toc-link ez-toc-heading-10\" href=\"https:\/\/www.megaglass.com.mx\/blog\/sistema-stick\/#Consejos_de_instalacion_para_el_fachadas_Stick\" title=\"Consejos de instalaci\u00f3n para el fachadas Stick\">Consejos de instalaci\u00f3n para el fachadas Stick<\/a><\/li><li class=\"ez-toc-page-1 ez-toc-heading-level-2\"><a class=\"ez-toc-link ez-toc-heading-11\" href=\"https:\/\/www.megaglass.com.mx\/blog\/sistema-stick\/#%C2%BFNecesitas_una_cotizacion_o_asesoria\" title=\"\u00bfNecesitas una cotizaci\u00f3n o asesor\u00eda?\">\u00bfNecesitas una cotizaci\u00f3n o asesor\u00eda?<\/a><\/li><\/ul><\/li><\/ul><\/nav><\/div>\n\n<\/div><\/div>\n\n\n\n<h2 class=\"wp-block-heading\"><span class=\"ez-toc-section\" id=\"%C2%BFQue_es_el_Sistema_Stick\"><\/span>\u00bfQu\u00e9 es el Sistema Stick?<span class=\"ez-toc-section-end\"><\/span><\/h2>\n\n\n\n<p>Es el tipo de muro cortina m\u00e1s tradicional, compuesto por perfiles, parteluces y travesa\u00f1os yuxtapuestos, generalmente formando entramados. Su dise\u00f1o permite incorporar paneles opacos, transl\u00facidos o transparentes. El transporte y montaje de cada componente se realiza de forma individual. Es el sistema m\u00e1s adecuado para edificios de diferentes tama\u00f1os instalados frente a una losa, lo que hace que el ambiente sea m\u00e1s moderno.<\/p>\n\n\n\n<h3 class=\"wp-block-heading\"><span class=\"ez-toc-section\" id=\"Caracteristicas_del_Sistema_de_Fachada_Stick\"><\/span>Caracter\u00edsticas del Sistema de Fachada Stick<span class=\"ez-toc-section-end\"><\/span><\/h3>\n\n\n\n<div class=\"wp-block-columns is-layout-flex wp-container-core-columns-is-layout-9d6595d7 wp-block-columns-is-layout-flex\">\n<div class=\"wp-block-column is-layout-flow wp-block-column-is-layout-flow\">\n<p>Esta serie de muros cortina permite la combinaci\u00f3n de perfiles decorativos horizontales y verticales denominados parasoles. Ademas para de que se pueden utilizar paneles de aluminio con pintura de varios colores.<\/p>\n\n\n\n<p>Se caracteriza por la instalaci\u00f3n en el lugar de la obra, ya que primero se instala la estructura de soporte y luego se colocan los vidrios y los sellos correspondientes. Este modo permite instalarlo en estructuras donde cada panel tiene un tama\u00f1o diferente.<\/p>\n\n\n\n<p>El sistema permite el uso de vidrio con un espesor de E = {6mm\u2265x\u226422mm} en diversos vidrios de seguridad: laminado (aislamiento ac\u00fastico), templado y aislamiento t\u00e9rmico (aislamiento ac\u00fastico t\u00e9rmico). Los colores son variados, transparentes, bronce, grises y reflectantes.<\/p>\n<\/div>\n\n\n\n<div class=\"wp-block-column is-layout-flow wp-block-column-is-layout-flow\">\n<figure class=\"wp-block-image size-large\"><img loading=\"lazy\" decoding=\"async\" width=\"400\" height=\"400\" src=\"https:\/\/www.megaglass.com.mx\/blog\/wp-content\/uploads\/2021\/02\/stick_fachada.jpg\" alt=\"\" class=\"wp-image-2604\" srcset=\"https:\/\/www.megaglass.com.mx\/blog\/wp-content\/uploads\/2021\/02\/stick_fachada.jpg 400w, https:\/\/www.megaglass.com.mx\/blog\/wp-content\/uploads\/2021\/02\/stick_fachada-150x150.jpg 150w\" sizes=\"auto, (max-width: 400px) 100vw, 400px\" \/><\/figure>\n<\/div>\n<\/div>\n\n\n\n<p>Otro aspecto notable del muro cortina es que, aunque todo el vidrio parece ser transparente desde el exterior, solo una parte (llamada \u00e1rea de observaci\u00f3n) es transparente y la otra parte (el \u00e1rea del alf\u00e9izar de la ventana) suele ser opaca, incluso si el exterior.<\/p>\n\n\n\n<p>Lo mismo ocurre con el vidrio, ya que esta zona puede ocultar puntos de anclaje, solucionar el contacto con el suelo y techo, y las contraventanas de la casa, proporcionar funciones de aislamiento t\u00e9rmico y ac\u00fastico y cumplir con la normativa de protecci\u00f3n contra incendios, por lo que proporciona una barrera de al menos un metro de altura, lo cual aporta un \u00e1rea de construcci\u00f3n muy complicada para el paso del fuego<\/p>\n\n\n\n<h2 class=\"wp-block-heading\"><span class=\"ez-toc-section\" id=\"Ventajas_de_muro_cortina_Stick\"><\/span>Ventajas de muro cortina Stick<span class=\"ez-toc-section-end\"><\/span><\/h2>\n\n\n\n<div class=\"wp-block-image\"><figure class=\"aligncenter size-large\"><img loading=\"lazy\" decoding=\"async\" width=\"800\" height=\"400\" src=\"https:\/\/www.megaglass.com.mx\/blog\/wp-content\/uploads\/2021\/02\/ventajas_sistema_stick.jpg\" alt=\"\" class=\"wp-image-2606\" srcset=\"https:\/\/www.megaglass.com.mx\/blog\/wp-content\/uploads\/2021\/02\/ventajas_sistema_stick.jpg 800w, https:\/\/www.megaglass.com.mx\/blog\/wp-content\/uploads\/2021\/02\/ventajas_sistema_stick-150x75.jpg 150w, https:\/\/www.megaglass.com.mx\/blog\/wp-content\/uploads\/2021\/02\/ventajas_sistema_stick-768x384.jpg 768w, https:\/\/www.megaglass.com.mx\/blog\/wp-content\/uploads\/2021\/02\/ventajas_sistema_stick-300x150.jpg 300w\" sizes=\"auto, (max-width: 800px) 100vw, 800px\" \/><\/figure><\/div>\n\n\n\n<ul class=\"wp-block-list\"><li>El ensamblaje pieza a pieza y el ensamblaje vidrio a vidrio, sin necesidad de complicados equipos de elevaci\u00f3n.<\/li><li>Ofrece ahorro de energ\u00eda, iluminaci\u00f3n natural y aislamiento t\u00e9rmico y ac\u00fastico.<\/li><li>Reduce considerablemente la incidencia de los rayos ultravioleta.<\/li><li>Es f\u00e1cil de montar ya que gracias a su proceso de instalaci\u00f3n r\u00e1pido.<\/li><li>Los paneles &nbsp;son f\u00e1ciles de mantener y reemplazar.<\/li><\/ul>\n\n\n\n<h2 class=\"wp-block-heading\"><span class=\"ez-toc-section\" id=\"Tipos_de_sistema_Stick\"><\/span>Tipos de sistema Stick<span class=\"ez-toc-section-end\"><\/span><\/h2>\n\n\n\n<p>Existen variantes de este tipo de muro cortina, la diferencia radica en la forma en que los paneles se conectan a la rejilla.<\/p>\n\n\n\n<h3 class=\"wp-block-heading\"><span class=\"ez-toc-section\" id=\"R50SG\"><\/span>R50SG<span class=\"ez-toc-section-end\"><\/span><\/h3>\n\n\n\n<p>La caracter\u00edstica de este modelo es el vidrio que fija directamente sobre el perfil, que mantiene fijas las partes integradas en la capa intermedia, sin necesidad de marco perimetetral<\/p>\n\n\n\n<h3 class=\"wp-block-heading\"><span class=\"ez-toc-section\" id=\"R70ST\"><\/span>R70ST<span class=\"ez-toc-section-end\"><\/span><\/h3>\n\n\n\n<p>El sistema permite que el vidrio proporcione siempre una superficie continua sin ning\u00fan elemento envolvente, adem\u00e1s de que evita elementos externos y proporciona una planitud general, mostrando solo elementos de relleno.<\/p>\n\n\n\n<p>Por su dise\u00f1o, es m\u00e1s adecuado para integrar elementos de paredes exteriores como aceras y revestimientos de doble acristalamiento. Los soportes de estos herrajes pasan por las aberturas entre los cristales para asegurar la estanqueidad.<\/p>\n\n\n\n<div class=\"wp-block-image\"><figure class=\"aligncenter size-large\"><img loading=\"lazy\" decoding=\"async\" width=\"800\" height=\"400\" src=\"https:\/\/www.megaglass.com.mx\/blog\/wp-content\/uploads\/2021\/02\/caractersiticas_sistema_stick.jpg\" alt=\"\" class=\"wp-image-2608\" srcset=\"https:\/\/www.megaglass.com.mx\/blog\/wp-content\/uploads\/2021\/02\/caractersiticas_sistema_stick.jpg 800w, https:\/\/www.megaglass.com.mx\/blog\/wp-content\/uploads\/2021\/02\/caractersiticas_sistema_stick-150x75.jpg 150w, https:\/\/www.megaglass.com.mx\/blog\/wp-content\/uploads\/2021\/02\/caractersiticas_sistema_stick-768x384.jpg 768w, https:\/\/www.megaglass.com.mx\/blog\/wp-content\/uploads\/2021\/02\/caractersiticas_sistema_stick-300x150.jpg 300w\" sizes=\"auto, (max-width: 800px) 100vw, 800px\" \/><\/figure><\/div>\n\n\n\n<h3 class=\"wp-block-heading\"><span class=\"ez-toc-section\" id=\"R50T\"><\/span>R50T<span class=\"ez-toc-section-end\"><\/span><\/h3>\n\n\n\n<p>Se fija mediante una tapa de junta de presi\u00f3n, el cual fija el panel de relleno al elemento interno. Esta obra tiene diferentes posibilidades morfol\u00f3gicas, que se pueden transformar en diferentes elementos de la columna y el travesa\u00f1o.<\/p>\n\n\n\n<h3 class=\"wp-block-heading\"><span class=\"ez-toc-section\" id=\"Modular\"><\/span>Modular<span class=\"ez-toc-section-end\"><\/span><\/h3>\n\n\n\n<p>El m\u00f3dulo consta de travesa\u00f1os, montanes y elementos de relleno, los cuales han sido preensamblados en el taller para su posterior finalizaci\u00f3n y colocados directamente en el sitio.<\/p>\n\n\n\n<h2 class=\"wp-block-heading\"><span class=\"ez-toc-section\" id=\"Consejos_de_instalacion_para_el_fachadas_Stick\"><\/span>Consejos de instalaci\u00f3n para el fachadas Stick<span class=\"ez-toc-section-end\"><\/span><\/h2>\n\n\n\n<div class=\"wp-block-image\"><figure class=\"aligncenter size-large\"><img loading=\"lazy\" decoding=\"async\" width=\"800\" height=\"400\" src=\"https:\/\/www.megaglass.com.mx\/blog\/wp-content\/uploads\/2021\/02\/instalacion_sistema_stick.jpg\" alt=\"\" class=\"wp-image-2607\" srcset=\"https:\/\/www.megaglass.com.mx\/blog\/wp-content\/uploads\/2021\/02\/instalacion_sistema_stick.jpg 800w, https:\/\/www.megaglass.com.mx\/blog\/wp-content\/uploads\/2021\/02\/instalacion_sistema_stick-150x75.jpg 150w, https:\/\/www.megaglass.com.mx\/blog\/wp-content\/uploads\/2021\/02\/instalacion_sistema_stick-768x384.jpg 768w, https:\/\/www.megaglass.com.mx\/blog\/wp-content\/uploads\/2021\/02\/instalacion_sistema_stick-300x150.jpg 300w\" sizes=\"auto, (max-width: 800px) 100vw, 800px\" \/><\/figure><\/div>\n\n\n\n<p>El montaje se inicia desde el muro exterior del edificio, a trav\u00e9s de columnas de aluminio ensamblables o perfiles verticales, que se apoyan en anclajes que fijan el muro cortina. Despu\u00e9s de instalar la columna vertical, se ajusta la barra horizontal para determinar el \u00e1rea visible y el \u00e1rea del umbral del muro cortina.<\/p>\n\n\n\n<p>Para el montaje, se debe realizar desde el exterior, por lo que se requieren andamios y dispositivos de elevaci\u00f3n externos. Primero, instale las columnas y vigas al piso usando componentes de anclaje.<\/p>\n\n\n\n<p>El sistema est\u00e1 dirigido solo a edificios de menos de 30 pisos de altura.<\/p>\n\n\n\n<h2 class=\"has-text-align-center wp-block-heading\"><span class=\"ez-toc-section\" id=\"%C2%BFNecesitas_una_cotizacion_o_asesoria\"><\/span>\u00bfNecesitas una cotizaci\u00f3n o asesor\u00eda?<span class=\"ez-toc-section-end\"><\/span><\/h2>\n\n\n\n<div class=\"wp-block-buttons alignfull is-content-justification-center is-layout-flex wp-block-buttons-is-layout-flex\">\n<div class=\"wp-block-button\"><a class=\"wp-block-button__link\" href=\"https:\/\/www.megaglass.com.mx\/es\/contacto.php\" target=\"_blank\" rel=\"noreferrer noopener\"><strong>Solicitar Asesor\u00eda o Cotizaci\u00f3n<\/strong><\/a><\/div>\n<\/div>\n","protected":false},"excerpt":{"rendered":"<p>\u00bfQu\u00e9 es el Sistema Stick? Es el tipo de muro cortina m\u00e1s tradicional, compuesto por perfiles, parteluces y travesa\u00f1os yuxtapuestos, generalmente formando entramados. Su dise\u00f1o permite incorporar paneles opacos, transl\u00facidos o transparentes. El transporte y montaje de cada componente se realiza de forma individual. Es el sistema m\u00e1s adecuado para edificios de diferentes tama\u00f1os instalados &hellip;<\/p>\n<p class=\"read-more\"> <a class=\"\" href=\"https:\/\/www.megaglass.com.mx\/blog\/sistema-stick\/\"> <span class=\"screen-reader-text\">Sistema Stick caracter\u00edsticas y ventajas<\/span> Leer m\u00e1s &raquo;<\/a><\/p>\n","protected":false},"author":1,"featured_media":2610,"parent":0,"menu_order":0,"comment_status":"closed","ping_status":"closed","template":"","meta":{"search_volume":170,"footnotes":""},"interlinks":[4],"class_list":["post-2415","page","type-page","status-publish","has-post-thumbnail","hentry"],"yoast_head":"<!-- This site is optimized with the Yoast SEO plugin v19.5.1 - https:\/\/yoast.com\/wordpress\/plugins\/seo\/ -->\n<title>\u25b7\u3010 Sistema Stick caracter\u00edsticas y ventajas \u3011\u2713- Megaglass \u00ae<\/title>\n<meta name=\"robots\" content=\"index, follow, max-snippet:-1, max-image-preview:large, max-video-preview:-1\" \/>\n<link rel=\"canonical\" href=\"https:\/\/www.megaglass.com.mx\/blog\/sistema-stick\/\" \/>\n<meta property=\"og:locale\" content=\"es_ES\" \/>\n<meta property=\"og:type\" content=\"article\" \/>\n<meta property=\"og:title\" content=\"\u25b7\u3010 Sistema Stick caracter\u00edsticas y ventajas \u3011\u2713- Megaglass \u00ae\" \/>\n<meta property=\"og:description\" content=\"\u00bfQu\u00e9 es el Sistema Stick? Es el tipo de muro cortina m\u00e1s tradicional, compuesto por perfiles, parteluces y travesa\u00f1os yuxtapuestos, generalmente formando entramados. Su dise\u00f1o permite incorporar paneles opacos, transl\u00facidos o transparentes. El transporte y montaje de cada componente se realiza de forma individual. Es el sistema m\u00e1s adecuado para edificios de diferentes tama\u00f1os instalados &hellip; Sistema Stick caracter\u00edsticas y ventajas Leer m\u00e1s &raquo;\" \/>\n<meta property=\"og:url\" content=\"https:\/\/www.megaglass.com.mx\/blog\/sistema-stick\/\" \/>\n<meta property=\"og:site_name\" content=\"Megaglass\" \/>\n<meta property=\"article:modified_time\" content=\"2021-04-23T17:02:07+00:00\" \/>\n<meta property=\"og:image\" content=\"https:\/\/www.megaglass.com.mx\/blog\/wp-content\/uploads\/2021\/02\/muro_cortina_sistema_stick.jpg\" \/>\n\t<meta property=\"og:image:width\" content=\"300\" \/>\n\t<meta property=\"og:image:height\" content=\"150\" \/>\n\t<meta property=\"og:image:type\" content=\"image\/jpeg\" \/>\n<meta name=\"twitter:card\" content=\"summary_large_image\" \/>\n<meta name=\"twitter:label1\" content=\"Tiempo de lectura\" \/>\n\t<meta name=\"twitter:data1\" content=\"4 minutos\" \/>\n<script type=\"application\/ld+json\" class=\"yoast-schema-graph\">{\"@context\":\"https:\/\/schema.org\",\"@graph\":[{\"@type\":\"WebPage\",\"@id\":\"https:\/\/www.megaglass.com.mx\/blog\/sistema-stick\/\",\"url\":\"https:\/\/www.megaglass.com.mx\/blog\/sistema-stick\/\",\"name\":\"\u25b7\u3010 Sistema Stick caracter\u00edsticas y ventajas \u3011\u2713- Megaglass \u00ae\",\"isPartOf\":{\"@id\":\"https:\/\/www.megaglass.com.mx\/blog\/#website\"},\"datePublished\":\"2021-02-11T17:30:50+00:00\",\"dateModified\":\"2021-04-23T17:02:07+00:00\",\"breadcrumb\":{\"@id\":\"https:\/\/www.megaglass.com.mx\/blog\/sistema-stick\/#breadcrumb\"},\"inLanguage\":\"es\",\"potentialAction\":[{\"@type\":\"ReadAction\",\"target\":[\"https:\/\/www.megaglass.com.mx\/blog\/sistema-stick\/\"]}]},{\"@type\":\"BreadcrumbList\",\"@id\":\"https:\/\/www.megaglass.com.mx\/blog\/sistema-stick\/#breadcrumb\",\"itemListElement\":[{\"@type\":\"ListItem\",\"position\":1,\"name\":\"Portada\",\"item\":\"https:\/\/www.megaglass.com.mx\/blog\/\"},{\"@type\":\"ListItem\",\"position\":2,\"name\":\"Sistema Stick caracter\u00edsticas y ventajas\"}]},{\"@type\":\"WebSite\",\"@id\":\"https:\/\/www.megaglass.com.mx\/blog\/#website\",\"url\":\"https:\/\/www.megaglass.com.mx\/blog\/\",\"name\":\"Megaglass\",\"description\":\"vidrio de alto performance\",\"potentialAction\":[{\"@type\":\"SearchAction\",\"target\":{\"@type\":\"EntryPoint\",\"urlTemplate\":\"https:\/\/www.megaglass.com.mx\/blog\/?s={search_term_string}\"},\"query-input\":\"required name=search_term_string\"}],\"inLanguage\":\"es\"}]}<\/script>\n<!-- \/ Yoast SEO plugin. -->","yoast_head_json":{"title":"\u25b7\u3010 Sistema Stick caracter\u00edsticas y ventajas \u3011\u2713- Megaglass \u00ae","robots":{"index":"index","follow":"follow","max-snippet":"max-snippet:-1","max-image-preview":"max-image-preview:large","max-video-preview":"max-video-preview:-1"},"canonical":"https:\/\/www.megaglass.com.mx\/blog\/sistema-stick\/","og_locale":"es_ES","og_type":"article","og_title":"\u25b7\u3010 Sistema Stick caracter\u00edsticas y ventajas \u3011\u2713- Megaglass \u00ae","og_description":"\u00bfQu\u00e9 es el Sistema Stick? Es el tipo de muro cortina m\u00e1s tradicional, compuesto por perfiles, parteluces y travesa\u00f1os yuxtapuestos, generalmente formando entramados. Su dise\u00f1o permite incorporar paneles opacos, transl\u00facidos o transparentes. El transporte y montaje de cada componente se realiza de forma individual. Es el sistema m\u00e1s adecuado para edificios de diferentes tama\u00f1os instalados &hellip; Sistema Stick caracter\u00edsticas y ventajas Leer m\u00e1s &raquo;","og_url":"https:\/\/www.megaglass.com.mx\/blog\/sistema-stick\/","og_site_name":"Megaglass","article_modified_time":"2021-04-23T17:02:07+00:00","og_image":[{"width":300,"height":150,"url":"https:\/\/www.megaglass.com.mx\/blog\/wp-content\/uploads\/2021\/02\/muro_cortina_sistema_stick.jpg","type":"image\/jpeg"}],"twitter_card":"summary_large_image","twitter_misc":{"Tiempo de lectura":"4 minutos"},"schema":{"@context":"https:\/\/schema.org","@graph":[{"@type":"WebPage","@id":"https:\/\/www.megaglass.com.mx\/blog\/sistema-stick\/","url":"https:\/\/www.megaglass.com.mx\/blog\/sistema-stick\/","name":"\u25b7\u3010 Sistema Stick caracter\u00edsticas y ventajas \u3011\u2713- Megaglass \u00ae","isPartOf":{"@id":"https:\/\/www.megaglass.com.mx\/blog\/#website"},"datePublished":"2021-02-11T17:30:50+00:00","dateModified":"2021-04-23T17:02:07+00:00","breadcrumb":{"@id":"https:\/\/www.megaglass.com.mx\/blog\/sistema-stick\/#breadcrumb"},"inLanguage":"es","potentialAction":[{"@type":"ReadAction","target":["https:\/\/www.megaglass.com.mx\/blog\/sistema-stick\/"]}]},{"@type":"BreadcrumbList","@id":"https:\/\/www.megaglass.com.mx\/blog\/sistema-stick\/#breadcrumb","itemListElement":[{"@type":"ListItem","position":1,"name":"Portada","item":"https:\/\/www.megaglass.com.mx\/blog\/"},{"@type":"ListItem","position":2,"name":"Sistema Stick caracter\u00edsticas y ventajas"}]},{"@type":"WebSite","@id":"https:\/\/www.megaglass.com.mx\/blog\/#website","url":"https:\/\/www.megaglass.com.mx\/blog\/","name":"Megaglass","description":"vidrio de alto performance","potentialAction":[{"@type":"SearchAction","target":{"@type":"EntryPoint","urlTemplate":"https:\/\/www.megaglass.com.mx\/blog\/?s={search_term_string}"},"query-input":"required name=search_term_string"}],"inLanguage":"es"}]}},"_links":{"self":[{"href":"https:\/\/www.megaglass.com.mx\/blog\/wp-json\/wp\/v2\/pages\/2415","targetHints":{"allow":["GET"]}}],"collection":[{"href":"https:\/\/www.megaglass.com.mx\/blog\/wp-json\/wp\/v2\/pages"}],"about":[{"href":"https:\/\/www.megaglass.com.mx\/blog\/wp-json\/wp\/v2\/types\/page"}],"author":[{"embeddable":true,"href":"https:\/\/www.megaglass.com.mx\/blog\/wp-json\/wp\/v2\/users\/1"}],"replies":[{"embeddable":true,"href":"https:\/\/www.megaglass.com.mx\/blog\/wp-json\/wp\/v2\/comments?post=2415"}],"version-history":[{"count":8,"href":"https:\/\/www.megaglass.com.mx\/blog\/wp-json\/wp\/v2\/pages\/2415\/revisions"}],"predecessor-version":[{"id":2884,"href":"https:\/\/www.megaglass.com.mx\/blog\/wp-json\/wp\/v2\/pages\/2415\/revisions\/2884"}],"wp:featuredmedia":[{"embeddable":true,"href":"https:\/\/www.megaglass.com.mx\/blog\/wp-json\/wp\/v2\/media\/2610"}],"wp:attachment":[{"href":"https:\/\/www.megaglass.com.mx\/blog\/wp-json\/wp\/v2\/media?parent=2415"}],"wp:term":[{"taxonomy":"interlinks","embeddable":true,"href":"https:\/\/www.megaglass.com.mx\/blog\/wp-json\/wp\/v2\/interlinks?post=2415"}],"curies":[{"name":"wp","href":"https:\/\/api.w.org\/{rel}","templated":true}]}}