{"id":2410,"date":"2021-02-11T17:30:50","date_gmt":"2021-02-11T17:30:50","guid":{"rendered":"https:\/\/www.megaglass.com.mx\/blog\/?page_id=2410"},"modified":"2021-04-23T16:52:49","modified_gmt":"2021-04-23T16:52:49","slug":"sistema-spider","status":"publish","type":"page","link":"https:\/\/www.megaglass.com.mx\/blog\/sistema-spider\/","title":{"rendered":"Sistema Spider caracter\u00edsticas y ventajas"},"content":{"rendered":"\n<div class=\"wp-block-cover has-background-dim-70 has-background-dim alignfull\" style=\"background-color:#001f5b;min-height:300px;aspect-ratio:unset;\"><img loading=\"lazy\" decoding=\"async\" width=\"1500\" height=\"300\" class=\"wp-block-cover__image-background wp-image-2587\" alt=\"\" src=\"https:\/\/www.megaglass.com.mx\/blog\/wp-content\/uploads\/2021\/02\/sistema_spider_muro_cortina.jpg\" data-object-fit=\"cover\" srcset=\"https:\/\/www.megaglass.com.mx\/blog\/wp-content\/uploads\/2021\/02\/sistema_spider_muro_cortina.jpg 1500w, https:\/\/www.megaglass.com.mx\/blog\/wp-content\/uploads\/2021\/02\/sistema_spider_muro_cortina-150x30.jpg 150w, https:\/\/www.megaglass.com.mx\/blog\/wp-content\/uploads\/2021\/02\/sistema_spider_muro_cortina-1024x205.jpg 1024w, https:\/\/www.megaglass.com.mx\/blog\/wp-content\/uploads\/2021\/02\/sistema_spider_muro_cortina-768x154.jpg 768w\" sizes=\"auto, (max-width: 1500px) 100vw, 1500px\" \/><div class=\"wp-block-cover__inner-container is-layout-flow wp-block-cover-is-layout-flow\">\n<h1 class=\"wp-block-heading\"><span class=\"ez-toc-section\" id=\"Sistema_Spider_caracteristicas_y_ventajas\"><\/span>Sistema Spider caracter\u00edsticas y ventajas<span class=\"ez-toc-section-end\"><\/span><\/h1><div id=\"ez-toc-container\" class=\"ez-toc-v2_0_16 counter-hierarchy counter-decimal ez-toc-transparent\">\n<div class=\"ez-toc-title-container\">\n<p class=\"ez-toc-title\">&Iacute;ndice<\/p>\n<span class=\"ez-toc-title-toggle\"><a class=\"ez-toc-pull-right ez-toc-btn ez-toc-btn-xs ez-toc-btn-default ez-toc-toggle\" style=\"display: none;\"><i class=\"ez-toc-glyphicon ez-toc-icon-toggle\"><\/i><\/a><\/span><\/div>\n<nav><ul class=\"ez-toc-list ez-toc-list-level-1\"><li class=\"ez-toc-page-1 ez-toc-heading-level-1\"><a class=\"ez-toc-link ez-toc-heading-1\" href=\"https:\/\/www.megaglass.com.mx\/blog\/sistema-spider\/#Sistema_Spider_caracteristicas_y_ventajas\" title=\"Sistema Spider caracter\u00edsticas y ventajas\">Sistema Spider caracter\u00edsticas y ventajas<\/a><ul class=\"ez-toc-list-level-2\"><li class=\"ez-toc-heading-level-2\"><a class=\"ez-toc-link ez-toc-heading-2\" href=\"https:\/\/www.megaglass.com.mx\/blog\/sistema-spider\/#%C2%BFQue_es_el_Sistema_Spider\" title=\"\u00bfQu\u00e9 es el Sistema Spider?\">\u00bfQu\u00e9 es el Sistema Spider?<\/a><\/li><li class=\"ez-toc-page-1 ez-toc-heading-level-2\"><a class=\"ez-toc-link ez-toc-heading-3\" href=\"https:\/\/www.megaglass.com.mx\/blog\/sistema-spider\/#El_Sistema_Spider_un_tipo_de_muro_cortina_bastante_empleado\" title=\"El Sistema Spider un tipo de muro cortina bastante empleado\">El Sistema Spider un tipo de muro cortina bastante empleado<\/a><\/li><li class=\"ez-toc-page-1 ez-toc-heading-level-2\"><a class=\"ez-toc-link ez-toc-heading-4\" href=\"https:\/\/www.megaglass.com.mx\/blog\/sistema-spider\/#Caracteristicas_del_muro_cortina_con_Sistema_Spider\" title=\"Caracter\u00edsticas del muro cortina con Sistema Spider\">Caracter\u00edsticas del muro cortina con Sistema Spider<\/a><ul class=\"ez-toc-list-level-3\"><li class=\"ez-toc-heading-level-3\"><a class=\"ez-toc-link ez-toc-heading-5\" href=\"https:\/\/www.megaglass.com.mx\/blog\/sistema-spider\/#Ventajas_de_las_Fachadas_Spider\" title=\"Ventajas de las Fachadas Spider\">Ventajas de las Fachadas Spider<\/a><\/li><li class=\"ez-toc-page-1 ez-toc-heading-level-3\"><a class=\"ez-toc-link ez-toc-heading-6\" href=\"https:\/\/www.megaglass.com.mx\/blog\/sistema-spider\/#Especificaciones_del_Sistema_Spider_para_vidrios\" title=\"Especificaciones del Sistema Spider para vidrios\">Especificaciones del Sistema Spider para vidrios<\/a><\/li><\/ul><\/li><li class=\"ez-toc-page-1 ez-toc-heading-level-2\"><a class=\"ez-toc-link ez-toc-heading-7\" href=\"https:\/\/www.megaglass.com.mx\/blog\/sistema-spider\/#Consejos_de_instalacion_para_fachadas_con_Sistema_de_Arana\" title=\"Consejos de instalaci\u00f3n para fachadas con Sistema de Ara\u00f1a\">Consejos de instalaci\u00f3n para fachadas con Sistema de Ara\u00f1a<\/a><\/li><li class=\"ez-toc-page-1 ez-toc-heading-level-2\"><a class=\"ez-toc-link ez-toc-heading-8\" href=\"https:\/\/www.megaglass.com.mx\/blog\/sistema-spider\/#%C2%BFNecesitas_una_cotizacion_o_asesoria\" title=\"\u00bfNecesitas una cotizaci\u00f3n o asesor\u00eda?\">\u00bfNecesitas una cotizaci\u00f3n o asesor\u00eda?<\/a><\/li><\/ul><\/li><\/ul><\/nav><\/div>\n\n<\/div><\/div>\n\n\n\n<h2 class=\"wp-block-heading\"><span class=\"ez-toc-section\" id=\"%C2%BFQue_es_el_Sistema_Spider\"><\/span>\u00bfQu\u00e9 es el Sistema Spider?<span class=\"ez-toc-section-end\"><\/span><\/h2>\n\n\n\n<p>Es un sistema de acristalamiento que utiliza sujetadores met\u00e1licos de dise\u00f1o especial llamados ara\u00f1as; el peso del vidrio y las fuerzas externas como el viento, la lluvia y los terremotos son soportados por elementos tubulares y tensores.<\/p>\n\n\n\n<p>El sistema se proporciona estabilidad mediante conectores como: tensores, costillas de vidrio o postes de acero, que se fijan a la superficie del vidrio mediante los herrajes de ara\u00f1a.<\/p>\n\n\n\n<div class=\"wp-block-columns is-layout-flex wp-container-core-columns-is-layout-9d6595d7 wp-block-columns-is-layout-flex\">\n<div class=\"wp-block-column is-layout-flow wp-block-column-is-layout-flow\">\n<figure class=\"wp-block-image size-large\"><img loading=\"lazy\" decoding=\"async\" width=\"400\" height=\"400\" src=\"https:\/\/www.megaglass.com.mx\/blog\/wp-content\/uploads\/2021\/02\/medidas_del_sistema_spider.jpg\" alt=\"sistema spider glass\" class=\"wp-image-2589\" srcset=\"https:\/\/www.megaglass.com.mx\/blog\/wp-content\/uploads\/2021\/02\/medidas_del_sistema_spider.jpg 400w, https:\/\/www.megaglass.com.mx\/blog\/wp-content\/uploads\/2021\/02\/medidas_del_sistema_spider-150x150.jpg 150w\" sizes=\"auto, (max-width: 400px) 100vw, 400px\" \/><\/figure>\n<\/div>\n\n\n\n<div class=\"wp-block-column is-layout-flow wp-block-column-is-layout-flow\">\n<h2 class=\"wp-block-heading\"><span class=\"ez-toc-section\" id=\"El_Sistema_Spider_un_tipo_de_muro_cortina_bastante_empleado\"><\/span>El Sistema Spider un tipo de muro cortina bastante empleado<span class=\"ez-toc-section-end\"><\/span><\/h2>\n\n\n\n<p>El concepto de vidrio suspendido se ha convertido en un posible elemento de expresividad arquitect\u00f3nica, haciendo transparente el reflejo del vidrio a todos los puntos que sobresalen de la estructura o fachada. Puesto que ofrece soluciones integradas para conceptos arquitect\u00f3nicos y de dise\u00f1o en edificios.<\/p>\n\n\n\n<p>Por sus caracter\u00edsticas, es una soluci\u00f3n ideal para grandes espacios abiertos donde las paredes externas se pueden conectar a estructuras met\u00e1licas o pueden ser autoportantes.<\/p>\n<\/div>\n<\/div>\n\n\n\n<h2 class=\"wp-block-heading\"><span class=\"ez-toc-section\" id=\"Caracteristicas_del_muro_cortina_con_Sistema_Spider\"><\/span>Caracter\u00edsticas del muro cortina con Sistema Spider<span class=\"ez-toc-section-end\"><\/span><\/h2>\n\n\n\n<p>En este sistema, el vidrio est\u00e1 suspendido y formado por s\u00ed mismo, creando la sensaci\u00f3n de confusi\u00f3n espacial. Su sistema de fijaci\u00f3n pretende resaltar la presencia de vidrio con caracter\u00edsticas evanescentes. Desde el interior, hay menos luz y por tanto mayor transparencia, por lo que domina la presencia de su estructura de soporte. Por otro lado, desde el exterior domina la reflexi\u00f3n, y la existencia del vidrio se ver\u00e1 claramente a trav\u00e9s de este fen\u00f3meno y su capacidad reflectante.<\/p>\n\n\n\n<p>El sistema Spider usa elementos en forma de ara\u00f1a y puntos de anclaje entre el vidrio para construir la estructura de la pared de vidrio. Es por esta raz\u00f3n que no hay restricciones de dise\u00f1o, el \u00fanico l\u00edmite es su imaginaci\u00f3n. Tambi\u00e9n proporciona resistencia a la carga del viento ya que sujeta la fachada directamente a la estructura met\u00e1lica con soportes verticales de tipo contravientos o contrafuertes<\/p>\n\n\n\n<h3 class=\"wp-block-heading\"><span class=\"ez-toc-section\" id=\"Ventajas_de_las_Fachadas_Spider\"><\/span>Ventajas de las Fachadas Spider<span class=\"ez-toc-section-end\"><\/span><\/h3>\n\n\n\n<div class=\"wp-block-image\"><figure class=\"aligncenter size-large\"><img loading=\"lazy\" decoding=\"async\" width=\"800\" height=\"400\" src=\"https:\/\/www.megaglass.com.mx\/blog\/wp-content\/uploads\/2021\/02\/sistema_spider_glass.jpg\" alt=\"\" class=\"wp-image-2591\" srcset=\"https:\/\/www.megaglass.com.mx\/blog\/wp-content\/uploads\/2021\/02\/sistema_spider_glass.jpg 800w, https:\/\/www.megaglass.com.mx\/blog\/wp-content\/uploads\/2021\/02\/sistema_spider_glass-150x75.jpg 150w, https:\/\/www.megaglass.com.mx\/blog\/wp-content\/uploads\/2021\/02\/sistema_spider_glass-768x384.jpg 768w, https:\/\/www.megaglass.com.mx\/blog\/wp-content\/uploads\/2021\/02\/sistema_spider_glass-300x150.jpg 300w\" sizes=\"auto, (max-width: 800px) 100vw, 800px\" \/><\/figure><\/div>\n\n\n\n<ul class=\"wp-block-list\"><li>Proporcionar transparencia, elementos de protecci\u00f3n y paredes de vidrio estructural.<\/li><li>Con la ayuda del sistema de bisagras, se pueden construir fachadas curvas con diferentes grados de curvatura.<\/li><li>El sistema tambi\u00e9n se puede utilizar en techos<\/li><li>Muy adecuado para la presentaci\u00f3n de temas de techo, suelo y pared.<\/li><li>Proporciona la m\u00e1xima transparencia y brillo del dise\u00f1o arquitect\u00f3nico.<\/li><li>La fachada permite m\u00faltiples usos en la estructura de la fachadas ligeras.<\/li><li>Seg\u00fan las necesidades del dise\u00f1o, permite el uso de varios tornillos de fijaci\u00f3n y bisagras planos o abisagrados. <\/li><li>Proporciona transparencia, no est\u00e1 protegido por elementos y tambi\u00e9n es un muro estructural<\/li><li>Es la elecci\u00f3n perfecta cuando los clientes solo quieren tener un muro cortina de vidrio en el exterior.<\/li><li>Hace que el proyecto sea m\u00e1s transparente y muestra un aspecto m\u00e1s actual y moderno a nivel t\u00e9cnico.<\/li><\/ul>\n\n\n\n<h3 class=\"wp-block-heading\"><span class=\"ez-toc-section\" id=\"Especificaciones_del_Sistema_Spider_para_vidrios\"><\/span>Especificaciones del Sistema Spider para vidrios<span class=\"ez-toc-section-end\"><\/span><\/h3>\n\n\n\n<ul class=\"wp-block-list\"><li>Est\u00e1 compuesto por vidrio externo e interno, envuelto en acero<\/li><li>Estructura met\u00e1lica para el soporte<\/li><li>Vidrio templado o laminado<\/li><li>Selladores estructurales<\/li><li>Sistema de fijaci\u00f3n a la edificaci\u00f3n.<\/li><li>Ara\u00f1as de metal<\/li><\/ul>\n\n\n\n<h2 class=\"wp-block-heading\"><span class=\"ez-toc-section\" id=\"Consejos_de_instalacion_para_fachadas_con_Sistema_de_Arana\"><\/span>Consejos de instalaci\u00f3n para fachadas con Sistema de Ara\u00f1a<span class=\"ez-toc-section-end\"><\/span><\/h2>\n\n\n\n<div class=\"wp-block-image\"><figure class=\"aligncenter size-large\"><img loading=\"lazy\" decoding=\"async\" width=\"800\" height=\"400\" src=\"https:\/\/www.megaglass.com.mx\/blog\/wp-content\/uploads\/2021\/02\/caracteristicas_del_sistema_spider.jpg\" alt=\"\" class=\"wp-image-2588\" srcset=\"https:\/\/www.megaglass.com.mx\/blog\/wp-content\/uploads\/2021\/02\/caracteristicas_del_sistema_spider.jpg 800w, https:\/\/www.megaglass.com.mx\/blog\/wp-content\/uploads\/2021\/02\/caracteristicas_del_sistema_spider-150x75.jpg 150w, https:\/\/www.megaglass.com.mx\/blog\/wp-content\/uploads\/2021\/02\/caracteristicas_del_sistema_spider-768x384.jpg 768w, https:\/\/www.megaglass.com.mx\/blog\/wp-content\/uploads\/2021\/02\/caracteristicas_del_sistema_spider-300x150.jpg 300w\" sizes=\"auto, (max-width: 800px) 100vw, 800px\" \/><\/figure><\/div>\n\n\n\n<p>Las estructuras pueden ser de aluminio, hormig\u00f3n, acero inoxidable, acero al carbono, con secciones transversales rectas o cil\u00edndricas, extensores y cables de acero o vidrio laminado.<\/p>\n\n\n\n<p>Para su instalaci\u00f3n, se recomienda encarecidamente utilizar vidrio templado laminado, cuyo espesor de pared depende de m\u00faltiples estudios, como la ubicaci\u00f3n, tama\u00f1o y viento de la estructura.<\/p>\n\n\n\n<p>Para la realizaci\u00f3n del sistema, es necesario desarrollar un proyecto espec\u00edfico para definir el tipo y tama\u00f1o de la estructura principal de la ara\u00f1a a fijar. &nbsp;<\/p>\n\n\n\n<p>Para sellar mejor el sistema, se recomienda utilizar juntas de silicona estructurales para evitar da\u00f1arlas.<\/p>\n\n\n\n<h2 class=\"has-text-align-center wp-block-heading\"><span class=\"ez-toc-section\" id=\"%C2%BFNecesitas_una_cotizacion_o_asesoria\"><\/span>\u00bfNecesitas una cotizaci\u00f3n o asesor\u00eda?<span class=\"ez-toc-section-end\"><\/span><\/h2>\n\n\n\n<div class=\"wp-block-buttons alignfull is-content-justification-center is-layout-flex wp-block-buttons-is-layout-flex\">\n<div class=\"wp-block-button\"><a class=\"wp-block-button__link\" href=\"https:\/\/www.megaglass.com.mx\/es\/contacto.php\" target=\"_blank\" rel=\"noreferrer noopener\"><strong>Solicitar Asesor\u00eda o Cotizaci\u00f3n<\/strong><\/a><\/div>\n<\/div>\n\n\n\n<p><\/p>\n","protected":false},"excerpt":{"rendered":"<p>\u00bfQu\u00e9 es el Sistema Spider? Es un sistema de acristalamiento que utiliza sujetadores met\u00e1licos de dise\u00f1o especial llamados ara\u00f1as; el peso del vidrio y las fuerzas externas como el viento, la lluvia y los terremotos son soportados por elementos tubulares y tensores. El sistema se proporciona estabilidad mediante conectores como: tensores, costillas de vidrio o &hellip;<\/p>\n<p class=\"read-more\"> <a class=\"\" href=\"https:\/\/www.megaglass.com.mx\/blog\/sistema-spider\/\"> <span class=\"screen-reader-text\">Sistema Spider caracter\u00edsticas y ventajas<\/span> Leer m\u00e1s &raquo;<\/a><\/p>\n","protected":false},"author":1,"featured_media":2590,"parent":0,"menu_order":0,"comment_status":"closed","ping_status":"closed","template":"","meta":{"search_volume":390,"footnotes":""},"interlinks":[4],"class_list":["post-2410","page","type-page","status-publish","has-post-thumbnail","hentry"],"yoast_head":"<!-- This site is optimized with the Yoast SEO plugin v19.5.1 - https:\/\/yoast.com\/wordpress\/plugins\/seo\/ -->\n<title>\u25b7\u3010 Sistema Spider caracter\u00edsticas y ventajas \u3011\u2713- Megaglass \u00ae<\/title>\n<meta name=\"robots\" content=\"index, follow, max-snippet:-1, max-image-preview:large, max-video-preview:-1\" \/>\n<link rel=\"canonical\" href=\"https:\/\/www.megaglass.com.mx\/blog\/sistema-spider\/\" \/>\n<meta property=\"og:locale\" content=\"es_ES\" \/>\n<meta property=\"og:type\" content=\"article\" \/>\n<meta property=\"og:title\" content=\"\u25b7\u3010 Sistema Spider caracter\u00edsticas y ventajas \u3011\u2713- Megaglass \u00ae\" \/>\n<meta property=\"og:description\" content=\"\u00bfQu\u00e9 es el Sistema Spider? Es un sistema de acristalamiento que utiliza sujetadores met\u00e1licos de dise\u00f1o especial llamados ara\u00f1as; el peso del vidrio y las fuerzas externas como el viento, la lluvia y los terremotos son soportados por elementos tubulares y tensores. El sistema se proporciona estabilidad mediante conectores como: tensores, costillas de vidrio o &hellip; Sistema Spider caracter\u00edsticas y ventajas Leer m\u00e1s &raquo;\" \/>\n<meta property=\"og:url\" content=\"https:\/\/www.megaglass.com.mx\/blog\/sistema-spider\/\" \/>\n<meta property=\"og:site_name\" content=\"Megaglass\" \/>\n<meta property=\"article:modified_time\" content=\"2021-04-23T16:52:49+00:00\" \/>\n<meta property=\"og:image\" content=\"https:\/\/www.megaglass.com.mx\/blog\/wp-content\/uploads\/2021\/02\/sistema_spider.jpg\" \/>\n\t<meta property=\"og:image:width\" content=\"300\" \/>\n\t<meta property=\"og:image:height\" content=\"150\" \/>\n\t<meta property=\"og:image:type\" content=\"image\/jpeg\" \/>\n<meta name=\"twitter:card\" content=\"summary_large_image\" \/>\n<meta name=\"twitter:label1\" content=\"Tiempo de lectura\" \/>\n\t<meta name=\"twitter:data1\" content=\"4 minutos\" \/>\n<script type=\"application\/ld+json\" class=\"yoast-schema-graph\">{\"@context\":\"https:\/\/schema.org\",\"@graph\":[{\"@type\":\"WebPage\",\"@id\":\"https:\/\/www.megaglass.com.mx\/blog\/sistema-spider\/\",\"url\":\"https:\/\/www.megaglass.com.mx\/blog\/sistema-spider\/\",\"name\":\"\u25b7\u3010 Sistema Spider caracter\u00edsticas y ventajas \u3011\u2713- Megaglass \u00ae\",\"isPartOf\":{\"@id\":\"https:\/\/www.megaglass.com.mx\/blog\/#website\"},\"datePublished\":\"2021-02-11T17:30:50+00:00\",\"dateModified\":\"2021-04-23T16:52:49+00:00\",\"breadcrumb\":{\"@id\":\"https:\/\/www.megaglass.com.mx\/blog\/sistema-spider\/#breadcrumb\"},\"inLanguage\":\"es\",\"potentialAction\":[{\"@type\":\"ReadAction\",\"target\":[\"https:\/\/www.megaglass.com.mx\/blog\/sistema-spider\/\"]}]},{\"@type\":\"BreadcrumbList\",\"@id\":\"https:\/\/www.megaglass.com.mx\/blog\/sistema-spider\/#breadcrumb\",\"itemListElement\":[{\"@type\":\"ListItem\",\"position\":1,\"name\":\"Portada\",\"item\":\"https:\/\/www.megaglass.com.mx\/blog\/\"},{\"@type\":\"ListItem\",\"position\":2,\"name\":\"Sistema Spider caracter\u00edsticas y ventajas\"}]},{\"@type\":\"WebSite\",\"@id\":\"https:\/\/www.megaglass.com.mx\/blog\/#website\",\"url\":\"https:\/\/www.megaglass.com.mx\/blog\/\",\"name\":\"Megaglass\",\"description\":\"vidrio de alto performance\",\"potentialAction\":[{\"@type\":\"SearchAction\",\"target\":{\"@type\":\"EntryPoint\",\"urlTemplate\":\"https:\/\/www.megaglass.com.mx\/blog\/?s={search_term_string}\"},\"query-input\":\"required name=search_term_string\"}],\"inLanguage\":\"es\"}]}<\/script>\n<!-- \/ Yoast SEO plugin. -->","yoast_head_json":{"title":"\u25b7\u3010 Sistema Spider caracter\u00edsticas y ventajas \u3011\u2713- Megaglass \u00ae","robots":{"index":"index","follow":"follow","max-snippet":"max-snippet:-1","max-image-preview":"max-image-preview:large","max-video-preview":"max-video-preview:-1"},"canonical":"https:\/\/www.megaglass.com.mx\/blog\/sistema-spider\/","og_locale":"es_ES","og_type":"article","og_title":"\u25b7\u3010 Sistema Spider caracter\u00edsticas y ventajas \u3011\u2713- Megaglass \u00ae","og_description":"\u00bfQu\u00e9 es el Sistema Spider? Es un sistema de acristalamiento que utiliza sujetadores met\u00e1licos de dise\u00f1o especial llamados ara\u00f1as; el peso del vidrio y las fuerzas externas como el viento, la lluvia y los terremotos son soportados por elementos tubulares y tensores. El sistema se proporciona estabilidad mediante conectores como: tensores, costillas de vidrio o &hellip; Sistema Spider caracter\u00edsticas y ventajas Leer m\u00e1s &raquo;","og_url":"https:\/\/www.megaglass.com.mx\/blog\/sistema-spider\/","og_site_name":"Megaglass","article_modified_time":"2021-04-23T16:52:49+00:00","og_image":[{"width":300,"height":150,"url":"https:\/\/www.megaglass.com.mx\/blog\/wp-content\/uploads\/2021\/02\/sistema_spider.jpg","type":"image\/jpeg"}],"twitter_card":"summary_large_image","twitter_misc":{"Tiempo de lectura":"4 minutos"},"schema":{"@context":"https:\/\/schema.org","@graph":[{"@type":"WebPage","@id":"https:\/\/www.megaglass.com.mx\/blog\/sistema-spider\/","url":"https:\/\/www.megaglass.com.mx\/blog\/sistema-spider\/","name":"\u25b7\u3010 Sistema Spider caracter\u00edsticas y ventajas \u3011\u2713- Megaglass \u00ae","isPartOf":{"@id":"https:\/\/www.megaglass.com.mx\/blog\/#website"},"datePublished":"2021-02-11T17:30:50+00:00","dateModified":"2021-04-23T16:52:49+00:00","breadcrumb":{"@id":"https:\/\/www.megaglass.com.mx\/blog\/sistema-spider\/#breadcrumb"},"inLanguage":"es","potentialAction":[{"@type":"ReadAction","target":["https:\/\/www.megaglass.com.mx\/blog\/sistema-spider\/"]}]},{"@type":"BreadcrumbList","@id":"https:\/\/www.megaglass.com.mx\/blog\/sistema-spider\/#breadcrumb","itemListElement":[{"@type":"ListItem","position":1,"name":"Portada","item":"https:\/\/www.megaglass.com.mx\/blog\/"},{"@type":"ListItem","position":2,"name":"Sistema Spider caracter\u00edsticas y ventajas"}]},{"@type":"WebSite","@id":"https:\/\/www.megaglass.com.mx\/blog\/#website","url":"https:\/\/www.megaglass.com.mx\/blog\/","name":"Megaglass","description":"vidrio de alto performance","potentialAction":[{"@type":"SearchAction","target":{"@type":"EntryPoint","urlTemplate":"https:\/\/www.megaglass.com.mx\/blog\/?s={search_term_string}"},"query-input":"required name=search_term_string"}],"inLanguage":"es"}]}},"_links":{"self":[{"href":"https:\/\/www.megaglass.com.mx\/blog\/wp-json\/wp\/v2\/pages\/2410","targetHints":{"allow":["GET"]}}],"collection":[{"href":"https:\/\/www.megaglass.com.mx\/blog\/wp-json\/wp\/v2\/pages"}],"about":[{"href":"https:\/\/www.megaglass.com.mx\/blog\/wp-json\/wp\/v2\/types\/page"}],"author":[{"embeddable":true,"href":"https:\/\/www.megaglass.com.mx\/blog\/wp-json\/wp\/v2\/users\/1"}],"replies":[{"embeddable":true,"href":"https:\/\/www.megaglass.com.mx\/blog\/wp-json\/wp\/v2\/comments?post=2410"}],"version-history":[{"count":18,"href":"https:\/\/www.megaglass.com.mx\/blog\/wp-json\/wp\/v2\/pages\/2410\/revisions"}],"predecessor-version":[{"id":2873,"href":"https:\/\/www.megaglass.com.mx\/blog\/wp-json\/wp\/v2\/pages\/2410\/revisions\/2873"}],"wp:featuredmedia":[{"embeddable":true,"href":"https:\/\/www.megaglass.com.mx\/blog\/wp-json\/wp\/v2\/media\/2590"}],"wp:attachment":[{"href":"https:\/\/www.megaglass.com.mx\/blog\/wp-json\/wp\/v2\/media?parent=2410"}],"wp:term":[{"taxonomy":"interlinks","embeddable":true,"href":"https:\/\/www.megaglass.com.mx\/blog\/wp-json\/wp\/v2\/interlinks?post=2410"}],"curies":[{"name":"wp","href":"https:\/\/api.w.org\/{rel}","templated":true}]}}