{"id":2231,"date":"2021-02-01T00:11:26","date_gmt":"2021-02-01T00:11:26","guid":{"rendered":"https:\/\/www.megaglass.com.mx\/blog\/?page_id=2231"},"modified":"2021-04-23T16:57:45","modified_gmt":"2021-04-23T16:57:45","slug":"resistencia-vidrio-templado","status":"publish","type":"page","link":"https:\/\/www.megaglass.com.mx\/blog\/resistencia-vidrio-templado\/","title":{"rendered":"Resistencia del vidrio templado"},"content":{"rendered":"\n<div class=\"wp-block-cover has-background-dim-70 has-background-dim alignfull\" style=\"background-color:#001f5b;min-height:300px;aspect-ratio:unset;\"><img loading=\"lazy\" decoding=\"async\" width=\"1500\" height=\"300\" class=\"wp-block-cover__image-background wp-image-2246\" alt=\"\" src=\"https:\/\/www.megaglass.com.mx\/blog\/wp-content\/uploads\/2021\/02\/Resistencia-calor-vidrio-templado.jpg\" data-object-fit=\"cover\" srcset=\"https:\/\/www.megaglass.com.mx\/blog\/wp-content\/uploads\/2021\/02\/Resistencia-calor-vidrio-templado.jpg 1500w, https:\/\/www.megaglass.com.mx\/blog\/wp-content\/uploads\/2021\/02\/Resistencia-calor-vidrio-templado-150x30.jpg 150w, https:\/\/www.megaglass.com.mx\/blog\/wp-content\/uploads\/2021\/02\/Resistencia-calor-vidrio-templado-1024x205.jpg 1024w, https:\/\/www.megaglass.com.mx\/blog\/wp-content\/uploads\/2021\/02\/Resistencia-calor-vidrio-templado-768x154.jpg 768w\" sizes=\"auto, (max-width: 1500px) 100vw, 1500px\" \/><div class=\"wp-block-cover__inner-container is-layout-flow wp-block-cover-is-layout-flow\">\n<h1 class=\"wp-block-heading\"><span class=\"ez-toc-section\" id=\"Resistencia_del_vidrio_templado\"><\/span>Resistencia del vidrio templado<span class=\"ez-toc-section-end\"><\/span><\/h1><div id=\"ez-toc-container\" class=\"ez-toc-v2_0_16 counter-hierarchy counter-decimal ez-toc-transparent\">\n<div class=\"ez-toc-title-container\">\n<p class=\"ez-toc-title\">&Iacute;ndice<\/p>\n<span class=\"ez-toc-title-toggle\"><a class=\"ez-toc-pull-right ez-toc-btn ez-toc-btn-xs ez-toc-btn-default ez-toc-toggle\" style=\"display: none;\"><i class=\"ez-toc-glyphicon ez-toc-icon-toggle\"><\/i><\/a><\/span><\/div>\n<nav><ul class=\"ez-toc-list ez-toc-list-level-1\"><li class=\"ez-toc-page-1 ez-toc-heading-level-1\"><a class=\"ez-toc-link ez-toc-heading-1\" href=\"https:\/\/www.megaglass.com.mx\/blog\/resistencia-vidrio-templado\/#Resistencia_del_vidrio_templado\" title=\"Resistencia del vidrio templado\">Resistencia del vidrio templado<\/a><ul class=\"ez-toc-list-level-2\"><li class=\"ez-toc-heading-level-2\"><a class=\"ez-toc-link ez-toc-heading-2\" href=\"https:\/\/www.megaglass.com.mx\/blog\/resistencia-vidrio-templado\/#Descubre_que_tanto_soporta_un_vidrio_templado\" title=\"Descubre que tanto soporta un vidrio templado\">Descubre que tanto soporta un vidrio templado<\/a><\/li><li class=\"ez-toc-page-1 ez-toc-heading-level-2\"><a class=\"ez-toc-link ez-toc-heading-3\" href=\"https:\/\/www.megaglass.com.mx\/blog\/resistencia-vidrio-templado\/#%C2%BFCuales_son_los_niveles_de_resistencia_del_vidrio_templado\" title=\"\u00bfCu\u00e1les son los niveles de resistencia del vidrio templado?\">\u00bfCu\u00e1les son los niveles de resistencia del vidrio templado?<\/a><ul class=\"ez-toc-list-level-3\"><li class=\"ez-toc-heading-level-3\"><a class=\"ez-toc-link ez-toc-heading-4\" href=\"https:\/\/www.megaglass.com.mx\/blog\/resistencia-vidrio-templado\/#Resistencia_termica\" title=\"Resistencia t\u00e9rmica\">Resistencia t\u00e9rmica<\/a><\/li><li class=\"ez-toc-page-1 ez-toc-heading-level-3\"><a class=\"ez-toc-link ez-toc-heading-5\" href=\"https:\/\/www.megaglass.com.mx\/blog\/resistencia-vidrio-templado\/#Resistencia_a_la_torsion\" title=\"Resistencia a la torsi\u00f3n\">Resistencia a la torsi\u00f3n<\/a><\/li><li class=\"ez-toc-page-1 ez-toc-heading-level-3\"><a class=\"ez-toc-link ez-toc-heading-6\" href=\"https:\/\/www.megaglass.com.mx\/blog\/resistencia-vidrio-templado\/#Resistencia_a_la_flexion\" title=\"Resistencia a la flexi\u00f3n\">Resistencia a la flexi\u00f3n<\/a><\/li><li class=\"ez-toc-page-1 ez-toc-heading-level-3\"><a class=\"ez-toc-link ez-toc-heading-7\" href=\"https:\/\/www.megaglass.com.mx\/blog\/resistencia-vidrio-templado\/#Resistencia_al_impacto\" title=\"Resistencia al impacto\">Resistencia al impacto<\/a><\/li><li class=\"ez-toc-page-1 ez-toc-heading-level-3\"><a class=\"ez-toc-link ez-toc-heading-8\" href=\"https:\/\/www.megaglass.com.mx\/blog\/resistencia-vidrio-templado\/#Resistencia_a_la_compresion\" title=\"Resistencia a la compresi\u00f3n\">Resistencia a la compresi\u00f3n<\/a><\/li><\/ul><\/li><li class=\"ez-toc-page-1 ez-toc-heading-level-2\"><a class=\"ez-toc-link ez-toc-heading-9\" href=\"https:\/\/www.megaglass.com.mx\/blog\/resistencia-vidrio-templado\/#Ventajas_del_vidrio_templado\" title=\"Ventajas del vidrio templado\">Ventajas del vidrio templado<\/a><\/li><li class=\"ez-toc-page-1 ez-toc-heading-level-2\"><a class=\"ez-toc-link ez-toc-heading-10\" href=\"https:\/\/www.megaglass.com.mx\/blog\/resistencia-vidrio-templado\/#%C2%BFNecesitas_una_cotizacion_o_asesoria\" title=\"\u00bfNecesitas una cotizaci\u00f3n o asesor\u00eda?\">\u00bfNecesitas una cotizaci\u00f3n o asesor\u00eda?<\/a><\/li><\/ul><\/li><\/ul><\/nav><\/div>\n\n<\/div><\/div>\n\n\n\n<h2 class=\"wp-block-heading\"><span class=\"ez-toc-section\" id=\"Descubre_que_tanto_soporta_un_vidrio_templado\"><\/span>Descubre que tanto soporta un vidrio templado<span class=\"ez-toc-section-end\"><\/span><\/h2>\n\n\n\n<p>Los vidrios templados son un tipo de material que cada d\u00eda se emplean m\u00e1s para la construcci\u00f3n de fachadas, espacios interiores e incluso para muebles, entre otras aplicaciones de la arquitectura. Su utilidad se debe principalmente a la seguridad que brinda el material y a la durabilidad que posee. Si necesitas saber \u00bfcu\u00e1l es la resistencia del vidrio templado ante diversos factores?, entonces lo que sigue te va a interesar.<\/p>\n\n\n\n<h2 class=\"wp-block-heading\"><span class=\"ez-toc-section\" id=\"%C2%BFCuales_son_los_niveles_de_resistencia_del_vidrio_templado\"><\/span>\u00bfCu\u00e1les son los niveles de resistencia del vidrio templado?<span class=\"ez-toc-section-end\"><\/span><\/h2>\n\n\n\n<p>Un vidrio com\u00fan puede resistir de 350 a 550 Kg\/cm2, a diferencia del vidrio templado que resiste de 1.850 a 2.100 Kg\/cm2. Por lo que su resistencia de 4 a 5 veces que un vidrio monol\u00edtico. Con respecto a otra propiedades f\u00edsicas los vidrios templados tiene los siguientes valores:<\/p>\n\n\n\n<div class=\"wp-block-columns is-layout-flex wp-container-core-columns-is-layout-9d6595d7 wp-block-columns-is-layout-flex\">\n<div class=\"wp-block-column is-layout-flow wp-block-column-is-layout-flow\" style=\"flex-basis:33.33%\">\n<figure class=\"wp-block-image size-large\"><img loading=\"lazy\" decoding=\"async\" width=\"400\" height=\"640\" src=\"https:\/\/www.megaglass.com.mx\/blog\/wp-content\/uploads\/2021\/02\/Resistencia_Impacto_Vidrio_Templado-edited.jpg\" alt=\"Resistencia al impacto del vidrio templado\" class=\"wp-image-2243\" srcset=\"https:\/\/www.megaglass.com.mx\/blog\/wp-content\/uploads\/2021\/02\/Resistencia_Impacto_Vidrio_Templado-edited.jpg 400w, https:\/\/www.megaglass.com.mx\/blog\/wp-content\/uploads\/2021\/02\/Resistencia_Impacto_Vidrio_Templado-edited-150x240.jpg 150w\" sizes=\"auto, (max-width: 400px) 100vw, 400px\" \/><\/figure>\n<\/div>\n\n\n\n<div class=\"wp-block-column is-vertically-aligned-center is-layout-flow wp-block-column-is-layout-flow\" style=\"flex-basis:66.66%\">\n<h3 class=\"wp-block-heading\"><span class=\"ez-toc-section\" id=\"Resistencia_termica\"><\/span>Resistencia t\u00e9rmica<span class=\"ez-toc-section-end\"><\/span><\/h3>\n\n\n\n<p>La temperatura &nbsp;que soporta el vidrio templado es de 240\u00b0C, cuatro veces m\u00e1s que le vidrio monol\u00edtico (60\u00baC) lo cual hace que muy \u00fatil par hornos y refrigeradores<\/p>\n\n\n\n<h3 class=\"wp-block-heading\"><span class=\"ez-toc-section\" id=\"Resistencia_a_la_torsion\"><\/span>Resistencia a la torsi\u00f3n<span class=\"ez-toc-section-end\"><\/span><\/h3>\n\n\n\n<p>Sobre un vidrio con volumen de 100&#215;33 cm y 6 mm de espesor. La rotura se produce en &nbsp;un \u00e1ngulo de 27\u00ba C que es igual a 180 kg esfuerzo de torsi\u00f3n.<\/p>\n\n\n\n<h3 class=\"wp-block-heading\"><span class=\"ez-toc-section\" id=\"Resistencia_a_la_flexion\"><\/span>Resistencia a la flexi\u00f3n<span class=\"ez-toc-section-end\"><\/span><\/h3>\n\n\n\n<p>Para la rotura var\u00eda de 1200 a 2000 kg\/cm2 y la tensi\u00f3n de trabajo es de 500 kg\/cm2.<\/p>\n\n\n\n<h3 class=\"wp-block-heading\"><span class=\"ez-toc-section\" id=\"Resistencia_al_impacto\"><\/span>Resistencia al impacto<span class=\"ez-toc-section-end\"><\/span><\/h3>\n\n\n\n<p>Un vidrio templado de 10mm de espesor, puede &nbsp;resistir &nbsp;el impacto de una bola de acero de 1% kg, que cae desde una altura de 2m.<\/p>\n\n\n\n<h3 class=\"wp-block-heading\"><span class=\"ez-toc-section\" id=\"Resistencia_a_la_compresion\"><\/span>Resistencia a la compresi\u00f3n<span class=\"ez-toc-section-end\"><\/span><\/h3>\n\n\n\n<p>El peso necesario para pulverizar un cubo de 1 cm de lado es del orden de 10000 kg\/cm2.<\/p>\n<\/div>\n<\/div>\n\n\n\n<h2 class=\"wp-block-heading\"><span class=\"ez-toc-section\" id=\"Ventajas_del_vidrio_templado\"><\/span>Ventajas del vidrio templado<span class=\"ez-toc-section-end\"><\/span><\/h2>\n\n\n\n<p>Es gracias a estas caracter\u00edsticas que el vidrio templado es empleado para diversas \u00e1reas susceptibles al impacto humano. Como son locales comerciales, mamparas de ba\u00f1o, cocinas, puertas, vitrinas, puertas, entre otros.<\/p>\n\n\n\n<h2 class=\"has-text-align-center wp-block-heading\"><span class=\"ez-toc-section\" id=\"%C2%BFNecesitas_una_cotizacion_o_asesoria\"><\/span>\u00bfNecesitas una cotizaci\u00f3n o asesor\u00eda?<span class=\"ez-toc-section-end\"><\/span><\/h2>\n\n\n\n<div class=\"wp-block-buttons alignfull is-content-justification-center is-layout-flex wp-block-buttons-is-layout-flex\">\n<div class=\"wp-block-button\"><a class=\"wp-block-button__link\" href=\"https:\/\/www.megaglass.com.mx\/es\/contacto.php\" target=\"_blank\" rel=\"noreferrer noopener\"><strong>Solicitar Asesor\u00eda o Cotizaci\u00f3n<\/strong><\/a><\/div>\n<\/div>\n","protected":false},"excerpt":{"rendered":"<p>Descubre que tanto soporta un vidrio templado Los vidrios templados son un tipo de material que cada d\u00eda se emplean m\u00e1s para la construcci\u00f3n de fachadas, espacios interiores e incluso para muebles, entre otras aplicaciones de la arquitectura. Su utilidad se debe principalmente a la seguridad que brinda el material y a la durabilidad que &hellip;<\/p>\n<p class=\"read-more\"> <a class=\"\" href=\"https:\/\/www.megaglass.com.mx\/blog\/resistencia-vidrio-templado\/\"> <span class=\"screen-reader-text\">Resistencia del vidrio templado<\/span> Leer m\u00e1s &raquo;<\/a><\/p>\n","protected":false},"author":1,"featured_media":2248,"parent":0,"menu_order":0,"comment_status":"closed","ping_status":"closed","template":"","meta":{"search_volume":110,"footnotes":""},"interlinks":[4],"class_list":["post-2231","page","type-page","status-publish","has-post-thumbnail","hentry"],"yoast_head":"<!-- This site is optimized with the Yoast SEO plugin v19.5.1 - https:\/\/yoast.com\/wordpress\/plugins\/seo\/ -->\n<title>\u25b7\u3010 Resistencia del vidrio templado \u3011\u2713- Megaglass \u00ae<\/title>\n<meta name=\"robots\" content=\"index, follow, max-snippet:-1, max-image-preview:large, max-video-preview:-1\" \/>\n<link rel=\"canonical\" href=\"https:\/\/www.megaglass.com.mx\/blog\/resistencia-vidrio-templado\/\" \/>\n<meta property=\"og:locale\" content=\"es_ES\" \/>\n<meta property=\"og:type\" content=\"article\" \/>\n<meta property=\"og:title\" content=\"\u25b7\u3010 Resistencia del vidrio templado \u3011\u2713- Megaglass \u00ae\" \/>\n<meta property=\"og:description\" content=\"Descubre que tanto soporta un vidrio templado Los vidrios templados son un tipo de material que cada d\u00eda se emplean m\u00e1s para la construcci\u00f3n de fachadas, espacios interiores e incluso para muebles, entre otras aplicaciones de la arquitectura. Su utilidad se debe principalmente a la seguridad que brinda el material y a la durabilidad que &hellip; Resistencia del vidrio templado Leer m\u00e1s &raquo;\" \/>\n<meta property=\"og:url\" content=\"https:\/\/www.megaglass.com.mx\/blog\/resistencia-vidrio-templado\/\" \/>\n<meta property=\"og:site_name\" content=\"Megaglass\" \/>\n<meta property=\"article:modified_time\" content=\"2021-04-23T16:57:45+00:00\" \/>\n<meta property=\"og:image\" content=\"https:\/\/www.megaglass.com.mx\/blog\/wp-content\/uploads\/2021\/02\/Resistencia-flexion-vidrio-templado.jpg\" \/>\n\t<meta property=\"og:image:width\" content=\"300\" \/>\n\t<meta property=\"og:image:height\" content=\"150\" \/>\n\t<meta property=\"og:image:type\" content=\"image\/jpeg\" \/>\n<meta name=\"twitter:card\" content=\"summary_large_image\" \/>\n<meta name=\"twitter:label1\" content=\"Tiempo de lectura\" \/>\n\t<meta name=\"twitter:data1\" content=\"2 minutos\" \/>\n<script type=\"application\/ld+json\" class=\"yoast-schema-graph\">{\"@context\":\"https:\/\/schema.org\",\"@graph\":[{\"@type\":\"WebPage\",\"@id\":\"https:\/\/www.megaglass.com.mx\/blog\/resistencia-vidrio-templado\/\",\"url\":\"https:\/\/www.megaglass.com.mx\/blog\/resistencia-vidrio-templado\/\",\"name\":\"\u25b7\u3010 Resistencia del vidrio templado \u3011\u2713- Megaglass \u00ae\",\"isPartOf\":{\"@id\":\"https:\/\/www.megaglass.com.mx\/blog\/#website\"},\"datePublished\":\"2021-02-01T00:11:26+00:00\",\"dateModified\":\"2021-04-23T16:57:45+00:00\",\"breadcrumb\":{\"@id\":\"https:\/\/www.megaglass.com.mx\/blog\/resistencia-vidrio-templado\/#breadcrumb\"},\"inLanguage\":\"es\",\"potentialAction\":[{\"@type\":\"ReadAction\",\"target\":[\"https:\/\/www.megaglass.com.mx\/blog\/resistencia-vidrio-templado\/\"]}]},{\"@type\":\"BreadcrumbList\",\"@id\":\"https:\/\/www.megaglass.com.mx\/blog\/resistencia-vidrio-templado\/#breadcrumb\",\"itemListElement\":[{\"@type\":\"ListItem\",\"position\":1,\"name\":\"Portada\",\"item\":\"https:\/\/www.megaglass.com.mx\/blog\/\"},{\"@type\":\"ListItem\",\"position\":2,\"name\":\"Resistencia del vidrio templado\"}]},{\"@type\":\"WebSite\",\"@id\":\"https:\/\/www.megaglass.com.mx\/blog\/#website\",\"url\":\"https:\/\/www.megaglass.com.mx\/blog\/\",\"name\":\"Megaglass\",\"description\":\"vidrio de alto performance\",\"potentialAction\":[{\"@type\":\"SearchAction\",\"target\":{\"@type\":\"EntryPoint\",\"urlTemplate\":\"https:\/\/www.megaglass.com.mx\/blog\/?s={search_term_string}\"},\"query-input\":\"required name=search_term_string\"}],\"inLanguage\":\"es\"}]}<\/script>\n<!-- \/ Yoast SEO plugin. -->","yoast_head_json":{"title":"\u25b7\u3010 Resistencia del vidrio templado \u3011\u2713- Megaglass \u00ae","robots":{"index":"index","follow":"follow","max-snippet":"max-snippet:-1","max-image-preview":"max-image-preview:large","max-video-preview":"max-video-preview:-1"},"canonical":"https:\/\/www.megaglass.com.mx\/blog\/resistencia-vidrio-templado\/","og_locale":"es_ES","og_type":"article","og_title":"\u25b7\u3010 Resistencia del vidrio templado \u3011\u2713- Megaglass \u00ae","og_description":"Descubre que tanto soporta un vidrio templado Los vidrios templados son un tipo de material que cada d\u00eda se emplean m\u00e1s para la construcci\u00f3n de fachadas, espacios interiores e incluso para muebles, entre otras aplicaciones de la arquitectura. Su utilidad se debe principalmente a la seguridad que brinda el material y a la durabilidad que &hellip; Resistencia del vidrio templado Leer m\u00e1s &raquo;","og_url":"https:\/\/www.megaglass.com.mx\/blog\/resistencia-vidrio-templado\/","og_site_name":"Megaglass","article_modified_time":"2021-04-23T16:57:45+00:00","og_image":[{"width":300,"height":150,"url":"https:\/\/www.megaglass.com.mx\/blog\/wp-content\/uploads\/2021\/02\/Resistencia-flexion-vidrio-templado.jpg","type":"image\/jpeg"}],"twitter_card":"summary_large_image","twitter_misc":{"Tiempo de lectura":"2 minutos"},"schema":{"@context":"https:\/\/schema.org","@graph":[{"@type":"WebPage","@id":"https:\/\/www.megaglass.com.mx\/blog\/resistencia-vidrio-templado\/","url":"https:\/\/www.megaglass.com.mx\/blog\/resistencia-vidrio-templado\/","name":"\u25b7\u3010 Resistencia del vidrio templado \u3011\u2713- Megaglass \u00ae","isPartOf":{"@id":"https:\/\/www.megaglass.com.mx\/blog\/#website"},"datePublished":"2021-02-01T00:11:26+00:00","dateModified":"2021-04-23T16:57:45+00:00","breadcrumb":{"@id":"https:\/\/www.megaglass.com.mx\/blog\/resistencia-vidrio-templado\/#breadcrumb"},"inLanguage":"es","potentialAction":[{"@type":"ReadAction","target":["https:\/\/www.megaglass.com.mx\/blog\/resistencia-vidrio-templado\/"]}]},{"@type":"BreadcrumbList","@id":"https:\/\/www.megaglass.com.mx\/blog\/resistencia-vidrio-templado\/#breadcrumb","itemListElement":[{"@type":"ListItem","position":1,"name":"Portada","item":"https:\/\/www.megaglass.com.mx\/blog\/"},{"@type":"ListItem","position":2,"name":"Resistencia del vidrio templado"}]},{"@type":"WebSite","@id":"https:\/\/www.megaglass.com.mx\/blog\/#website","url":"https:\/\/www.megaglass.com.mx\/blog\/","name":"Megaglass","description":"vidrio de alto performance","potentialAction":[{"@type":"SearchAction","target":{"@type":"EntryPoint","urlTemplate":"https:\/\/www.megaglass.com.mx\/blog\/?s={search_term_string}"},"query-input":"required name=search_term_string"}],"inLanguage":"es"}]}},"_links":{"self":[{"href":"https:\/\/www.megaglass.com.mx\/blog\/wp-json\/wp\/v2\/pages\/2231","targetHints":{"allow":["GET"]}}],"collection":[{"href":"https:\/\/www.megaglass.com.mx\/blog\/wp-json\/wp\/v2\/pages"}],"about":[{"href":"https:\/\/www.megaglass.com.mx\/blog\/wp-json\/wp\/v2\/types\/page"}],"author":[{"embeddable":true,"href":"https:\/\/www.megaglass.com.mx\/blog\/wp-json\/wp\/v2\/users\/1"}],"replies":[{"embeddable":true,"href":"https:\/\/www.megaglass.com.mx\/blog\/wp-json\/wp\/v2\/comments?post=2231"}],"version-history":[{"count":13,"href":"https:\/\/www.megaglass.com.mx\/blog\/wp-json\/wp\/v2\/pages\/2231\/revisions"}],"predecessor-version":[{"id":2879,"href":"https:\/\/www.megaglass.com.mx\/blog\/wp-json\/wp\/v2\/pages\/2231\/revisions\/2879"}],"wp:featuredmedia":[{"embeddable":true,"href":"https:\/\/www.megaglass.com.mx\/blog\/wp-json\/wp\/v2\/media\/2248"}],"wp:attachment":[{"href":"https:\/\/www.megaglass.com.mx\/blog\/wp-json\/wp\/v2\/media?parent=2231"}],"wp:term":[{"taxonomy":"interlinks","embeddable":true,"href":"https:\/\/www.megaglass.com.mx\/blog\/wp-json\/wp\/v2\/interlinks?post=2231"}],"curies":[{"name":"wp","href":"https:\/\/api.w.org\/{rel}","templated":true}]}}