{"id":2108,"date":"2021-01-29T00:28:43","date_gmt":"2021-01-29T00:28:43","guid":{"rendered":"https:\/\/www.megaglass.com.mx\/blog\/?page_id=2108"},"modified":"2024-12-14T11:27:57","modified_gmt":"2024-12-14T17:27:57","slug":"como-calcular-el-peso-de-un-vidrio","status":"publish","type":"page","link":"https:\/\/www.megaglass.com.mx\/blog\/como-calcular-el-peso-de-un-vidrio\/","title":{"rendered":"C\u00f3mo calcular el peso de un vidrio"},"content":{"rendered":"\n<div class=\"wp-block-cover has-background-dim-70 has-background-dim alignfull\" style=\"background-color:#001f5b;min-height:300px;aspect-ratio:unset;\"><img loading=\"lazy\" decoding=\"async\" width=\"1600\" height=\"400\" class=\"wp-block-cover__image-background wp-image-2140\" alt=\"\" src=\"https:\/\/www.megaglass.com.mx\/blog\/wp-content\/uploads\/2021\/01\/como_calular_el_peso_del_vidrio.jpg\" data-object-fit=\"cover\" srcset=\"https:\/\/www.megaglass.com.mx\/blog\/wp-content\/uploads\/2021\/01\/como_calular_el_peso_del_vidrio.jpg 1600w, https:\/\/www.megaglass.com.mx\/blog\/wp-content\/uploads\/2021\/01\/como_calular_el_peso_del_vidrio-150x38.jpg 150w, https:\/\/www.megaglass.com.mx\/blog\/wp-content\/uploads\/2021\/01\/como_calular_el_peso_del_vidrio-1024x256.jpg 1024w, https:\/\/www.megaglass.com.mx\/blog\/wp-content\/uploads\/2021\/01\/como_calular_el_peso_del_vidrio-768x192.jpg 768w, https:\/\/www.megaglass.com.mx\/blog\/wp-content\/uploads\/2021\/01\/como_calular_el_peso_del_vidrio-1536x384.jpg 1536w\" sizes=\"auto, (max-width: 1600px) 100vw, 1600px\" \/><div class=\"wp-block-cover__inner-container is-layout-flow wp-block-cover-is-layout-flow\">\n<h1 class=\"wp-block-heading\"><span class=\"ez-toc-section\" id=\"Como_calcular_el_peso_de_un_vidrio\"><\/span>C\u00f3mo calcular el peso de un vidrio<span class=\"ez-toc-section-end\"><\/span><\/h1><div id=\"ez-toc-container\" class=\"ez-toc-v2_0_16 counter-hierarchy counter-decimal ez-toc-transparent\">\n<div class=\"ez-toc-title-container\">\n<p class=\"ez-toc-title\">&Iacute;ndice<\/p>\n<span class=\"ez-toc-title-toggle\"><a class=\"ez-toc-pull-right ez-toc-btn ez-toc-btn-xs ez-toc-btn-default ez-toc-toggle\" style=\"display: none;\"><i class=\"ez-toc-glyphicon ez-toc-icon-toggle\"><\/i><\/a><\/span><\/div>\n<nav><ul class=\"ez-toc-list ez-toc-list-level-1\"><li class=\"ez-toc-page-1 ez-toc-heading-level-1\"><a class=\"ez-toc-link ez-toc-heading-1\" href=\"https:\/\/www.megaglass.com.mx\/blog\/como-calcular-el-peso-de-un-vidrio\/#Como_calcular_el_peso_de_un_vidrio\" title=\"C\u00f3mo calcular el peso de un vidrio\">C\u00f3mo calcular el peso de un vidrio<\/a><ul class=\"ez-toc-list-level-2\"><li class=\"ez-toc-heading-level-2\"><a class=\"ez-toc-link ez-toc-heading-2\" href=\"https:\/\/www.megaglass.com.mx\/blog\/como-calcular-el-peso-de-un-vidrio\/#%C2%BFQuieres_saber_cuanto_pesa_cada_hoja_de_vidrio\" title=\"\u00bfQuieres saber cu\u00e1nto pesa cada hoja de vidrio?\">\u00bfQuieres saber cu\u00e1nto pesa cada hoja de vidrio?<\/a><ul class=\"ez-toc-list-level-3\"><li class=\"ez-toc-heading-level-3\"><a class=\"ez-toc-link ez-toc-heading-3\" href=\"https:\/\/www.megaglass.com.mx\/blog\/como-calcular-el-peso-de-un-vidrio\/#Formula_para_determinar_el_peso_de_un_vidrio\" title=\"F\u00f3rmula para determinar el peso de un vidrio\">F\u00f3rmula para determinar el peso de un vidrio<\/a><\/li><\/ul><\/li><li class=\"ez-toc-page-1 ez-toc-heading-level-2\"><a class=\"ez-toc-link ez-toc-heading-4\" href=\"https:\/\/www.megaglass.com.mx\/blog\/como-calcular-el-peso-de-un-vidrio\/#Como_saber_el_peso_de_un_vidrio_laminado\" title=\"C\u00f3mo saber el peso de un vidrio laminado\">C\u00f3mo saber el peso de un vidrio laminado<\/a><\/li><li class=\"ez-toc-page-1 ez-toc-heading-level-2\"><a class=\"ez-toc-link ez-toc-heading-5\" href=\"https:\/\/www.megaglass.com.mx\/blog\/como-calcular-el-peso-de-un-vidrio\/#Peso_en_kg_para_vidrio_plano_arquitectonico\" title=\"Peso en kg. para vidrio plano arquitect\u00f3nico\">Peso en kg. para vidrio plano arquitect\u00f3nico<\/a><ul class=\"ez-toc-list-level-3\"><li class=\"ez-toc-heading-level-3\"><a class=\"ez-toc-link ez-toc-heading-6\" href=\"https:\/\/www.megaglass.com.mx\/blog\/como-calcular-el-peso-de-un-vidrio\/#Tabla_de_peso_aproximado_por_metro_cuadrado\" title=\"Tabla de peso aproximado por metro cuadrado\">Tabla de peso aproximado por metro cuadrado<\/a><\/li><\/ul><\/li><li class=\"ez-toc-page-1 ez-toc-heading-level-2\"><a class=\"ez-toc-link ez-toc-heading-7\" href=\"https:\/\/www.megaglass.com.mx\/blog\/como-calcular-el-peso-de-un-vidrio\/#%C2%BFNecesitas_una_cotizacion_o_asesoria\" title=\"\u00bfNecesitas una cotizaci\u00f3n o asesor\u00eda?\">\u00bfNecesitas una cotizaci\u00f3n o asesor\u00eda?<\/a><\/li><\/ul><\/li><\/ul><\/nav><\/div>\n\n<\/div><\/div>\n\n\n\n<h2 class=\"wp-block-heading\"><span class=\"ez-toc-section\" id=\"%C2%BFQuieres_saber_cuanto_pesa_cada_hoja_de_vidrio\"><\/span>\u00bfQuieres saber cu\u00e1nto pesa cada hoja de vidrio?<span class=\"ez-toc-section-end\"><\/span><\/h2>\n\n\n\n<p>En ocasiones como profesional en la industria del manejo de vidrio es necesario conocer su peso, \u00a0para ello te compartimos una formula donde puedes hacer un c\u00e1lculo aproximado.\u00a0<\/p>\n\n\n\n<h3 class=\"wp-block-heading\"><span class=\"ez-toc-section\" id=\"Formula_para_determinar_el_peso_de_un_vidrio\"><\/span>F\u00f3rmula para determinar el peso de un vidrio<span class=\"ez-toc-section-end\"><\/span><\/h3>\n\n\n\n<p>Se trata de una formula  que puedes utilizar para conocer cu\u00e1nto pesa un vidrio monol\u00edtico<\/p>\n\n\n\n<div class=\"wp-block-image\"><figure class=\"aligncenter size-large\"><img loading=\"lazy\" decoding=\"async\" width=\"603\" height=\"107\" src=\"https:\/\/www.megaglass.com.mx\/blog\/wp-content\/uploads\/2021\/01\/formula_para_obtener_el_peso_del_vidrio-e1629841943174.jpg\" alt=\"\" class=\"wp-image-2162\" srcset=\"https:\/\/www.megaglass.com.mx\/blog\/wp-content\/uploads\/2021\/01\/formula_para_obtener_el_peso_del_vidrio-e1629841943174.jpg 603w, https:\/\/www.megaglass.com.mx\/blog\/wp-content\/uploads\/2021\/01\/formula_para_obtener_el_peso_del_vidrio-e1629841943174-150x27.jpg 150w\" sizes=\"auto, (max-width: 603px) 100vw, 603px\" \/><\/figure><\/div>\n\n\n\n<p class=\"has-text-align-center has-medium-font-size\"><strong>F\u00f3rmula: \u00c1rea (alto x ancho) x Espesor en (mm) x 2.5 (densidad del cristal).<\/strong><\/p>\n\n\n\n<p>Hay que multiplicar los metros cuadrados (alto x ancho) del vidrio, por el espesor en mil\u00edmetros, el resultado hay que multiplicarlo por el factor (<strong>2.5<\/strong>).<\/p>\n\n\n\n<h4 class=\"wp-block-heading\">Ejemplo pr\u00e1ctico:<\/h4>\n\n\n\n<p>Un vidrio con medidas de 2.20 m x 1.10m con espesor de 12 mm, su c\u00e1lculo entonces ser\u00eda:<\/p>\n\n\n\n<ul class=\"wp-block-list\"><li>Calculamos los m2 (2.20 x 1.10) = 2.42 m2.<\/li><li>El resultado (2.42) lo multiplicamos por el Espesor en mil\u00edmetros (12mm) = 29.04.<\/li><li>Este resultado (29.04) lo multiplicamos por la densidad del vidrio (2.5) entonces la formula ser\u00eda:<\/li><li>2.42 x 29.04 x 2.5 = 72.6 Kg ser\u00eda el peso aproximado del cristal.<\/li><\/ul>\n\n\n\n<p><strong>NOTA: <\/strong>Esta f\u00f3rmula se aplica solo para vidrio monol\u00edtico.<\/p>\n\n\n\n<h2 class=\"wp-block-heading\"><span class=\"ez-toc-section\" id=\"Como_saber_el_peso_de_un_vidrio_laminado\"><\/span>C\u00f3mo saber el peso de un vidrio laminado<span class=\"ez-toc-section-end\"><\/span><\/h2>\n\n\n\n<div class=\"wp-block-image\"><figure class=\"aligncenter size-large\"><img loading=\"lazy\" decoding=\"async\" width=\"889\" height=\"500\" src=\"https:\/\/www.megaglass.com.mx\/blog\/wp-content\/uploads\/2021\/02\/como_sacar_el_peso_del_cristal-edited.jpg\" alt=\"como sacar el peso de un cristal\" class=\"wp-image-2258\" srcset=\"https:\/\/www.megaglass.com.mx\/blog\/wp-content\/uploads\/2021\/02\/como_sacar_el_peso_del_cristal-edited.jpg 889w, https:\/\/www.megaglass.com.mx\/blog\/wp-content\/uploads\/2021\/02\/como_sacar_el_peso_del_cristal-edited-150x84.jpg 150w, https:\/\/www.megaglass.com.mx\/blog\/wp-content\/uploads\/2021\/02\/como_sacar_el_peso_del_cristal-edited-768x432.jpg 768w\" sizes=\"auto, (max-width: 889px) 100vw, 889px\" \/><\/figure><\/div>\n\n\n\n<p>Si tienes una pieza de vidrio laminado, calcular su peso es diferente, ya que su configuraci\u00f3n es distinta al vidrio monol\u00edtico, entonces para sacar su peso tienes que considerar el espesor de las pel\u00edculas de PVB que lo compone y la composici\u00f3n del cristal.<\/p>\n\n\n\n<p>Nos basamos en la f\u00f3rmula anterior, multiplicamos metros cuadrados (ancho x alto) del vidrio, sumamos el espesor en mil\u00edmetros m\u00e1s el espesor del PVB, y luego multiplicamos por la densidad del cristal (2.5)<\/p>\n\n\n\n<p class=\"has-text-align-center has-medium-font-size\"><strong>F\u00f3rmula: \u00c1rea (ancho x alto) x Espesor del vidrio m\u00e1s del PVB en (mm) x 2.5 (densidad del cristal).<\/strong><\/p>\n\n\n\n<p>Ejemplo: Un vidrio laminado de 2.53m x 1.83m de 20mm de espesor con un PVB de 1.14 mm, su c\u00e1lculo entonces ser\u00eda:<\/p>\n\n\n\n<ol class=\"wp-block-list\" type=\"1\"><li>Calculamos los m2 <strong>(2.53 x 1.83)<\/strong> = <strong>4.629<\/strong> m2<\/li><li>Sumamos el espesor del vidrio compuesto <strong>(10mm +1.14 mm + 10 mm) <\/strong>= <strong>21.14<\/strong> mm<\/li><li>El resultado del \u00e1rea (<strong>4.629<\/strong>) lo multiplicamos por la suma del espesor en mil\u00edmetros del vidrio (<strong>21.14<\/strong>) por la densidad del vidrio <strong>(2.5)<\/strong> entonces la formula ser\u00eda:<\/li><li><strong><u>4.629 <\/u><\/strong>x<strong> 21.14 <\/strong>x<strong> 2.5<\/strong> = <strong>244.67 kg<\/strong>&nbsp; seria el peso aproximado del cristal laminado.<\/li><\/ol>\n\n\n\n<p>Si tu cristal tiene una configuraci\u00f3n de tres cristales y dos pel\u00edculas de PVB entonces aplicamos la siguiente formula:<\/p>\n\n\n\n<p>F\u00f3rmula en m2: (2.5) x (suma del espesor del vidrio de cada pieza + espesor de la pel\u00edcula) x \u00e1rea.&nbsp;&nbsp;<\/p>\n\n\n\n<p>Ejemplo: Un vidrio laminado de 2.53 m x 1.83 m de 18mm de espesor (configuraci\u00f3n de tres vidrios de 6mm cada uno) con un PVB de 3.04 mm (2 pel\u00edculas de 1.52 mm) entonces:<\/p>\n\n\n\n<ol class=\"wp-block-list\" type=\"1\"><li>Calculamos los m2 (<strong>2.53 x 1.83<\/strong>) = <strong>4.629<\/strong> m2&nbsp;<\/li><li>Calculamos el espesor de acuerdo a la f\u00f3rmula:<ol><li>X (18 + 3.04) =<strong>&nbsp; 52.6 kg<\/strong><\/li><\/ol><\/li><li>Resultado por el \u00e1rea entonces ser\u00eda = <strong>4.629<\/strong> x <strong>52.6<\/strong> = <strong>243.48 kg. <\/strong>Peso aproximado del vidrio.<\/li><\/ol>\n\n\n\n<h2 class=\"wp-block-heading\"><span class=\"ez-toc-section\" id=\"Peso_en_kg_para_vidrio_plano_arquitectonico\"><\/span>Peso en kg. para vidrio plano arquitect\u00f3nico<span class=\"ez-toc-section-end\"><\/span><\/h2>\n\n\n\n<h3 class=\"wp-block-heading\"><span class=\"ez-toc-section\" id=\"Tabla_de_peso_aproximado_por_metro_cuadrado\"><\/span>Tabla de peso aproximado por metro cuadrado<span class=\"ez-toc-section-end\"><\/span><\/h3>\n\n\n\n<p>La siguiente tabla te ayuda para determinar cu\u00e1ntos kilogramos posee un vidrio seg\u00fan su espesor<\/p>\n\n\n\n<div class=\"wp-block-image\"><figure class=\"aligncenter size-large\"><img loading=\"lazy\" decoding=\"async\" width=\"700\" height=\"271\" src=\"https:\/\/www.megaglass.com.mx\/blog\/wp-content\/uploads\/2021\/01\/Tabla-calcular-peso-de-cristal.jpg\" alt=\"Tabla para calcular el peso del cristal\" class=\"wp-image-2155\" srcset=\"https:\/\/www.megaglass.com.mx\/blog\/wp-content\/uploads\/2021\/01\/Tabla-calcular-peso-de-cristal.jpg 700w, https:\/\/www.megaglass.com.mx\/blog\/wp-content\/uploads\/2021\/01\/Tabla-calcular-peso-de-cristal-150x58.jpg 150w\" sizes=\"auto, (max-width: 700px) 100vw, 700px\" \/><\/figure><\/div>\n\n\n\n<h2 class=\"has-text-align-center wp-block-heading\"><span class=\"ez-toc-section\" id=\"%C2%BFNecesitas_una_cotizacion_o_asesoria\"><\/span>\u00bfNecesitas una cotizaci\u00f3n o asesor\u00eda?<span class=\"ez-toc-section-end\"><\/span><\/h2>\n\n\n\n<div class=\"wp-block-buttons alignfull is-content-justification-center is-layout-flex wp-block-buttons-is-layout-flex\">\n<div class=\"wp-block-button\"><a class=\"wp-block-button__link\" href=\"https:\/\/www.megaglass.com.mx\/es\/contacto.php\" target=\"_blank\" rel=\"noreferrer noopener\"><strong>Solicitar Asesor\u00eda o Cotizaci\u00f3n<\/strong><\/a><\/div>\n<\/div>\n\n\n\n<p><\/p>\n","protected":false},"excerpt":{"rendered":"<p>\u00bfQuieres saber cu\u00e1nto pesa cada hoja de vidrio? En ocasiones como profesional en la industria del manejo de vidrio es necesario conocer su peso, \u00a0para ello te compartimos una formula donde puedes hacer un c\u00e1lculo aproximado.\u00a0 F\u00f3rmula para determinar el peso de un vidrio Se trata de una formula que puedes utilizar para conocer cu\u00e1nto &hellip;<\/p>\n<p class=\"read-more\"> <a class=\"\" href=\"https:\/\/www.megaglass.com.mx\/blog\/como-calcular-el-peso-de-un-vidrio\/\"> <span class=\"screen-reader-text\">C\u00f3mo calcular el peso de un vidrio<\/span> Leer m\u00e1s &raquo;<\/a><\/p>\n","protected":false},"author":1,"featured_media":2142,"parent":0,"menu_order":0,"comment_status":"closed","ping_status":"closed","template":"","meta":{"search_volume":20,"footnotes":""},"interlinks":[4],"class_list":["post-2108","page","type-page","status-publish","has-post-thumbnail","hentry"],"yoast_head":"<!-- This site is optimized with the Yoast SEO plugin v19.5.1 - https:\/\/yoast.com\/wordpress\/plugins\/seo\/ -->\n<title>\u25b7\u3010 C\u00f3mo calcular el peso de un vidrio \u3011\u2713- Megaglass \u00ae<\/title>\n<meta name=\"robots\" content=\"index, follow, max-snippet:-1, max-image-preview:large, max-video-preview:-1\" \/>\n<link rel=\"canonical\" href=\"https:\/\/www.megaglass.com.mx\/blog\/como-calcular-el-peso-de-un-vidrio\/\" \/>\n<meta property=\"og:locale\" content=\"es_ES\" \/>\n<meta property=\"og:type\" content=\"article\" \/>\n<meta property=\"og:title\" content=\"\u25b7\u3010 C\u00f3mo calcular el peso de un vidrio \u3011\u2713- Megaglass \u00ae\" \/>\n<meta property=\"og:description\" content=\"\u00bfQuieres saber cu\u00e1nto pesa cada hoja de vidrio? En ocasiones como profesional en la industria del manejo de vidrio es necesario conocer su peso, \u00a0para ello te compartimos una formula donde puedes hacer un c\u00e1lculo aproximado.\u00a0 F\u00f3rmula para determinar el peso de un vidrio Se trata de una formula que puedes utilizar para conocer cu\u00e1nto &hellip; C\u00f3mo calcular el peso de un vidrio Leer m\u00e1s &raquo;\" \/>\n<meta property=\"og:url\" content=\"https:\/\/www.megaglass.com.mx\/blog\/como-calcular-el-peso-de-un-vidrio\/\" \/>\n<meta property=\"og:site_name\" content=\"Megaglass\" \/>\n<meta property=\"article:modified_time\" content=\"2024-12-14T17:27:57+00:00\" \/>\n<meta property=\"og:image\" content=\"https:\/\/www.megaglass.com.mx\/blog\/wp-content\/uploads\/2021\/01\/aprende_a_calcular_el_peso_de_un_vidrio.jpg\" \/>\n\t<meta property=\"og:image:width\" content=\"300\" \/>\n\t<meta property=\"og:image:height\" content=\"150\" \/>\n\t<meta property=\"og:image:type\" content=\"image\/jpeg\" \/>\n<meta name=\"twitter:card\" content=\"summary_large_image\" \/>\n<meta name=\"twitter:label1\" content=\"Tiempo de lectura\" \/>\n\t<meta name=\"twitter:data1\" content=\"4 minutos\" \/>\n<script type=\"application\/ld+json\" class=\"yoast-schema-graph\">{\"@context\":\"https:\/\/schema.org\",\"@graph\":[{\"@type\":\"WebPage\",\"@id\":\"https:\/\/www.megaglass.com.mx\/blog\/como-calcular-el-peso-de-un-vidrio\/\",\"url\":\"https:\/\/www.megaglass.com.mx\/blog\/como-calcular-el-peso-de-un-vidrio\/\",\"name\":\"\u25b7\u3010 C\u00f3mo calcular el peso de un vidrio \u3011\u2713- Megaglass \u00ae\",\"isPartOf\":{\"@id\":\"https:\/\/www.megaglass.com.mx\/blog\/#website\"},\"datePublished\":\"2021-01-29T00:28:43+00:00\",\"dateModified\":\"2024-12-14T17:27:57+00:00\",\"breadcrumb\":{\"@id\":\"https:\/\/www.megaglass.com.mx\/blog\/como-calcular-el-peso-de-un-vidrio\/#breadcrumb\"},\"inLanguage\":\"es\",\"potentialAction\":[{\"@type\":\"ReadAction\",\"target\":[\"https:\/\/www.megaglass.com.mx\/blog\/como-calcular-el-peso-de-un-vidrio\/\"]}]},{\"@type\":\"BreadcrumbList\",\"@id\":\"https:\/\/www.megaglass.com.mx\/blog\/como-calcular-el-peso-de-un-vidrio\/#breadcrumb\",\"itemListElement\":[{\"@type\":\"ListItem\",\"position\":1,\"name\":\"Portada\",\"item\":\"https:\/\/www.megaglass.com.mx\/blog\/\"},{\"@type\":\"ListItem\",\"position\":2,\"name\":\"C\u00f3mo calcular el peso de un vidrio\"}]},{\"@type\":\"WebSite\",\"@id\":\"https:\/\/www.megaglass.com.mx\/blog\/#website\",\"url\":\"https:\/\/www.megaglass.com.mx\/blog\/\",\"name\":\"Megaglass\",\"description\":\"vidrio de alto performance\",\"potentialAction\":[{\"@type\":\"SearchAction\",\"target\":{\"@type\":\"EntryPoint\",\"urlTemplate\":\"https:\/\/www.megaglass.com.mx\/blog\/?s={search_term_string}\"},\"query-input\":\"required name=search_term_string\"}],\"inLanguage\":\"es\"}]}<\/script>\n<!-- \/ Yoast SEO plugin. -->","yoast_head_json":{"title":"\u25b7\u3010 C\u00f3mo calcular el peso de un vidrio \u3011\u2713- Megaglass \u00ae","robots":{"index":"index","follow":"follow","max-snippet":"max-snippet:-1","max-image-preview":"max-image-preview:large","max-video-preview":"max-video-preview:-1"},"canonical":"https:\/\/www.megaglass.com.mx\/blog\/como-calcular-el-peso-de-un-vidrio\/","og_locale":"es_ES","og_type":"article","og_title":"\u25b7\u3010 C\u00f3mo calcular el peso de un vidrio \u3011\u2713- Megaglass \u00ae","og_description":"\u00bfQuieres saber cu\u00e1nto pesa cada hoja de vidrio? En ocasiones como profesional en la industria del manejo de vidrio es necesario conocer su peso, \u00a0para ello te compartimos una formula donde puedes hacer un c\u00e1lculo aproximado.\u00a0 F\u00f3rmula para determinar el peso de un vidrio Se trata de una formula que puedes utilizar para conocer cu\u00e1nto &hellip; C\u00f3mo calcular el peso de un vidrio Leer m\u00e1s &raquo;","og_url":"https:\/\/www.megaglass.com.mx\/blog\/como-calcular-el-peso-de-un-vidrio\/","og_site_name":"Megaglass","article_modified_time":"2024-12-14T17:27:57+00:00","og_image":[{"width":300,"height":150,"url":"https:\/\/www.megaglass.com.mx\/blog\/wp-content\/uploads\/2021\/01\/aprende_a_calcular_el_peso_de_un_vidrio.jpg","type":"image\/jpeg"}],"twitter_card":"summary_large_image","twitter_misc":{"Tiempo de lectura":"4 minutos"},"schema":{"@context":"https:\/\/schema.org","@graph":[{"@type":"WebPage","@id":"https:\/\/www.megaglass.com.mx\/blog\/como-calcular-el-peso-de-un-vidrio\/","url":"https:\/\/www.megaglass.com.mx\/blog\/como-calcular-el-peso-de-un-vidrio\/","name":"\u25b7\u3010 C\u00f3mo calcular el peso de un vidrio \u3011\u2713- Megaglass \u00ae","isPartOf":{"@id":"https:\/\/www.megaglass.com.mx\/blog\/#website"},"datePublished":"2021-01-29T00:28:43+00:00","dateModified":"2024-12-14T17:27:57+00:00","breadcrumb":{"@id":"https:\/\/www.megaglass.com.mx\/blog\/como-calcular-el-peso-de-un-vidrio\/#breadcrumb"},"inLanguage":"es","potentialAction":[{"@type":"ReadAction","target":["https:\/\/www.megaglass.com.mx\/blog\/como-calcular-el-peso-de-un-vidrio\/"]}]},{"@type":"BreadcrumbList","@id":"https:\/\/www.megaglass.com.mx\/blog\/como-calcular-el-peso-de-un-vidrio\/#breadcrumb","itemListElement":[{"@type":"ListItem","position":1,"name":"Portada","item":"https:\/\/www.megaglass.com.mx\/blog\/"},{"@type":"ListItem","position":2,"name":"C\u00f3mo calcular el peso de un vidrio"}]},{"@type":"WebSite","@id":"https:\/\/www.megaglass.com.mx\/blog\/#website","url":"https:\/\/www.megaglass.com.mx\/blog\/","name":"Megaglass","description":"vidrio de alto performance","potentialAction":[{"@type":"SearchAction","target":{"@type":"EntryPoint","urlTemplate":"https:\/\/www.megaglass.com.mx\/blog\/?s={search_term_string}"},"query-input":"required name=search_term_string"}],"inLanguage":"es"}]}},"_links":{"self":[{"href":"https:\/\/www.megaglass.com.mx\/blog\/wp-json\/wp\/v2\/pages\/2108","targetHints":{"allow":["GET"]}}],"collection":[{"href":"https:\/\/www.megaglass.com.mx\/blog\/wp-json\/wp\/v2\/pages"}],"about":[{"href":"https:\/\/www.megaglass.com.mx\/blog\/wp-json\/wp\/v2\/types\/page"}],"author":[{"embeddable":true,"href":"https:\/\/www.megaglass.com.mx\/blog\/wp-json\/wp\/v2\/users\/1"}],"replies":[{"embeddable":true,"href":"https:\/\/www.megaglass.com.mx\/blog\/wp-json\/wp\/v2\/comments?post=2108"}],"version-history":[{"count":38,"href":"https:\/\/www.megaglass.com.mx\/blog\/wp-json\/wp\/v2\/pages\/2108\/revisions"}],"predecessor-version":[{"id":3487,"href":"https:\/\/www.megaglass.com.mx\/blog\/wp-json\/wp\/v2\/pages\/2108\/revisions\/3487"}],"wp:featuredmedia":[{"embeddable":true,"href":"https:\/\/www.megaglass.com.mx\/blog\/wp-json\/wp\/v2\/media\/2142"}],"wp:attachment":[{"href":"https:\/\/www.megaglass.com.mx\/blog\/wp-json\/wp\/v2\/media?parent=2108"}],"wp:term":[{"taxonomy":"interlinks","embeddable":true,"href":"https:\/\/www.megaglass.com.mx\/blog\/wp-json\/wp\/v2\/interlinks?post=2108"}],"curies":[{"name":"wp","href":"https:\/\/api.w.org\/{rel}","templated":true}]}}