{"id":1819,"date":"2020-08-24T02:50:56","date_gmt":"2020-08-24T02:50:56","guid":{"rendered":"https:\/\/www.megaglass.com.mx\/blog\/contact-us\/"},"modified":"2022-02-24T18:57:29","modified_gmt":"2022-02-24T18:57:29","slug":"contacto","status":"publish","type":"page","link":"https:\/\/www.megaglass.com.mx\/blog\/contacto\/","title":{"rendered":"Contacto"},"content":{"rendered":"\n<div class=\"wp-block-cover has-background-dim-80 has-background-dim alignfull\" style=\"background-color:#001f5b;min-height:300px;aspect-ratio:unset;\"><img loading=\"lazy\" decoding=\"async\" width=\"1600\" height=\"300\" class=\"wp-block-cover__image-background wp-image-2075\" alt=\"\" src=\"https:\/\/www.megaglass.com.mx\/blog\/wp-content\/uploads\/2021\/01\/domos_de_cristal_para_casas.jpg\" data-object-fit=\"cover\" srcset=\"https:\/\/www.megaglass.com.mx\/blog\/wp-content\/uploads\/2021\/01\/domos_de_cristal_para_casas.jpg 1600w, https:\/\/www.megaglass.com.mx\/blog\/wp-content\/uploads\/2021\/01\/domos_de_cristal_para_casas-150x28.jpg 150w, https:\/\/www.megaglass.com.mx\/blog\/wp-content\/uploads\/2021\/01\/domos_de_cristal_para_casas-1024x192.jpg 1024w, https:\/\/www.megaglass.com.mx\/blog\/wp-content\/uploads\/2021\/01\/domos_de_cristal_para_casas-768x144.jpg 768w, https:\/\/www.megaglass.com.mx\/blog\/wp-content\/uploads\/2021\/01\/domos_de_cristal_para_casas-1536x288.jpg 1536w\" sizes=\"auto, (max-width: 1600px) 100vw, 1600px\" \/><div class=\"wp-block-cover__inner-container is-layout-flow wp-block-cover-is-layout-flow\">\n<h1 class=\"wp-block-heading\">Contacto<\/h1>\n<\/div><\/div>\n\n\n\n<div class=\"wp-block-group alignfull has-background\" style=\"background-color:#f4f8fd\"><div class=\"wp-block-group__inner-container is-layout-flow wp-block-group-is-layout-flow\">\n<h3 class=\"wp-block-heading\">Env\u00edanos un correo<\/h3>\n\n\n\n<p>Si necesitas asesor\u00eda o una cotizaci\u00f3n para tu pr\u00f3ximo proyecto env\u00edanos un mensaje y te responderemos a la brevedad para solucionar tus dudas o brindarte nuestros servicios o productos.<\/p>\n<\/div><\/div>\n\n\n\n<div class=\"wp-block-columns is-layout-flex wp-container-core-columns-is-layout-9d6595d7 wp-block-columns-is-layout-flex\">\n<div class=\"wp-block-column is-layout-flow wp-block-column-is-layout-flow\">\n\n<script charset=\"utf-8\" type=\"text\/javascript\" src=\"\/\/js.hsforms.net\/forms\/v2.js\"><\/script>\n<script>\n  hbspt.forms.create({\n\tregion: \"na1\",\n\tportalId: \"5417939\",\n\tformId: \"4b67fde5-4702-4598-b9e0-0cb2a319a5e5\"\n});\n<\/script>\n\n\n\n<p><\/p>\n<\/div>\n\n\n\n<div class=\"wp-block-column is-layout-flow wp-block-column-is-layout-flow\">\n<h2 class=\"wp-block-heading\">Datos de contacto<\/h2>\n\n\n\n<div class=\"wp-block-columns is-layout-flex wp-container-core-columns-is-layout-9d6595d7 wp-block-columns-is-layout-flex\">\n<div class=\"wp-block-column is-layout-flow wp-block-column-is-layout-flow\">\n<h5 class=\"wp-block-heading\">Tel\u00e9fono<\/h5>\n\n\n\n<p><strong>Planta<\/strong><\/p>\n\n\n\n<p>+52 (01) 712 690 1001 Ext. 161 Contamos con 20 l\u00edneas<\/p>\n\n\n\n<p><strong>Sucursal Quer\u00e9taro<\/strong><\/p>\n\n\n\n<p>+52 (01) 442 209 52 35<\/p>\n\n\n\n<p>+52 (01) 442 209 52 29<\/p>\n\n\n\n<p><strong>Sucursal Toluca<\/strong><\/p>\n\n\n\n<p>+52 (01) 722 232 2937<\/p>\n\n\n\n<p><strong>Sucursal San Juan del R\u00edo<\/strong><\/p>\n\n\n\n<p>+52 (01) 427 264 0556<\/p>\n\n\n\n<h5 class=\"wp-block-heading\">Correo electr\u00f3nico<\/h5>\n\n\n\n<p>atencion.clientes@megaglass.com.mx<\/p>\n\n\n\n<p>ventas_web@megaluminio.com<\/p>\n<\/div>\n\n\n\n<div class=\"wp-block-column is-layout-flow wp-block-column-is-layout-flow\">\n<h5 class=\"wp-block-heading\">Horario de atenci\u00f3n<\/h5>\n\n\n\n<p>Lunes a Viernes: 8:00 am-5:30 pm<br>S\u00e1bados: 8:00 am- 1:30 pm<\/p>\n\n\n\n<h5 class=\"wp-block-heading\">Ubicaci\u00f3n<\/h5>\n\n\n\n<p><strong>Planta<\/strong><\/p>\n\n\n\n<p>Carretera Toluca-Atlacomulco 58.3 km, Atlacomulco de Fabela, M\u00e9xico CP.50450<\/p>\n\n\n\n<p><strong>Sucursal Toluca<\/strong><\/p>\n\n\n\n<p>Rio Papaloapan No. 203 Col. Tres caminos Santa Cruz Atzcapotzaltongo.<\/p>\n\n\n\n<p><strong>Sucursal Quer\u00e9taro<\/strong><\/p>\n\n\n\n<p>Calle pirineos 500 int 27 Microparque industrial Santiago entre calle Vesubio y Av. De la luz Parque Industrial Benito Ju\u00e1rez<\/p>\n\n\n\n<p><strong>Sucursal San Juan del R\u00edo<\/strong><\/p>\n\n\n\n<p>Av. Universidad Esquina Sonora No.2 Col. Ampliaci\u00f3n Bathi<\/p>\n<\/div>\n<\/div>\n\n\n\n<h3 class=\"has-text-align-center wp-block-heading\">Vis\u00edtanos en nuestra planta<\/h3>\n\n\n\n\n\n<p class=\"has-text-align-center h3-fake\">Realizamos env\u00edos al extranjero<\/p>\n<\/div>\n<\/div>\n\n\n\n<h5 class=\"has-text-align-center wp-block-heading\"><\/h5>\n\n\n\n\n\n<p class=\"has-text-align-center h3-fake\"><\/p>\n","protected":false},"excerpt":{"rendered":"<p>Env\u00edanos un correo Si necesitas asesor\u00eda o una cotizaci\u00f3n para tu pr\u00f3ximo proyecto env\u00edanos un mensaje y te responderemos a la brevedad para solucionar tus dudas o brindarte nuestros servicios o productos. Datos de contacto Tel\u00e9fono Planta +52 (01) 712 690 1001 Ext. 161 Contamos con 20 l\u00edneas Sucursal Quer\u00e9taro +52 (01) 442 209 52 &hellip;<\/p>\n<p class=\"read-more\"> <a class=\"\" href=\"https:\/\/www.megaglass.com.mx\/blog\/contacto\/\"> <span class=\"screen-reader-text\">Contacto<\/span> Leer m\u00e1s &raquo;<\/a><\/p>\n","protected":false},"author":1,"featured_media":0,"parent":0,"menu_order":0,"comment_status":"closed","ping_status":"closed","template":"","meta":{"search_volume":0,"footnotes":""},"interlinks":[],"class_list":["post-1819","page","type-page","status-publish","hentry"],"yoast_head":"<!-- This site is optimized with the Yoast SEO plugin v19.5.1 - https:\/\/yoast.com\/wordpress\/plugins\/seo\/ -->\n<title>\u25b7\u3010 Contacto \u3011\u2713- Megaglass \u00ae<\/title>\n<meta name=\"robots\" content=\"index, follow, max-snippet:-1, max-image-preview:large, max-video-preview:-1\" \/>\n<link rel=\"canonical\" href=\"https:\/\/www.megaglass.com.mx\/blog\/contacto\/\" \/>\n<meta property=\"og:locale\" content=\"es_ES\" \/>\n<meta property=\"og:type\" content=\"article\" \/>\n<meta property=\"og:title\" content=\"\u25b7\u3010 Contacto \u3011\u2713- Megaglass \u00ae\" \/>\n<meta property=\"og:description\" content=\"Env\u00edanos un correo Si necesitas asesor\u00eda o una cotizaci\u00f3n para tu pr\u00f3ximo proyecto env\u00edanos un mensaje y te responderemos a la brevedad para solucionar tus dudas o brindarte nuestros servicios o productos. Datos de contacto Tel\u00e9fono Planta +52 (01) 712 690 1001 Ext. 161 Contamos con 20 l\u00edneas Sucursal Quer\u00e9taro +52 (01) 442 209 52 &hellip; Contacto Leer m\u00e1s &raquo;\" \/>\n<meta property=\"og:url\" content=\"https:\/\/www.megaglass.com.mx\/blog\/contacto\/\" \/>\n<meta property=\"og:site_name\" content=\"Megaglass\" \/>\n<meta property=\"article:modified_time\" content=\"2022-02-24T18:57:29+00:00\" \/>\n<meta property=\"og:image\" content=\"https:\/\/www.megaglass.com.mx\/blog\/wp-content\/uploads\/2021\/01\/domos_de_cristal_para_casas.jpg\" \/>\n<meta name=\"twitter:card\" content=\"summary_large_image\" \/>\n<meta name=\"twitter:label1\" content=\"Tiempo de lectura\" \/>\n\t<meta name=\"twitter:data1\" content=\"1 minuto\" \/>\n<script type=\"application\/ld+json\" class=\"yoast-schema-graph\">{\"@context\":\"https:\/\/schema.org\",\"@graph\":[{\"@type\":\"WebPage\",\"@id\":\"https:\/\/www.megaglass.com.mx\/blog\/contacto\/\",\"url\":\"https:\/\/www.megaglass.com.mx\/blog\/contacto\/\",\"name\":\"\u25b7\u3010 Contacto \u3011\u2713- Megaglass \u00ae\",\"isPartOf\":{\"@id\":\"https:\/\/www.megaglass.com.mx\/blog\/#website\"},\"datePublished\":\"2020-08-24T02:50:56+00:00\",\"dateModified\":\"2022-02-24T18:57:29+00:00\",\"breadcrumb\":{\"@id\":\"https:\/\/www.megaglass.com.mx\/blog\/contacto\/#breadcrumb\"},\"inLanguage\":\"es\",\"potentialAction\":[{\"@type\":\"ReadAction\",\"target\":[\"https:\/\/www.megaglass.com.mx\/blog\/contacto\/\"]}]},{\"@type\":\"BreadcrumbList\",\"@id\":\"https:\/\/www.megaglass.com.mx\/blog\/contacto\/#breadcrumb\",\"itemListElement\":[{\"@type\":\"ListItem\",\"position\":1,\"name\":\"Portada\",\"item\":\"https:\/\/www.megaglass.com.mx\/blog\/\"},{\"@type\":\"ListItem\",\"position\":2,\"name\":\"Contacto\"}]},{\"@type\":\"WebSite\",\"@id\":\"https:\/\/www.megaglass.com.mx\/blog\/#website\",\"url\":\"https:\/\/www.megaglass.com.mx\/blog\/\",\"name\":\"Megaglass\",\"description\":\"vidrio de alto performance\",\"potentialAction\":[{\"@type\":\"SearchAction\",\"target\":{\"@type\":\"EntryPoint\",\"urlTemplate\":\"https:\/\/www.megaglass.com.mx\/blog\/?s={search_term_string}\"},\"query-input\":\"required name=search_term_string\"}],\"inLanguage\":\"es\"}]}<\/script>\n<!-- \/ Yoast SEO plugin. -->","yoast_head_json":{"title":"\u25b7\u3010 Contacto \u3011\u2713- Megaglass \u00ae","robots":{"index":"index","follow":"follow","max-snippet":"max-snippet:-1","max-image-preview":"max-image-preview:large","max-video-preview":"max-video-preview:-1"},"canonical":"https:\/\/www.megaglass.com.mx\/blog\/contacto\/","og_locale":"es_ES","og_type":"article","og_title":"\u25b7\u3010 Contacto \u3011\u2713- Megaglass \u00ae","og_description":"Env\u00edanos un correo Si necesitas asesor\u00eda o una cotizaci\u00f3n para tu pr\u00f3ximo proyecto env\u00edanos un mensaje y te responderemos a la brevedad para solucionar tus dudas o brindarte nuestros servicios o productos. Datos de contacto Tel\u00e9fono Planta +52 (01) 712 690 1001 Ext. 161 Contamos con 20 l\u00edneas Sucursal Quer\u00e9taro +52 (01) 442 209 52 &hellip; Contacto Leer m\u00e1s &raquo;","og_url":"https:\/\/www.megaglass.com.mx\/blog\/contacto\/","og_site_name":"Megaglass","article_modified_time":"2022-02-24T18:57:29+00:00","og_image":[{"url":"https:\/\/www.megaglass.com.mx\/blog\/wp-content\/uploads\/2021\/01\/domos_de_cristal_para_casas.jpg"}],"twitter_card":"summary_large_image","twitter_misc":{"Tiempo de lectura":"1 minuto"},"schema":{"@context":"https:\/\/schema.org","@graph":[{"@type":"WebPage","@id":"https:\/\/www.megaglass.com.mx\/blog\/contacto\/","url":"https:\/\/www.megaglass.com.mx\/blog\/contacto\/","name":"\u25b7\u3010 Contacto \u3011\u2713- Megaglass \u00ae","isPartOf":{"@id":"https:\/\/www.megaglass.com.mx\/blog\/#website"},"datePublished":"2020-08-24T02:50:56+00:00","dateModified":"2022-02-24T18:57:29+00:00","breadcrumb":{"@id":"https:\/\/www.megaglass.com.mx\/blog\/contacto\/#breadcrumb"},"inLanguage":"es","potentialAction":[{"@type":"ReadAction","target":["https:\/\/www.megaglass.com.mx\/blog\/contacto\/"]}]},{"@type":"BreadcrumbList","@id":"https:\/\/www.megaglass.com.mx\/blog\/contacto\/#breadcrumb","itemListElement":[{"@type":"ListItem","position":1,"name":"Portada","item":"https:\/\/www.megaglass.com.mx\/blog\/"},{"@type":"ListItem","position":2,"name":"Contacto"}]},{"@type":"WebSite","@id":"https:\/\/www.megaglass.com.mx\/blog\/#website","url":"https:\/\/www.megaglass.com.mx\/blog\/","name":"Megaglass","description":"vidrio de alto performance","potentialAction":[{"@type":"SearchAction","target":{"@type":"EntryPoint","urlTemplate":"https:\/\/www.megaglass.com.mx\/blog\/?s={search_term_string}"},"query-input":"required name=search_term_string"}],"inLanguage":"es"}]}},"_links":{"self":[{"href":"https:\/\/www.megaglass.com.mx\/blog\/wp-json\/wp\/v2\/pages\/1819","targetHints":{"allow":["GET"]}}],"collection":[{"href":"https:\/\/www.megaglass.com.mx\/blog\/wp-json\/wp\/v2\/pages"}],"about":[{"href":"https:\/\/www.megaglass.com.mx\/blog\/wp-json\/wp\/v2\/types\/page"}],"author":[{"embeddable":true,"href":"https:\/\/www.megaglass.com.mx\/blog\/wp-json\/wp\/v2\/users\/1"}],"replies":[{"embeddable":true,"href":"https:\/\/www.megaglass.com.mx\/blog\/wp-json\/wp\/v2\/comments?post=1819"}],"version-history":[{"count":49,"href":"https:\/\/www.megaglass.com.mx\/blog\/wp-json\/wp\/v2\/pages\/1819\/revisions"}],"predecessor-version":[{"id":3448,"href":"https:\/\/www.megaglass.com.mx\/blog\/wp-json\/wp\/v2\/pages\/1819\/revisions\/3448"}],"wp:attachment":[{"href":"https:\/\/www.megaglass.com.mx\/blog\/wp-json\/wp\/v2\/media?parent=1819"}],"wp:term":[{"taxonomy":"interlinks","embeddable":true,"href":"https:\/\/www.megaglass.com.mx\/blog\/wp-json\/wp\/v2\/interlinks?post=1819"}],"curies":[{"name":"wp","href":"https:\/\/api.w.org\/{rel}","templated":true}]}}