{"id":1818,"date":"2020-08-24T02:50:56","date_gmt":"2020-08-24T02:50:56","guid":{"rendered":"https:\/\/www.megaglass.com.mx\/blog\/projects\/"},"modified":"2026-04-02T10:24:27","modified_gmt":"2026-04-02T16:24:27","slug":"asesoria-cotizacion","status":"publish","type":"page","link":"https:\/\/www.megaglass.com.mx\/blog\/asesoria-cotizacion\/","title":{"rendered":"Cotizaci\u00f3n"},"content":{"rendered":"\n<div class=\"wp-block-cover is-light has-parallax alignfull\" style=\"min-height:450px;aspect-ratio:unset;\"><div class=\"wp-block-cover__image-background wp-image-2079 has-parallax\" style=\"background-position:50% 50%;background-image:url(https:\/\/www.megaglass.com.mx\/blog\/wp-content\/uploads\/2021\/01\/fachadas_flotantes.jpg)\"><\/div><span aria-hidden=\"true\" class=\"wp-block-cover__background has-background-dim-80 has-background-dim\" style=\"background-color:#001f5b\"><\/span><div class=\"wp-block-cover__inner-container is-layout-flow wp-block-cover-is-layout-flow\">\n<h2 class=\"wp-block-heading\"><mark class=\"has-inline-color has-white-color\">Tu Gran Proyecto Comienza Aqu\u00ed<\/mark><\/h2>\n<\/div><\/div>\n\n\n\n<div class=\"wp-block-columns is-layout-flex wp-container-core-columns-is-layout-9d6595d7 wp-block-columns-is-layout-flex\">\n<div class=\"wp-block-column is-layout-flow wp-block-column-is-layout-flow\">\n<h2 class=\"wp-block-heading has-text-align-center\">Asesor\u00eda\/Cotizaci\u00f3n<\/h2>\n\n\n\n\n\n  hbspt.forms.create({\n\tregion: \u00abna1\u00bb,\n\tportalId: \u00ab5417939\u00bb,\n\tformId: \u00ab4b67fde5-4702-4598-b9e0-0cb2a319a5e5\u00bb\n});\n\n\n\n\n<p><\/p>\n<\/div>\n\n\n\n<div class=\"wp-block-column is-layout-flow wp-block-column-is-layout-flow\">\n<h2 class=\"wp-block-heading has-text-align-center\">M\u00e1s de 20 de experiencia<\/h2>\n\n\n\n\n\n<p>No importa si tus necesidades son comerciales o residenciales, tenemos el tipo correcto de vidrio para tu negocio u hogar, as\u00ed como su instalaci\u00f3n y asesor\u00eda<\/p>\n\n\n\n<p>Te ofrecemos cristal laminado, insulado, termoendurecido, templado, low-e, entre otros. Todo con el fin de solucionar tus problemas o de tus clientes.<\/p>\n\n\n\n<h3 class=\"wp-block-heading has-text-align-center h2-fake\">Realizamos env\u00edos al extranjero<\/h3>\n\n\n\n<h2 class=\"wp-block-heading has-text-align-center\">Nos especializamos en<\/h2>\n\n\n\n<div class=\"wp-block-columns is-layout-flex wp-container-core-columns-is-layout-9d6595d7 wp-block-columns-is-layout-flex\">\n<div class=\"wp-block-column is-layout-flow wp-block-column-is-layout-flow\">\n<h5 class=\"has-text-align-center wp-block-heading\">Dise\u00f1o Arquitect\u00f3nico\u200b<\/h5>\n\n\n\n<p class=\"has-text-align-center\">Desde la propuesta inicial hasta el render final para tu proyecto.<\/p>\n\n\n\n<h5 class=\"has-text-align-center wp-block-heading\">Dise\u00f1o de Fachadas<\/h5>\n\n\n\n<p class=\"has-text-align-center\">Consigue el vidrio que refleje los valores de cada obra.<\/p>\n\n\n\n<h5 class=\"has-text-align-center wp-block-heading\">Instalaci\u00f3n del Cristal<\/h5>\n\n\n\n<p class=\"has-text-align-center\">Ofrece a tus clientes mayor velocidad en la construcci\u00f3n de su obra.<\/p>\n<\/div>\n\n\n\n<div class=\"wp-block-column is-layout-flow wp-block-column-is-layout-flow\">\n<h5 class=\"has-text-align-center wp-block-heading\">Suministro de Cristal<\/h5>\n\n\n\n<p class=\"has-text-align-center\">Para que dispongas de una amplia variedad de vidrios.<\/p>\n\n\n\n<h5 class=\"has-text-align-center wp-block-heading\">C\u00e1lculos y Especificaciones<\/h5>\n\n\n\n<p class=\"has-text-align-center\">Olv\u00eddate de preocupaciones por realizar un estudio a profundidad.<\/p>\n\n\n\n<h5 class=\"has-text-align-center wp-block-heading\">An\u00e1lisis Estructural<\/h5>\n\n\n\n<p class=\"has-text-align-center\">Para que logres una integraci\u00f3n del vidrio de forma est\u00e9tica y funcional.<\/p>\n<\/div>\n<\/div>\n<\/div>\n<\/div>\n\n\n\n<div class=\"wp-block-columns alignfull has-white-background-color has-background is-layout-flex wp-container-core-columns-is-layout-9d6595d7 wp-block-columns-is-layout-flex\">\n<div class=\"wp-block-column is-layout-flow wp-block-column-is-layout-flow\">\n<h2 class=\"has-text-align-center has-text-color wp-block-heading\" style=\"color:#001f5b;font-size:50px\">5497<\/h2>\n\n\n\n<p class=\"has-text-align-center\">Clientes Satisfechos<\/p>\n<\/div>\n\n\n\n<div class=\"wp-block-column is-layout-flow wp-block-column-is-layout-flow\">\n<h2 class=\"has-text-align-center has-text-color wp-block-heading\" style=\"color:#001f5b;font-size:50px\">2693<\/h2>\n\n\n\n<p class=\"has-text-align-center\">Proyectos Realizados<\/p>\n<\/div>\n\n\n\n<div class=\"wp-block-column is-layout-flow wp-block-column-is-layout-flow\">\n<h2 class=\"has-text-align-center has-text-color wp-block-heading\" style=\"color:#001f5b;font-size:50px\">3567<\/h2>\n\n\n\n<p class=\"has-text-align-center\">Instalaciones Hechas<\/p>\n<\/div>\n<\/div>\n\n\n\n<p><\/p>\n","protected":false},"excerpt":{"rendered":"<p>Asesor\u00eda\/Cotizaci\u00f3n hbspt.forms.create({ region: \u00abna1\u00bb, portalId: \u00ab5417939\u00bb, formId: \u00ab4b67fde5-4702-4598-b9e0-0cb2a319a5e5\u00bb }); M\u00e1s de 20 de experiencia No importa si tus necesidades son comerciales o residenciales, tenemos el tipo correcto de vidrio para tu negocio u hogar, as\u00ed como su instalaci\u00f3n y asesor\u00eda Te ofrecemos cristal laminado, insulado, termoendurecido, templado, low-e, entre otros. Todo con el fin de &hellip;<\/p>\n<p class=\"read-more\"> <a class=\"\" href=\"https:\/\/www.megaglass.com.mx\/blog\/asesoria-cotizacion\/\"> <span class=\"screen-reader-text\">Cotizaci\u00f3n<\/span> Leer m\u00e1s &raquo;<\/a><\/p>\n","protected":false},"author":1,"featured_media":0,"parent":0,"menu_order":0,"comment_status":"closed","ping_status":"closed","template":"","meta":{"search_volume":0,"footnotes":""},"interlinks":[],"class_list":["post-1818","page","type-page","status-publish","hentry"],"yoast_head":"<!-- This site is optimized with the Yoast SEO plugin v19.5.1 - https:\/\/yoast.com\/wordpress\/plugins\/seo\/ -->\n<title>\u25b7\u3010 Cotizaci\u00f3n \u3011\u2713- Megaglass \u00ae<\/title>\n<meta name=\"robots\" content=\"index, follow, max-snippet:-1, max-image-preview:large, max-video-preview:-1\" \/>\n<link rel=\"canonical\" href=\"https:\/\/www.megaglass.com.mx\/blog\/asesoria-cotizacion\/\" \/>\n<meta property=\"og:locale\" content=\"es_ES\" \/>\n<meta property=\"og:type\" content=\"article\" \/>\n<meta property=\"og:title\" content=\"\u25b7\u3010 Cotizaci\u00f3n \u3011\u2713- Megaglass \u00ae\" \/>\n<meta property=\"og:description\" content=\"Asesor\u00eda\/Cotizaci\u00f3n hbspt.forms.create({ region: \u00abna1\u00bb, portalId: \u00ab5417939\u00bb, formId: \u00ab4b67fde5-4702-4598-b9e0-0cb2a319a5e5\u00bb }); M\u00e1s de 20 de experiencia No importa si tus necesidades son comerciales o residenciales, tenemos el tipo correcto de vidrio para tu negocio u hogar, as\u00ed como su instalaci\u00f3n y asesor\u00eda Te ofrecemos cristal laminado, insulado, termoendurecido, templado, low-e, entre otros. Todo con el fin de &hellip; Cotizaci\u00f3n Leer m\u00e1s &raquo;\" \/>\n<meta property=\"og:url\" content=\"https:\/\/www.megaglass.com.mx\/blog\/asesoria-cotizacion\/\" \/>\n<meta property=\"og:site_name\" content=\"Megaglass\" \/>\n<meta property=\"article:modified_time\" content=\"2026-04-02T16:24:27+00:00\" \/>\n<meta name=\"twitter:card\" content=\"summary_large_image\" \/>\n<meta name=\"twitter:label1\" content=\"Tiempo de lectura\" \/>\n\t<meta name=\"twitter:data1\" content=\"1 minuto\" \/>\n<script type=\"application\/ld+json\" class=\"yoast-schema-graph\">{\"@context\":\"https:\/\/schema.org\",\"@graph\":[{\"@type\":\"WebPage\",\"@id\":\"https:\/\/www.megaglass.com.mx\/blog\/asesoria-cotizacion\/\",\"url\":\"https:\/\/www.megaglass.com.mx\/blog\/asesoria-cotizacion\/\",\"name\":\"\u25b7\u3010 Cotizaci\u00f3n \u3011\u2713- Megaglass \u00ae\",\"isPartOf\":{\"@id\":\"https:\/\/www.megaglass.com.mx\/blog\/#website\"},\"datePublished\":\"2020-08-24T02:50:56+00:00\",\"dateModified\":\"2026-04-02T16:24:27+00:00\",\"breadcrumb\":{\"@id\":\"https:\/\/www.megaglass.com.mx\/blog\/asesoria-cotizacion\/#breadcrumb\"},\"inLanguage\":\"es\",\"potentialAction\":[{\"@type\":\"ReadAction\",\"target\":[\"https:\/\/www.megaglass.com.mx\/blog\/asesoria-cotizacion\/\"]}]},{\"@type\":\"BreadcrumbList\",\"@id\":\"https:\/\/www.megaglass.com.mx\/blog\/asesoria-cotizacion\/#breadcrumb\",\"itemListElement\":[{\"@type\":\"ListItem\",\"position\":1,\"name\":\"Portada\",\"item\":\"https:\/\/www.megaglass.com.mx\/blog\/\"},{\"@type\":\"ListItem\",\"position\":2,\"name\":\"Cotizaci\u00f3n\"}]},{\"@type\":\"WebSite\",\"@id\":\"https:\/\/www.megaglass.com.mx\/blog\/#website\",\"url\":\"https:\/\/www.megaglass.com.mx\/blog\/\",\"name\":\"Megaglass\",\"description\":\"vidrio de alto performance\",\"potentialAction\":[{\"@type\":\"SearchAction\",\"target\":{\"@type\":\"EntryPoint\",\"urlTemplate\":\"https:\/\/www.megaglass.com.mx\/blog\/?s={search_term_string}\"},\"query-input\":\"required name=search_term_string\"}],\"inLanguage\":\"es\"}]}<\/script>\n<!-- \/ Yoast SEO plugin. -->","yoast_head_json":{"title":"\u25b7\u3010 Cotizaci\u00f3n \u3011\u2713- Megaglass \u00ae","robots":{"index":"index","follow":"follow","max-snippet":"max-snippet:-1","max-image-preview":"max-image-preview:large","max-video-preview":"max-video-preview:-1"},"canonical":"https:\/\/www.megaglass.com.mx\/blog\/asesoria-cotizacion\/","og_locale":"es_ES","og_type":"article","og_title":"\u25b7\u3010 Cotizaci\u00f3n \u3011\u2713- Megaglass \u00ae","og_description":"Asesor\u00eda\/Cotizaci\u00f3n hbspt.forms.create({ region: \u00abna1\u00bb, portalId: \u00ab5417939\u00bb, formId: \u00ab4b67fde5-4702-4598-b9e0-0cb2a319a5e5\u00bb }); M\u00e1s de 20 de experiencia No importa si tus necesidades son comerciales o residenciales, tenemos el tipo correcto de vidrio para tu negocio u hogar, as\u00ed como su instalaci\u00f3n y asesor\u00eda Te ofrecemos cristal laminado, insulado, termoendurecido, templado, low-e, entre otros. Todo con el fin de &hellip; Cotizaci\u00f3n Leer m\u00e1s &raquo;","og_url":"https:\/\/www.megaglass.com.mx\/blog\/asesoria-cotizacion\/","og_site_name":"Megaglass","article_modified_time":"2026-04-02T16:24:27+00:00","twitter_card":"summary_large_image","twitter_misc":{"Tiempo de lectura":"1 minuto"},"schema":{"@context":"https:\/\/schema.org","@graph":[{"@type":"WebPage","@id":"https:\/\/www.megaglass.com.mx\/blog\/asesoria-cotizacion\/","url":"https:\/\/www.megaglass.com.mx\/blog\/asesoria-cotizacion\/","name":"\u25b7\u3010 Cotizaci\u00f3n \u3011\u2713- Megaglass \u00ae","isPartOf":{"@id":"https:\/\/www.megaglass.com.mx\/blog\/#website"},"datePublished":"2020-08-24T02:50:56+00:00","dateModified":"2026-04-02T16:24:27+00:00","breadcrumb":{"@id":"https:\/\/www.megaglass.com.mx\/blog\/asesoria-cotizacion\/#breadcrumb"},"inLanguage":"es","potentialAction":[{"@type":"ReadAction","target":["https:\/\/www.megaglass.com.mx\/blog\/asesoria-cotizacion\/"]}]},{"@type":"BreadcrumbList","@id":"https:\/\/www.megaglass.com.mx\/blog\/asesoria-cotizacion\/#breadcrumb","itemListElement":[{"@type":"ListItem","position":1,"name":"Portada","item":"https:\/\/www.megaglass.com.mx\/blog\/"},{"@type":"ListItem","position":2,"name":"Cotizaci\u00f3n"}]},{"@type":"WebSite","@id":"https:\/\/www.megaglass.com.mx\/blog\/#website","url":"https:\/\/www.megaglass.com.mx\/blog\/","name":"Megaglass","description":"vidrio de alto performance","potentialAction":[{"@type":"SearchAction","target":{"@type":"EntryPoint","urlTemplate":"https:\/\/www.megaglass.com.mx\/blog\/?s={search_term_string}"},"query-input":"required name=search_term_string"}],"inLanguage":"es"}]}},"_links":{"self":[{"href":"https:\/\/www.megaglass.com.mx\/blog\/wp-json\/wp\/v2\/pages\/1818","targetHints":{"allow":["GET"]}}],"collection":[{"href":"https:\/\/www.megaglass.com.mx\/blog\/wp-json\/wp\/v2\/pages"}],"about":[{"href":"https:\/\/www.megaglass.com.mx\/blog\/wp-json\/wp\/v2\/types\/page"}],"author":[{"embeddable":true,"href":"https:\/\/www.megaglass.com.mx\/blog\/wp-json\/wp\/v2\/users\/1"}],"replies":[{"embeddable":true,"href":"https:\/\/www.megaglass.com.mx\/blog\/wp-json\/wp\/v2\/comments?post=1818"}],"version-history":[{"count":34,"href":"https:\/\/www.megaglass.com.mx\/blog\/wp-json\/wp\/v2\/pages\/1818\/revisions"}],"predecessor-version":[{"id":3563,"href":"https:\/\/www.megaglass.com.mx\/blog\/wp-json\/wp\/v2\/pages\/1818\/revisions\/3563"}],"wp:attachment":[{"href":"https:\/\/www.megaglass.com.mx\/blog\/wp-json\/wp\/v2\/media?parent=1818"}],"wp:term":[{"taxonomy":"interlinks","embeddable":true,"href":"https:\/\/www.megaglass.com.mx\/blog\/wp-json\/wp\/v2\/interlinks?post=1818"}],"curies":[{"name":"wp","href":"https:\/\/api.w.org\/{rel}","templated":true}]}}